{"id":12920,"date":"2026-02-27T00:15:51","date_gmt":"2026-02-27T00:15:51","guid":{"rendered":"https:\/\/nordicmart.andreevmaster.com\/product\/songmics-klockask-for-8-klockor-med-spegel\/"},"modified":"2026-02-27T08:09:33","modified_gmt":"2026-02-27T08:09:33","slug":"songmics-klockask-for-8-klockor-med-spegel","status":"publish","type":"product","link":"https:\/\/nordicmart.andreevmaster.com\/sv\/produkt\/songmics-klockask-for-8-klockor-med-spegel\/","title":{"rendered":"SONGMICS klockask f\u00f6r 8 klockor med spegel"},"content":{"rendered":"<p>Denna eleganta f\u00f6rvaringsbox fr\u00e5n Songmics \u00e4r snyggt tillverkad och l\u00e4tt att reng\u00f6ra och ett m\u00e5ste f\u00f6r alla klock\u00e4lskare! Produktdetaljer: &#8211; Material: Yta: konstl\u00e4der\uff1bRam: fiberplatta med medelh\u00f6g densitet\uff1bInre: sammet &#8211; F\u00e4rg: svart (utsida) &#8211; M\u00e5tt: 33,3 x 9,5 x 19,3 cm (B x H x D) &#8211; M\u00e5tt klockkudde: 4,5 x 7,5 x 4 cm &#8211; Fackm\u00e5tt: 9 x 4,5 cm &#8211; Nettovikt: 1,4 kg Leveransomfattning: &#8211; 1x smyckeskrin (utan smycken) &#8211; 2x nycklar F\u00f6rvaring och sk\u00f6tsel: &#8211; F\u00f6rvara smyckeskrinet i ett ventilerat rum och undvik att l\u00e4mna det i solen eller i ett rum med h\u00f6g luftfuktighet under l\u00e4ngre tid. L\u00e4mplig temperatur: 10-40 \u2103. &#8211; Fl\u00e4ckar p\u00e5 ytan kan torkas bort med en l\u00e4tt fuktad trasa. Undvik att vatten tr\u00e4nger in i smyckeskrinet. &#8211; Anv\u00e4nd regelbundet ett speciellt v\u00e5rdmedel f\u00f6r l\u00e4der f\u00f6r att bevara l\u00e4drets glans under l\u00e5ng tid. &#8211; Skydda smyckeskrinet fr\u00e5n att bli krossat vid f\u00f6rvaring. &#8211; F\u00f6rvara inte smyckeskrinet tillsammans med kemikalier. <\/p>\n","protected":false},"excerpt":{"rendered":"<p>SONGMICS klockv\u00e4ska med spegelkrok svart 8 klockor JWB41B<\/p>\n","protected":false},"featured_media":41112,"comment_status":"open","ping_status":"closed","template":"","meta":[],"product_brand":[],"product_cat":[33],"product_tag":[],"class_list":{"0":"post-12920","1":"product","2":"type-product","3":"status-publish","4":"has-post-thumbnail","6":"product_cat-okategoriserad","8":"first","9":"instock","10":"shipping-taxable","11":"purchasable","12":"product-type-simple"},"_links":{"self":[{"href":"https:\/\/nordicmart.andreevmaster.com\/sv\/wp-json\/wp\/v2\/product\/12920","targetHints":{"allow":["GET"]}}],"collection":[{"href":"https:\/\/nordicmart.andreevmaster.com\/sv\/wp-json\/wp\/v2\/product"}],"about":[{"href":"https:\/\/nordicmart.andreevmaster.com\/sv\/wp-json\/wp\/v2\/types\/product"}],"replies":[{"embeddable":true,"href":"https:\/\/nordicmart.andreevmaster.com\/sv\/wp-json\/wp\/v2\/comments?post=12920"}],"wp:featuredmedia":[{"embeddable":true,"href":"https:\/\/nordicmart.andreevmaster.com\/sv\/wp-json\/wp\/v2\/media\/41112"}],"wp:attachment":[{"href":"https:\/\/nordicmart.andreevmaster.com\/sv\/wp-json\/wp\/v2\/media?parent=12920"}],"wp:term":[{"taxonomy":"product_brand","embeddable":true,"href":"https:\/\/nordicmart.andreevmaster.com\/sv\/wp-json\/wp\/v2\/product_brand?post=12920"},{"taxonomy":"product_cat","embeddable":true,"href":"https:\/\/nordicmart.andreevmaster.com\/sv\/wp-json\/wp\/v2\/product_cat?post=12920"},{"taxonomy":"product_tag","embeddable":true,"href":"https:\/\/nordicmart.andreevmaster.com\/sv\/wp-json\/wp\/v2\/product_tag?post=12920"}],"curies":[{"name":"wp","href":"https:\/\/api.w.org\/{rel}","templated":true}]}}