{"id":12919,"date":"2026-02-27T00:15:51","date_gmt":"2026-02-27T00:15:51","guid":{"rendered":"https:\/\/nordicmart.andreevmaster.com\/product\/songmics-klockbox-for-12-klockor-svart\/"},"modified":"2026-02-27T08:09:32","modified_gmt":"2026-02-27T08:09:32","slug":"songmics-klockbox-for-12-klockor-svart","status":"publish","type":"product","link":"https:\/\/nordicmart.andreevmaster.com\/sv\/produkt\/songmics-klockbox-for-12-klockor-svart\/","title":{"rendered":"SONGMICS klockbox f\u00f6r 12 klockor Svart"},"content":{"rendered":"<p>En fantastisk l\u00e5da f\u00f6r klocksamlare: Sluta leta efter den perfekta klockl\u00e5dan. Du har redan hittat den! Med sitt eleganta utseende och praktiska funktioner h\u00e5ller denna klockl\u00e5da fr\u00e5n SONGMICS dina klockor snyggt och \u00f6versk\u00e5dligt presenterade. Mindre \u00e4r mer: J\u00e4mf\u00f6rt med klockl\u00e5dor i starka f\u00e4rger ser denna klockl\u00e5da diskret men \u00e4nd\u00e5 elegant ut, med en optimal kombination av klassiskt svart och marmorerat PU-\u00f6verdrag. Om du \u00e4r en DIY-entusiast kan du ocks\u00e5 dekorera denna enkla l\u00e5da efter dina egna kreativa id\u00e9er. Stora klockor f\u00e5r ocks\u00e5 plats: Med 12 fack (52 x 52 mm) uppfyller denna klockl\u00e5da olika behov hos klocksamlare. Alla typer av klockor, oavsett om det \u00e4r stora sport- och milit\u00e4rklockor eller sm\u00e5 damklockor, har nu f\u00e5tt ett eget hem.Tveka inte en minut till och klicka p\u00e5 &#8221;L\u00e4gg i varukorgen&#8221; nu! Produktdetaljer: F\u00e4rg: svart Material: MDF-skivor, PU-kl\u00e4dsel, glaslock M\u00e5tt: 36,2 x 9 x 21,3 cm (B x H x D) Vikt: 2 kg Leveransomfattning: 1 x klockbox<\/p>\n","protected":false},"excerpt":{"rendered":"<p>SONGMICS klockbox med 12 fack, stor klockl\u00e5da med glaslock, med PU-\u00f6verdrag, sammetfoder, metallsp\u00e4nne, perfekt present till n\u00e4ra och k\u00e4ra, 36,2 x 9 x 21,3 cm, svart, JWB302H<\/p>\n","protected":false},"featured_media":41111,"comment_status":"open","ping_status":"closed","template":"","meta":[],"product_brand":[],"product_cat":[33],"product_tag":[],"class_list":{"0":"post-12919","1":"product","2":"type-product","3":"status-publish","4":"has-post-thumbnail","6":"product_cat-okategoriserad","8":"first","9":"instock","10":"shipping-taxable","11":"purchasable","12":"product-type-simple"},"_links":{"self":[{"href":"https:\/\/nordicmart.andreevmaster.com\/sv\/wp-json\/wp\/v2\/product\/12919","targetHints":{"allow":["GET"]}}],"collection":[{"href":"https:\/\/nordicmart.andreevmaster.com\/sv\/wp-json\/wp\/v2\/product"}],"about":[{"href":"https:\/\/nordicmart.andreevmaster.com\/sv\/wp-json\/wp\/v2\/types\/product"}],"replies":[{"embeddable":true,"href":"https:\/\/nordicmart.andreevmaster.com\/sv\/wp-json\/wp\/v2\/comments?post=12919"}],"wp:featuredmedia":[{"embeddable":true,"href":"https:\/\/nordicmart.andreevmaster.com\/sv\/wp-json\/wp\/v2\/media\/41111"}],"wp:attachment":[{"href":"https:\/\/nordicmart.andreevmaster.com\/sv\/wp-json\/wp\/v2\/media?parent=12919"}],"wp:term":[{"taxonomy":"product_brand","embeddable":true,"href":"https:\/\/nordicmart.andreevmaster.com\/sv\/wp-json\/wp\/v2\/product_brand?post=12919"},{"taxonomy":"product_cat","embeddable":true,"href":"https:\/\/nordicmart.andreevmaster.com\/sv\/wp-json\/wp\/v2\/product_cat?post=12919"},{"taxonomy":"product_tag","embeddable":true,"href":"https:\/\/nordicmart.andreevmaster.com\/sv\/wp-json\/wp\/v2\/product_tag?post=12919"}],"curies":[{"name":"wp","href":"https:\/\/api.w.org\/{rel}","templated":true}]}}