{"id":12918,"date":"2026-02-27T00:15:50","date_gmt":"2026-02-27T00:15:50","guid":{"rendered":"https:\/\/nordicmart.andreevmaster.com\/product\/songmics-klockbox-for-20-klockor-med-lada\/"},"modified":"2026-02-27T08:09:32","modified_gmt":"2026-02-27T08:09:32","slug":"songmics-klockbox-for-20-klockor-med-lada","status":"publish","type":"product","link":"https:\/\/nordicmart.andreevmaster.com\/sv\/produkt\/songmics-klockbox-for-20-klockor-med-lada\/","title":{"rendered":"SONGMICS klockbox f\u00f6r 20 klockor med l\u00e5da"},"content":{"rendered":"<p>Produktdetaljer:- Material: PU + medeldensitetsfiberplatta (MDF) + glas &#8211; Produktm\u00e5tt: 28 x 15 x 20 cm (B x H x D) &#8211; Fackstorlek: 4,5 x 9 cm &#8211; Kuddem\u00e5tt: 4,5 x 7,5 x 4 cm &#8211; Nettovikt: 2,58 kg &#8211; F\u00e4rg: svart Leveransomfattning:- 1 x klockbox &#8211; 2 x nycklar F\u00f6rvaring och sk\u00f6tsel:- Placera klockboxen i ett ventilerat rum och undvik att l\u00e4mna boxen i solen eller i ett rum med h\u00f6g luftfuktighet under l\u00e4ngre tid. L\u00e4mplig temperatur: 10-40 \u2103 &#8211; Fl\u00e4ckar p\u00e5 ytan kan torkas bort med en l\u00e4tt fuktad trasa. Undvik att vatten tr\u00e4nger in i klockboxen.- Anv\u00e4nd regelbundet det speciella sk\u00f6tselmedlet f\u00f6r konstl\u00e4der f\u00f6r att bevara konstl\u00e4drets glans under l\u00e5ng tid. &#8211; Skydda klockboxen fr\u00e5n att krossas vid f\u00f6rvaring. &#8211; F\u00f6rvara inte klockboxen tillsammans med kemikalier.<\/p>\n","protected":false},"excerpt":{"rendered":"<p>SONGMICS klockv\u00e4ska, klockl\u00e5da, f\u00f6r presentation av 20 klockor JWB301<\/p>\n","protected":false},"featured_media":41110,"comment_status":"open","ping_status":"closed","template":"","meta":[],"product_brand":[],"product_cat":[33],"product_tag":[],"class_list":{"0":"post-12918","1":"product","2":"type-product","3":"status-publish","4":"has-post-thumbnail","6":"product_cat-okategoriserad","8":"first","9":"instock","10":"shipping-taxable","11":"purchasable","12":"product-type-simple"},"_links":{"self":[{"href":"https:\/\/nordicmart.andreevmaster.com\/sv\/wp-json\/wp\/v2\/product\/12918","targetHints":{"allow":["GET"]}}],"collection":[{"href":"https:\/\/nordicmart.andreevmaster.com\/sv\/wp-json\/wp\/v2\/product"}],"about":[{"href":"https:\/\/nordicmart.andreevmaster.com\/sv\/wp-json\/wp\/v2\/types\/product"}],"replies":[{"embeddable":true,"href":"https:\/\/nordicmart.andreevmaster.com\/sv\/wp-json\/wp\/v2\/comments?post=12918"}],"wp:featuredmedia":[{"embeddable":true,"href":"https:\/\/nordicmart.andreevmaster.com\/sv\/wp-json\/wp\/v2\/media\/41110"}],"wp:attachment":[{"href":"https:\/\/nordicmart.andreevmaster.com\/sv\/wp-json\/wp\/v2\/media?parent=12918"}],"wp:term":[{"taxonomy":"product_brand","embeddable":true,"href":"https:\/\/nordicmart.andreevmaster.com\/sv\/wp-json\/wp\/v2\/product_brand?post=12918"},{"taxonomy":"product_cat","embeddable":true,"href":"https:\/\/nordicmart.andreevmaster.com\/sv\/wp-json\/wp\/v2\/product_cat?post=12918"},{"taxonomy":"product_tag","embeddable":true,"href":"https:\/\/nordicmart.andreevmaster.com\/sv\/wp-json\/wp\/v2\/product_tag?post=12918"}],"curies":[{"name":"wp","href":"https:\/\/api.w.org\/{rel}","templated":true}]}}