{"id":12917,"date":"2026-02-27T00:15:50","date_gmt":"2026-02-27T00:15:50","guid":{"rendered":"https:\/\/nordicmart.andreevmaster.com\/product\/songmics-vit-klockbox-for-12-klockor\/"},"modified":"2026-02-27T08:09:32","modified_gmt":"2026-02-27T08:09:32","slug":"songmics-vit-klockbox-for-12-klockor","status":"publish","type":"product","link":"https:\/\/nordicmart.andreevmaster.com\/sv\/produkt\/songmics-vit-klockbox-for-12-klockor\/","title":{"rendered":"SONGMICS Vit klockbox  f\u00f6r 12 klockor"},"content":{"rendered":"<p>Klockbox \u2013 ett elegant skydd f\u00f6r din klocksamling, en riktig blickf\u00e5ngare i alla moderna hem! L\u00e4ttsk\u00f6tt: Klockboxen med glasruta ser snygg ut. Fl\u00e4ckar p\u00e5 ytan kan enkelt torkas bort med en l\u00e4tt fuktad trasa. Denna eleganta f\u00f6rvaringsbox fr\u00e5n Songmics \u00e4r snyggt tillverkad och l\u00e4tt att reng\u00f6ra och ett m\u00e5ste f\u00f6r alla klock\u00e4lskare! Produktdetaljer: Produktm\u00e5tt: 32,5 x 19 x 8,5 cm F\u00f6rpackningsm\u00e5tt: 37 x 24 x 13,5 cm Fackstorlek: 4,5 x 9 cm ca. 12 kuddar (vardera 4,5 x 7,5 x 4 cm) Nettovikt: 1,6 kg Leveransomfattning: 1 x url\u00e5da 2 x nycklar<\/p>\n","protected":false},"excerpt":{"rendered":"<p>SONGMICS klockbox f\u00f6r 12 klockor Klockl\u00e5da Vit JWB202<\/p>\n","protected":false},"featured_media":41109,"comment_status":"open","ping_status":"closed","template":"","meta":[],"product_brand":[],"product_cat":[33],"product_tag":[],"class_list":{"0":"post-12917","1":"product","2":"type-product","3":"status-publish","4":"has-post-thumbnail","6":"product_cat-okategoriserad","8":"first","9":"instock","10":"shipping-taxable","11":"purchasable","12":"product-type-simple"},"_links":{"self":[{"href":"https:\/\/nordicmart.andreevmaster.com\/sv\/wp-json\/wp\/v2\/product\/12917","targetHints":{"allow":["GET"]}}],"collection":[{"href":"https:\/\/nordicmart.andreevmaster.com\/sv\/wp-json\/wp\/v2\/product"}],"about":[{"href":"https:\/\/nordicmart.andreevmaster.com\/sv\/wp-json\/wp\/v2\/types\/product"}],"replies":[{"embeddable":true,"href":"https:\/\/nordicmart.andreevmaster.com\/sv\/wp-json\/wp\/v2\/comments?post=12917"}],"wp:featuredmedia":[{"embeddable":true,"href":"https:\/\/nordicmart.andreevmaster.com\/sv\/wp-json\/wp\/v2\/media\/41109"}],"wp:attachment":[{"href":"https:\/\/nordicmart.andreevmaster.com\/sv\/wp-json\/wp\/v2\/media?parent=12917"}],"wp:term":[{"taxonomy":"product_brand","embeddable":true,"href":"https:\/\/nordicmart.andreevmaster.com\/sv\/wp-json\/wp\/v2\/product_brand?post=12917"},{"taxonomy":"product_cat","embeddable":true,"href":"https:\/\/nordicmart.andreevmaster.com\/sv\/wp-json\/wp\/v2\/product_cat?post=12917"},{"taxonomy":"product_tag","embeddable":true,"href":"https:\/\/nordicmart.andreevmaster.com\/sv\/wp-json\/wp\/v2\/product_tag?post=12917"}],"curies":[{"name":"wp","href":"https:\/\/api.w.org\/{rel}","templated":true}]}}