{"id":12916,"date":"2026-02-27T00:15:50","date_gmt":"2026-02-27T00:15:50","guid":{"rendered":"https:\/\/nordicmart.andreevmaster.com\/product\/songmics-klockbox-for-20-klockor-vit\/"},"modified":"2026-02-27T08:09:32","modified_gmt":"2026-02-27T08:09:32","slug":"songmics-klockbox-for-20-klockor-vit","status":"publish","type":"product","link":"https:\/\/nordicmart.andreevmaster.com\/sv\/produkt\/songmics-klockbox-for-20-klockor-vit\/","title":{"rendered":"SONGMICS klockbox f\u00f6r 20 klockor, vit"},"content":{"rendered":"<p>Klockbox \u2013 ett elegant skydd f\u00f6r din klocksamling, ett riktigt blickf\u00e5ng i varje modern inredning! Klockboxen med ett f\u00f6nster av \u00e4kta glas erbjuder ett stilfullt och praktiskt s\u00e4tt att f\u00f6rvara dina klockor. Den h\u00f6ga kvaliteten p\u00e5 denna klockbox syns i de anv\u00e4nda materialen, den utm\u00e4rkta designen och det precisa och noggranna hantverket. Den ser inte bara bra ut, utan skyddar ocks\u00e5 dina v\u00e4rdefulla favoritf\u00f6rem\u00e5l fr\u00e5n damm och repor. Denna eleganta f\u00f6rvaringsbox fr\u00e5n Songmics \u00e4r snyggt tillverkad och l\u00e4tt att reng\u00f6ra och \u00e4r ett m\u00e5ste f\u00f6r alla klock\u00e4lskare. \ufeffProduktdetaljer:- Produktm\u00e5tt: 28,5 x 15 x 20,5 cm (B x H x D) &#8211; Fackstorlek: 4,5 x 9 cm &#8211; Kuddem\u00e5tt: 4,5 x 7,5 x 4 cm &#8211; Material: MDF + sammet + konstl\u00e4der + glas Leveransomfattning: &#8211; 1 x klockbox &#8211; 2 x nycklar F\u00f6rvaring och sk\u00f6tsel:- Placera klockboxen i ett ventilerat rum och undvik att l\u00e4mna boxen i solen eller i ett rum med h\u00f6g luftfuktighet under en l\u00e4ngre tid. L\u00e4mplig temperatur: 10-40 \u2103. &#8211; Fl\u00e4ckar p\u00e5 ytan kan torkas bort med en l\u00e4tt fuktad trasa. Undvik att vatten tr\u00e4nger in i klockboxen.- Anv\u00e4nd regelbundet ett speciellt v\u00e5rdmedel f\u00f6r l\u00e4der f\u00f6r att bevara l\u00e4drets glans under l\u00e5ng tid. &#8211; Skydda klockboxen fr\u00e5n att bli krossad vid f\u00f6rvaring. &#8211; F\u00f6rvara inte klockboxen tillsammans med kemikalier.<\/p>\n","protected":false},"excerpt":{"rendered":"<p>SONGMICS klockbox f\u00f6r 20 klockor, klockl\u00e5da, vit JWB201<\/p>\n","protected":false},"featured_media":41108,"comment_status":"open","ping_status":"closed","template":"","meta":[],"product_brand":[],"product_cat":[33],"product_tag":[],"class_list":{"0":"post-12916","1":"product","2":"type-product","3":"status-publish","4":"has-post-thumbnail","6":"product_cat-okategoriserad","8":"first","9":"instock","10":"shipping-taxable","11":"purchasable","12":"product-type-simple"},"_links":{"self":[{"href":"https:\/\/nordicmart.andreevmaster.com\/sv\/wp-json\/wp\/v2\/product\/12916","targetHints":{"allow":["GET"]}}],"collection":[{"href":"https:\/\/nordicmart.andreevmaster.com\/sv\/wp-json\/wp\/v2\/product"}],"about":[{"href":"https:\/\/nordicmart.andreevmaster.com\/sv\/wp-json\/wp\/v2\/types\/product"}],"replies":[{"embeddable":true,"href":"https:\/\/nordicmart.andreevmaster.com\/sv\/wp-json\/wp\/v2\/comments?post=12916"}],"wp:featuredmedia":[{"embeddable":true,"href":"https:\/\/nordicmart.andreevmaster.com\/sv\/wp-json\/wp\/v2\/media\/41108"}],"wp:attachment":[{"href":"https:\/\/nordicmart.andreevmaster.com\/sv\/wp-json\/wp\/v2\/media?parent=12916"}],"wp:term":[{"taxonomy":"product_brand","embeddable":true,"href":"https:\/\/nordicmart.andreevmaster.com\/sv\/wp-json\/wp\/v2\/product_brand?post=12916"},{"taxonomy":"product_cat","embeddable":true,"href":"https:\/\/nordicmart.andreevmaster.com\/sv\/wp-json\/wp\/v2\/product_cat?post=12916"},{"taxonomy":"product_tag","embeddable":true,"href":"https:\/\/nordicmart.andreevmaster.com\/sv\/wp-json\/wp\/v2\/product_tag?post=12916"}],"curies":[{"name":"wp","href":"https:\/\/api.w.org\/{rel}","templated":true}]}}