{"id":12915,"date":"2026-02-27T00:15:50","date_gmt":"2026-02-27T00:15:50","guid":{"rendered":"https:\/\/nordicmart.andreevmaster.com\/product\/songmics-elegant-klockbox-for-11-klockor\/"},"modified":"2026-02-27T08:09:32","modified_gmt":"2026-02-27T08:09:32","slug":"songmics-elegant-klockbox-for-11-klockor","status":"publish","type":"product","link":"https:\/\/nordicmart.andreevmaster.com\/sv\/produkt\/songmics-elegant-klockbox-for-11-klockor\/","title":{"rendered":"SONGMICS Elegant klockbox f\u00f6r 11 klockor"},"content":{"rendered":"<p>En elegant l\u00e5da f\u00f6r att visa upp dina favoritklockor Idag ska du tr\u00e4ffa v\u00e4nner. Innan du l\u00e4mnar hemmet uppt\u00e4cker du pl\u00f6tsligt att du inte hittar n\u00e5gon passande klocka och letar \u00f6verallt efter den, vilket tar mycket tid. I det h\u00e4r fallet \u00e4r en klockl\u00e5da en praktisk hj\u00e4lp f\u00f6r dig. Denna klockl\u00e5da fr\u00e5n SONGMICS uppfyller dina f\u00f6rvaringsbehov. Den \u00e4r tillverkad av MDF-skivor, kl\u00e4dd med elegant PU i svart, och innerfodret skyddar dina favoritklockor v\u00e4l. Dess stora kapacitet (30 x 8 x 20 cm B\/H\/D) \u00e4r en stor f\u00f6rdel, i 6 normala fack och 5 st\u00f6rre fack f\u00e5r alla dina klockor sin egen plats. T\u00e4nk inte f\u00f6r l\u00e4nge, sl\u00e5 till! Njut av denna klockl\u00e5da som visar k\u00e4rlek till detaljer! Produktdetaljer: F\u00e4rg: svart Material: MDF-skivor, PU, sammet, glas M\u00e5tt: 30 x 8 x 20 cm (B x H x D) Vikt: 1,2 kg Leveransomfattning: 1 x klockl\u00e5da SONGMICS Anm\u00e4rkningar: Uts\u00e4tt inte produkten f\u00f6r direkt solljus.H\u00e5ll produkten borta fr\u00e5n vassa f\u00f6rem\u00e5l f\u00f6r att undvika repor eller andra skador.<\/p>\n","protected":false},"excerpt":{"rendered":"<p>SONGMICS klockbox, klockask, f\u00f6rvaringsbox med stora fack, med PU-\u00f6verdrag, sammetfoder och glasf\u00f6nster, perfekt som present, svart JWB14BK<\/p>\n","protected":false},"featured_media":41107,"comment_status":"open","ping_status":"closed","template":"","meta":[],"product_brand":[],"product_cat":[33],"product_tag":[],"class_list":{"0":"post-12915","1":"product","2":"type-product","3":"status-publish","4":"has-post-thumbnail","6":"product_cat-okategoriserad","8":"first","9":"instock","10":"shipping-taxable","11":"purchasable","12":"product-type-simple"},"_links":{"self":[{"href":"https:\/\/nordicmart.andreevmaster.com\/sv\/wp-json\/wp\/v2\/product\/12915","targetHints":{"allow":["GET"]}}],"collection":[{"href":"https:\/\/nordicmart.andreevmaster.com\/sv\/wp-json\/wp\/v2\/product"}],"about":[{"href":"https:\/\/nordicmart.andreevmaster.com\/sv\/wp-json\/wp\/v2\/types\/product"}],"replies":[{"embeddable":true,"href":"https:\/\/nordicmart.andreevmaster.com\/sv\/wp-json\/wp\/v2\/comments?post=12915"}],"wp:featuredmedia":[{"embeddable":true,"href":"https:\/\/nordicmart.andreevmaster.com\/sv\/wp-json\/wp\/v2\/media\/41107"}],"wp:attachment":[{"href":"https:\/\/nordicmart.andreevmaster.com\/sv\/wp-json\/wp\/v2\/media?parent=12915"}],"wp:term":[{"taxonomy":"product_brand","embeddable":true,"href":"https:\/\/nordicmart.andreevmaster.com\/sv\/wp-json\/wp\/v2\/product_brand?post=12915"},{"taxonomy":"product_cat","embeddable":true,"href":"https:\/\/nordicmart.andreevmaster.com\/sv\/wp-json\/wp\/v2\/product_cat?post=12915"},{"taxonomy":"product_tag","embeddable":true,"href":"https:\/\/nordicmart.andreevmaster.com\/sv\/wp-json\/wp\/v2\/product_tag?post=12915"}],"curies":[{"name":"wp","href":"https:\/\/api.w.org\/{rel}","templated":true}]}}