{"id":12914,"date":"2026-02-27T00:15:49","date_gmt":"2026-02-27T00:15:49","guid":{"rendered":"https:\/\/nordicmart.andreevmaster.com\/product\/songmics-klockbox-med-glaslock\/"},"modified":"2026-02-27T08:09:32","modified_gmt":"2026-02-27T08:09:32","slug":"songmics-klockbox-med-glaslock","status":"publish","type":"product","link":"https:\/\/nordicmart.andreevmaster.com\/sv\/produkt\/songmics-klockbox-med-glaslock\/","title":{"rendered":"SONGMICS klockbox med glaslock"},"content":{"rendered":"<p>En f\u00f6r formella kl\u00e4der, en f\u00f6r fritidskl\u00e4der&#8230;: M\u00e5nga m\u00e4nniskor \u00e4ger flera klockor som passar till olika tillf\u00e4llen. Med denna klockbox erbjuder SONGMICS ett bekv\u00e4mt hem f\u00f6r hela din klocksamling. Avtagbara klockkuddar Klockkuddarna passar perfekt i boxens fack, s\u00e5 att dina klockor alltid ligger p\u00e5 plats utan att r\u00f6ra sig och d\u00e4rmed skadas av st\u00f6tar. Utan kuddar f\u00f6rvandlas denna box till en l\u00e5da f\u00f6r smycken, sm\u00e5 accessoarer etc. En utm\u00e4rkt presentid\u00e9 Denna eleganta klockbox \u00e4r en utm\u00e4rkt present till f\u00f6delsedagar, br\u00f6llopsdagar etc. Om du ger denna klockbox till din pappa p\u00e5 fars dag kommer han s\u00e4kert att str\u00e5la av gl\u00e4dje.Denna investering \u00e4r v\u00e4l v\u00e4rd pengarna. Klockboxen skyddar inte bara dina dyrbara klockor fr\u00e5n smuts, repor, skador etc., utan fungerar ocks\u00e5 som en stilfull dekoration i ditt rum. Tveka inte l\u00e4nge, utan sl\u00e5 till! Du kommer inte \u00e5ngra dig! Flera valm\u00f6jligheter Vi erbjuder ett stort utbud av klockboxar i olika storlekar och f\u00e4rger. S\u00f6k bara efter \u201dSONGMICS klockbox\u201d f\u00f6r att l\u00e4ra dig mer. Produktdetaljer: &#8211; F\u00e4rg: svart &#8211; Material: MDF (medeldensitetsfiberplatta), PU (polyuretan), samt, glas &#8211; Storlek: 32 x 18,6 x 8,5 cm (L x B x H) &#8211; Vikt: 1,05 kg Leveransomfattning: &#8211; 1 x klockbox SONGMICS Anm\u00e4rkningar: &#8211; Uts\u00e4tt inte produkten f\u00f6r direkt solljus. &#8211; H\u00e5ll produkten borta fr\u00e5n vassa f\u00f6rem\u00e5l f\u00f6r att undvika repor.<\/p>\n","protected":false},"excerpt":{"rendered":"<p>SONGMICS klockbox med 12 fack, l\u00e5sbar klockl\u00e5da med glaslock, klockv\u00e4ska med avtagbara klockkuddar, av konstl\u00e4der, svart JWB12B<\/p>\n","protected":false},"featured_media":41106,"comment_status":"open","ping_status":"closed","template":"","meta":[],"product_brand":[],"product_cat":[33],"product_tag":[],"class_list":{"0":"post-12914","1":"product","2":"type-product","3":"status-publish","4":"has-post-thumbnail","6":"product_cat-okategoriserad","8":"first","9":"instock","10":"shipping-taxable","11":"purchasable","12":"product-type-simple"},"_links":{"self":[{"href":"https:\/\/nordicmart.andreevmaster.com\/sv\/wp-json\/wp\/v2\/product\/12914","targetHints":{"allow":["GET"]}}],"collection":[{"href":"https:\/\/nordicmart.andreevmaster.com\/sv\/wp-json\/wp\/v2\/product"}],"about":[{"href":"https:\/\/nordicmart.andreevmaster.com\/sv\/wp-json\/wp\/v2\/types\/product"}],"replies":[{"embeddable":true,"href":"https:\/\/nordicmart.andreevmaster.com\/sv\/wp-json\/wp\/v2\/comments?post=12914"}],"wp:featuredmedia":[{"embeddable":true,"href":"https:\/\/nordicmart.andreevmaster.com\/sv\/wp-json\/wp\/v2\/media\/41106"}],"wp:attachment":[{"href":"https:\/\/nordicmart.andreevmaster.com\/sv\/wp-json\/wp\/v2\/media?parent=12914"}],"wp:term":[{"taxonomy":"product_brand","embeddable":true,"href":"https:\/\/nordicmart.andreevmaster.com\/sv\/wp-json\/wp\/v2\/product_brand?post=12914"},{"taxonomy":"product_cat","embeddable":true,"href":"https:\/\/nordicmart.andreevmaster.com\/sv\/wp-json\/wp\/v2\/product_cat?post=12914"},{"taxonomy":"product_tag","embeddable":true,"href":"https:\/\/nordicmart.andreevmaster.com\/sv\/wp-json\/wp\/v2\/product_tag?post=12914"}],"curies":[{"name":"wp","href":"https:\/\/api.w.org\/{rel}","templated":true}]}}