{"id":12913,"date":"2026-02-27T00:15:49","date_gmt":"2026-02-27T00:15:49","guid":{"rendered":"https:\/\/nordicmart.andreevmaster.com\/product\/songmics-klockbox-med-12-fack\/"},"modified":"2026-02-27T08:09:31","modified_gmt":"2026-02-27T08:09:31","slug":"songmics-klockbox-med-12-fack","status":"publish","type":"product","link":"https:\/\/nordicmart.andreevmaster.com\/sv\/produkt\/songmics-klockbox-med-12-fack\/","title":{"rendered":"SONGMICS klockbox med 12 fack"},"content":{"rendered":"<p>En f\u00f6r formella kl\u00e4der, en f\u00f6r fritidskl\u00e4der&#8230; M\u00e5nga m\u00e4nniskor \u00e4ger flera klockor som passar till olika tillf\u00e4llen. Med denna klockbox erbjuder SONGMICS en bekv\u00e4m f\u00f6rvaringsplats f\u00f6r hela din klocksamling. Avtagbara klockkuddar Klockkuddarna passar perfekt i boxens fack, s\u00e5 att dina klockor alltid ligger p\u00e5 plats utan att flytta sig. Utan kuddar f\u00f6rvandlas denna box till en l\u00e5da f\u00f6r smycken, sm\u00e5 accessoarer etc. En utm\u00e4rkt presentid\u00e9 Denna eleganta klockbox \u00e4r perfekt som present till f\u00f6delsedag eller br\u00f6llopsdag. Eller ge din pappa denna klockl\u00e5da i fars dag-present; han kommer s\u00e4kert att str\u00e5la av gl\u00e4dje. Produktdetaljer: &#8211; F\u00e4rg: PU-\u00f6verdrag i svart, sammetfoder i svart &#8211; Material: MDF (medeldensitetsfiberplatta), PU (polyuretan), samt, glas &#8211; Storlek: 30,1 x 20,2 x 7,8 cm (L x B x H) &#8211; Vikt: 1 kg Leveransomfattning: &#8211; 1 x klockbox SONGMICS Anvisningar: &#8211; Uts\u00e4tt inte produkten f\u00f6r direkt solljus. &#8211; H\u00e5ll produkten borta fr\u00e5n vassa f\u00f6rem\u00e5l f\u00f6r att undvika repor.<\/p>\n","protected":false},"excerpt":{"rendered":"<p>SONGMICS klockbox med 12 fack, l\u00e5sbar klockl\u00e5da med glaslock, klockv\u00e4ska med avtagbara klockkuddar, av konstl\u00e4der, svart JWB12B<\/p>\n","protected":false},"featured_media":41105,"comment_status":"open","ping_status":"closed","template":"","meta":[],"product_brand":[],"product_cat":[33],"product_tag":[],"class_list":{"0":"post-12913","1":"product","2":"type-product","3":"status-publish","4":"has-post-thumbnail","6":"product_cat-okategoriserad","8":"first","9":"instock","10":"shipping-taxable","11":"purchasable","12":"product-type-simple"},"_links":{"self":[{"href":"https:\/\/nordicmart.andreevmaster.com\/sv\/wp-json\/wp\/v2\/product\/12913","targetHints":{"allow":["GET"]}}],"collection":[{"href":"https:\/\/nordicmart.andreevmaster.com\/sv\/wp-json\/wp\/v2\/product"}],"about":[{"href":"https:\/\/nordicmart.andreevmaster.com\/sv\/wp-json\/wp\/v2\/types\/product"}],"replies":[{"embeddable":true,"href":"https:\/\/nordicmart.andreevmaster.com\/sv\/wp-json\/wp\/v2\/comments?post=12913"}],"wp:featuredmedia":[{"embeddable":true,"href":"https:\/\/nordicmart.andreevmaster.com\/sv\/wp-json\/wp\/v2\/media\/41105"}],"wp:attachment":[{"href":"https:\/\/nordicmart.andreevmaster.com\/sv\/wp-json\/wp\/v2\/media?parent=12913"}],"wp:term":[{"taxonomy":"product_brand","embeddable":true,"href":"https:\/\/nordicmart.andreevmaster.com\/sv\/wp-json\/wp\/v2\/product_brand?post=12913"},{"taxonomy":"product_cat","embeddable":true,"href":"https:\/\/nordicmart.andreevmaster.com\/sv\/wp-json\/wp\/v2\/product_cat?post=12913"},{"taxonomy":"product_tag","embeddable":true,"href":"https:\/\/nordicmart.andreevmaster.com\/sv\/wp-json\/wp\/v2\/product_tag?post=12913"}],"curies":[{"name":"wp","href":"https:\/\/api.w.org\/{rel}","templated":true}]}}