{"id":12912,"date":"2026-02-27T00:15:49","date_gmt":"2026-02-27T00:15:49","guid":{"rendered":"https:\/\/nordicmart.andreevmaster.com\/product\/songmics-elegant-klockbox-for-12-klockor\/"},"modified":"2026-02-27T08:09:31","modified_gmt":"2026-02-27T08:09:31","slug":"songmics-elegant-klockbox-for-12-klockor","status":"publish","type":"product","link":"https:\/\/nordicmart.andreevmaster.com\/sv\/produkt\/songmics-elegant-klockbox-for-12-klockor\/","title":{"rendered":"SONGMICS Elegant klockbox  f\u00f6r 12 klockor"},"content":{"rendered":"<p>Nyckeln till framg\u00e5ng ligger i detaljerna: Denna klockbox fr\u00e5n SONGMICS \u00e4r genomt\u00e4nkt in i minsta detalj: F\u00f6r att skydda dina klockor fr\u00e5n obeh\u00f6rig \u00e5tkomst har den f\u00f6rsetts med ett l\u00e5s. Dessutom har vi f\u00f6rst\u00e4rkt skiljev\u00e4ggarna mellan klockfacken, vilket ger dina klockor ett stabilt grepp.Bakom en enkel fasad d\u00f6ljer sig ett dr\u00f6mhus f\u00f6r klockor: Klockboxen ser enkel och diskret ut, men n\u00e4r du \u00f6ppnar locket kommer du att \u00f6verraskas av dess lyxiga inredning: Boxen \u00e4r kl\u00e4dd med ett mjukt sammetfoder och \u00e4ven klockkuddarna \u00e4r kl\u00e4dda med sammet. H\u00e4r hittar dina klockor eller armband ett passande hem. Tack vare de avtagbara klockkuddarna kan du \u00e4ven f\u00f6rvara andra smycken i denna l\u00e5da, vilket \u00e4r ytterligare en f\u00f6rdel med denna l\u00e5da. Denna investering \u00e4r v\u00e4l v\u00e4rd pengarna: Klockl\u00e5dan skyddar dina dyrbara klockor fr\u00e5n smuts, repor, skador etc. P\u00e5 s\u00e5 s\u00e4tt sparar du kostnader f\u00f6r reparation eller underh\u00e5ll av din klocka. Det r\u00e5der allts\u00e5 ingen tvekan om att k\u00f6pet av en klockl\u00e5da \u00e4r en klok investering. Produktdetaljer: F\u00e4rg: svart Material: MDF, PU, sammet, glas Totala m\u00e5tt: 30 x 21 x 8,5 cm (L x B x H) M\u00e5tt per klockfack: 7 x 4,8 cm M\u00e5tt per klockkudde: 7 x 3,5 x 4,8 cm (B x H x D) Vikt: 1,12 kg Leveransomfattning: 1 x klockbox<\/p>\n","protected":false},"excerpt":{"rendered":"<p>SONGMICS klockbox med 12 fack, l\u00e5sbar klockl\u00e5da med glaslock, klockv\u00e4ska med avtagbara klockkuddar, av konstl\u00e4der, svart JWB12B<\/p>\n","protected":false},"featured_media":41104,"comment_status":"open","ping_status":"closed","template":"","meta":[],"product_brand":[],"product_cat":[33],"product_tag":[],"class_list":{"0":"post-12912","1":"product","2":"type-product","3":"status-publish","4":"has-post-thumbnail","6":"product_cat-okategoriserad","8":"first","9":"instock","10":"shipping-taxable","11":"purchasable","12":"product-type-simple"},"_links":{"self":[{"href":"https:\/\/nordicmart.andreevmaster.com\/sv\/wp-json\/wp\/v2\/product\/12912","targetHints":{"allow":["GET"]}}],"collection":[{"href":"https:\/\/nordicmart.andreevmaster.com\/sv\/wp-json\/wp\/v2\/product"}],"about":[{"href":"https:\/\/nordicmart.andreevmaster.com\/sv\/wp-json\/wp\/v2\/types\/product"}],"replies":[{"embeddable":true,"href":"https:\/\/nordicmart.andreevmaster.com\/sv\/wp-json\/wp\/v2\/comments?post=12912"}],"wp:featuredmedia":[{"embeddable":true,"href":"https:\/\/nordicmart.andreevmaster.com\/sv\/wp-json\/wp\/v2\/media\/41104"}],"wp:attachment":[{"href":"https:\/\/nordicmart.andreevmaster.com\/sv\/wp-json\/wp\/v2\/media?parent=12912"}],"wp:term":[{"taxonomy":"product_brand","embeddable":true,"href":"https:\/\/nordicmart.andreevmaster.com\/sv\/wp-json\/wp\/v2\/product_brand?post=12912"},{"taxonomy":"product_cat","embeddable":true,"href":"https:\/\/nordicmart.andreevmaster.com\/sv\/wp-json\/wp\/v2\/product_cat?post=12912"},{"taxonomy":"product_tag","embeddable":true,"href":"https:\/\/nordicmart.andreevmaster.com\/sv\/wp-json\/wp\/v2\/product_tag?post=12912"}],"curies":[{"name":"wp","href":"https:\/\/api.w.org\/{rel}","templated":true}]}}