{"id":12911,"date":"2026-02-27T00:15:49","date_gmt":"2026-02-27T00:15:49","guid":{"rendered":"https:\/\/nordicmart.andreevmaster.com\/product\/songmics-klockbox-med-12-fack-glaslock-metallspanne-molnvit\/"},"modified":"2026-02-27T08:09:31","modified_gmt":"2026-02-27T08:09:31","slug":"songmics-klockbox-med-12-fack-glaslock-metallspanne-molnvit","status":"publish","type":"product","link":"https:\/\/nordicmart.andreevmaster.com\/sv\/produkt\/songmics-klockbox-med-12-fack-glaslock-metallspanne-molnvit\/","title":{"rendered":"SONGMICS klockbox med 12 fack Glaslock Metallsp\u00e4nne Molnvit"},"content":{"rendered":"<p>SONGMICS klockbox med 12 fack, klockl\u00e5da, glaslock, klockv\u00e4ska, avtagbara klockkuddar, metallsp\u00e4nne, presentid\u00e9, PU-\u00f6verdrag i molnvit<br \/>\nF\u00e4rg: PU-\u00f6verdrag i molnvit, sammetfoder i cappuccinobeige<br \/>\nMaterial: MDF (medeldensitetsfiberplatta), sammet, PU, papper, glas<br \/>\nStorlek: 20,2 x 30,2 x 7,8 cm (D x B x H)<br \/>\nVikt: 1 kg<\/p>\n","protected":false},"excerpt":{"rendered":"<p>SONGMICS klockbox med 12 fack, klockl\u00e5da, glaslock, klockv\u00e4ska, avtagbara klockkuddar, metallsp\u00e4nne, presentid\u00e9, PU-\u00f6verdrag i molnvit<\/p>\n","protected":false},"featured_media":41103,"comment_status":"open","ping_status":"closed","template":"","meta":[],"product_brand":[],"product_cat":[33],"product_tag":[],"class_list":{"0":"post-12911","1":"product","2":"type-product","3":"status-publish","4":"has-post-thumbnail","6":"product_cat-okategoriserad","8":"first","9":"instock","10":"shipping-taxable","11":"purchasable","12":"product-type-simple"},"_links":{"self":[{"href":"https:\/\/nordicmart.andreevmaster.com\/sv\/wp-json\/wp\/v2\/product\/12911","targetHints":{"allow":["GET"]}}],"collection":[{"href":"https:\/\/nordicmart.andreevmaster.com\/sv\/wp-json\/wp\/v2\/product"}],"about":[{"href":"https:\/\/nordicmart.andreevmaster.com\/sv\/wp-json\/wp\/v2\/types\/product"}],"replies":[{"embeddable":true,"href":"https:\/\/nordicmart.andreevmaster.com\/sv\/wp-json\/wp\/v2\/comments?post=12911"}],"wp:featuredmedia":[{"embeddable":true,"href":"https:\/\/nordicmart.andreevmaster.com\/sv\/wp-json\/wp\/v2\/media\/41103"}],"wp:attachment":[{"href":"https:\/\/nordicmart.andreevmaster.com\/sv\/wp-json\/wp\/v2\/media?parent=12911"}],"wp:term":[{"taxonomy":"product_brand","embeddable":true,"href":"https:\/\/nordicmart.andreevmaster.com\/sv\/wp-json\/wp\/v2\/product_brand?post=12911"},{"taxonomy":"product_cat","embeddable":true,"href":"https:\/\/nordicmart.andreevmaster.com\/sv\/wp-json\/wp\/v2\/product_cat?post=12911"},{"taxonomy":"product_tag","embeddable":true,"href":"https:\/\/nordicmart.andreevmaster.com\/sv\/wp-json\/wp\/v2\/product_tag?post=12911"}],"curies":[{"name":"wp","href":"https:\/\/api.w.org\/{rel}","templated":true}]}}