{"id":12908,"date":"2026-02-27T00:15:48","date_gmt":"2026-02-27T00:15:48","guid":{"rendered":"https:\/\/nordicmart.andreevmaster.com\/product\/songmics-lasbar-klocklada-med-16-fack-black-svart\/"},"modified":"2026-02-27T08:09:31","modified_gmt":"2026-02-27T08:09:31","slug":"songmics-lasbar-klocklada-med-16-fack-black-svart","status":"publish","type":"product","link":"https:\/\/nordicmart.andreevmaster.com\/sv\/produkt\/songmics-lasbar-klocklada-med-16-fack-black-svart\/","title":{"rendered":"SONGMICS L\u00e5sbar klockl\u00e5da med 16 fack bl\u00e4ck svart"},"content":{"rendered":"<p>SONGMICS klockbox, l\u00e5sbar klockl\u00e5da, klockv\u00e4ska, organiserare f\u00f6r klockor, med 16 fack, glaslock, present till n\u00e4ra och k\u00e4ra, PU-\u00f6verdrag i bl\u00e4ck svart, sammetfoder i duvgr\u00e5tt JWB112G01<br \/>\nF\u00e4rg: PU-\u00f6verdrag i bl\u00e4ck svart, sammetfoder i duvgr\u00e5tt<br \/>\nMaterial: MDF (medeldensitetsfiberplatta), sammet, PU, glas<br \/>\nStorlek: 29 x 39 x 8 cm (D x B x H)<br \/>\nVikt: 1,9 kg<\/p>\n","protected":false},"excerpt":{"rendered":"<p>SONGMICS klockbox, l\u00e5sbar klockl\u00e5da, klockv\u00e4ska, organiserare f\u00f6r klockor, med 16 fack, glaslock, present till n\u00e4ra och k\u00e4ra, PU-\u00f6verdrag i bl\u00e4ck svart, sammetfoder i duvgr\u00e5tt JWB112G01<\/p>\n","protected":false},"featured_media":41101,"comment_status":"open","ping_status":"closed","template":"","meta":[],"product_brand":[],"product_cat":[33],"product_tag":[],"class_list":{"0":"post-12908","1":"product","2":"type-product","3":"status-publish","4":"has-post-thumbnail","6":"product_cat-okategoriserad","8":"first","9":"instock","10":"shipping-taxable","11":"purchasable","12":"product-type-simple"},"_links":{"self":[{"href":"https:\/\/nordicmart.andreevmaster.com\/sv\/wp-json\/wp\/v2\/product\/12908","targetHints":{"allow":["GET"]}}],"collection":[{"href":"https:\/\/nordicmart.andreevmaster.com\/sv\/wp-json\/wp\/v2\/product"}],"about":[{"href":"https:\/\/nordicmart.andreevmaster.com\/sv\/wp-json\/wp\/v2\/types\/product"}],"replies":[{"embeddable":true,"href":"https:\/\/nordicmart.andreevmaster.com\/sv\/wp-json\/wp\/v2\/comments?post=12908"}],"wp:featuredmedia":[{"embeddable":true,"href":"https:\/\/nordicmart.andreevmaster.com\/sv\/wp-json\/wp\/v2\/media\/41101"}],"wp:attachment":[{"href":"https:\/\/nordicmart.andreevmaster.com\/sv\/wp-json\/wp\/v2\/media?parent=12908"}],"wp:term":[{"taxonomy":"product_brand","embeddable":true,"href":"https:\/\/nordicmart.andreevmaster.com\/sv\/wp-json\/wp\/v2\/product_brand?post=12908"},{"taxonomy":"product_cat","embeddable":true,"href":"https:\/\/nordicmart.andreevmaster.com\/sv\/wp-json\/wp\/v2\/product_cat?post=12908"},{"taxonomy":"product_tag","embeddable":true,"href":"https:\/\/nordicmart.andreevmaster.com\/sv\/wp-json\/wp\/v2\/product_tag?post=12908"}],"curies":[{"name":"wp","href":"https:\/\/api.w.org\/{rel}","templated":true}]}}