{"id":12906,"date":"2026-02-27T00:15:48","date_gmt":"2026-02-27T00:15:48","guid":{"rendered":"https:\/\/nordicmart.andreevmaster.com\/product\/songmics-klockask-med-glaslock-svart\/"},"modified":"2026-02-27T08:09:30","modified_gmt":"2026-02-27T08:09:30","slug":"songmics-klockask-med-glaslock-svart","status":"publish","type":"product","link":"https:\/\/nordicmart.andreevmaster.com\/sv\/produkt\/songmics-klockask-med-glaslock-svart\/","title":{"rendered":"SONGMICS klockask med glaslock Svart"},"content":{"rendered":"<p>Var \u00e4r min klocka? Gl\u00f6mmer du ocks\u00e5 alltid var du har lagt din klocka? Denna klassiska, eleganta klockbox med glaslock har plats f\u00f6r 6 klockor som tidigare samlade damm p\u00e5 ditt nattduksbord eller l\u00e5g och skr\u00e4pade i en byr\u00e5.  Skydd \u00e4r prioriterat Oavsett om du \u00e4r en entusiastisk klockfantast eller just har b\u00f6rjat samla, b\u00f6r du skydda dina smycken. Det h\u00f6gkvalitativa sammetfodret, de smala kuddarna och glaslocket p\u00e5 denna klockl\u00e5da \u00e4r perfekta f\u00f6r att skydda dina klockor fr\u00e5n repor. Dessutom erbjuder l\u00e5dan en perfekt presentationsyta f\u00f6r dina klockor, s\u00e5 att du kan beundra dem n\u00e4r som helst eller visa upp dem f\u00f6r dina v\u00e4nner.  En perfekt presentid\u00e9 K\u00e4nner du n\u00e5gon som \u00e4lskar klockor? Denna f\u00f6rvaringsl\u00e5da f\u00f6r klockor \u00e4r en perfekt present till din pappa, pojkv\u00e4n eller make \u2013 oavsett om det \u00e4r f\u00f6delsedag, fars dag, alla hj\u00e4rtans dag, examen eller jul. Om du f\u00f6r n\u00e4rvarande f\u00f6rvarar din personliga klocka i din flickv\u00e4ns smyckeskrin kan du dessutom unna dig sj\u00e4lv denna eleganta accessoar. Produktdetaljer: &#8211; F\u00e4rg: svart \u00f6verdrag, beige sammetfoder &#8211; Material: MDF (medeldensitetsfiberplatta), sammet, PU, glas &#8211; Storlek: 30 x 11,2 x 8 cm (L x B x H) &#8211; Vikt: 0,6 kg Leveransomfattning: &#8211; 1 x klockbox<\/p>\n","protected":false},"excerpt":{"rendered":"<p>SONGMICS klockbox f\u00f6r 6 klockor, klockl\u00e5da med glaslock, klockkudde i sammet, klockv\u00e4ska med l\u00e5s, 30 x 11,2 x 8 cm, svart JWB06BK<\/p>\n","protected":false},"featured_media":41099,"comment_status":"open","ping_status":"closed","template":"","meta":[],"product_brand":[],"product_cat":[33],"product_tag":[],"class_list":{"0":"post-12906","1":"product","2":"type-product","3":"status-publish","4":"has-post-thumbnail","6":"product_cat-okategoriserad","8":"first","9":"instock","10":"shipping-taxable","11":"purchasable","12":"product-type-simple"},"_links":{"self":[{"href":"https:\/\/nordicmart.andreevmaster.com\/sv\/wp-json\/wp\/v2\/product\/12906","targetHints":{"allow":["GET"]}}],"collection":[{"href":"https:\/\/nordicmart.andreevmaster.com\/sv\/wp-json\/wp\/v2\/product"}],"about":[{"href":"https:\/\/nordicmart.andreevmaster.com\/sv\/wp-json\/wp\/v2\/types\/product"}],"replies":[{"embeddable":true,"href":"https:\/\/nordicmart.andreevmaster.com\/sv\/wp-json\/wp\/v2\/comments?post=12906"}],"wp:featuredmedia":[{"embeddable":true,"href":"https:\/\/nordicmart.andreevmaster.com\/sv\/wp-json\/wp\/v2\/media\/41099"}],"wp:attachment":[{"href":"https:\/\/nordicmart.andreevmaster.com\/sv\/wp-json\/wp\/v2\/media?parent=12906"}],"wp:term":[{"taxonomy":"product_brand","embeddable":true,"href":"https:\/\/nordicmart.andreevmaster.com\/sv\/wp-json\/wp\/v2\/product_brand?post=12906"},{"taxonomy":"product_cat","embeddable":true,"href":"https:\/\/nordicmart.andreevmaster.com\/sv\/wp-json\/wp\/v2\/product_cat?post=12906"},{"taxonomy":"product_tag","embeddable":true,"href":"https:\/\/nordicmart.andreevmaster.com\/sv\/wp-json\/wp\/v2\/product_tag?post=12906"}],"curies":[{"name":"wp","href":"https:\/\/api.w.org\/{rel}","templated":true}]}}