{"id":12903,"date":"2026-02-27T00:15:47","date_gmt":"2026-02-27T00:15:47","guid":{"rendered":"https:\/\/nordicmart.andreevmaster.com\/product\/songmics-klockbox-med-2-nivaer-pu-overdrag-och-innerfoder-i-svart\/"},"modified":"2026-02-27T08:09:30","modified_gmt":"2026-02-27T08:09:30","slug":"songmics-klockbox-med-2-nivaer-pu-overdrag-och-innerfoder-i-svart","status":"publish","type":"product","link":"https:\/\/nordicmart.andreevmaster.com\/sv\/produkt\/songmics-klockbox-med-2-nivaer-pu-overdrag-och-innerfoder-i-svart\/","title":{"rendered":"SONGMICS klockbox med 2 niv\u00e5er PU-\u00f6verdrag och innerfoder i svart"},"content":{"rendered":"<p>SONGMICS klockbox, klockask med glaslock, 2 niv\u00e5er, f\u00f6r 6 klockor, l\u00e5sbar, 1 l\u00e5da, f\u00f6r ringar, armband, presentid\u00e9, PU-\u00f6verdrag i svart, innerfoder i svart JWB060B02<br \/>\nF\u00e4rg: PU-\u00f6verdrag i svart, sammetfoder i svart<br \/>\nMaterial: MDF (medeldensitetsfiberplatta), sammet, PU, papper, glas<br \/>\nStorlek: 10 x 32,5 x 13,5 cm (D x B x H)<br \/>\nVikt: 1,2 kg<\/p>\n","protected":false},"excerpt":{"rendered":"<p>SONGMICS klockbox, klockask med glaslock, 2 niv\u00e5er, f\u00f6r 6 klockor, l\u00e5sbar, 1 l\u00e5da, f\u00f6r ringar, armband, presentid\u00e9, PU-\u00f6verdrag i svart, innerfoder i svart JWB060B02<\/p>\n","protected":false},"featured_media":41096,"comment_status":"open","ping_status":"closed","template":"","meta":[],"product_brand":[],"product_cat":[33],"product_tag":[],"class_list":{"0":"post-12903","1":"product","2":"type-product","3":"status-publish","4":"has-post-thumbnail","6":"product_cat-okategoriserad","8":"first","9":"instock","10":"shipping-taxable","11":"purchasable","12":"product-type-simple"},"_links":{"self":[{"href":"https:\/\/nordicmart.andreevmaster.com\/sv\/wp-json\/wp\/v2\/product\/12903","targetHints":{"allow":["GET"]}}],"collection":[{"href":"https:\/\/nordicmart.andreevmaster.com\/sv\/wp-json\/wp\/v2\/product"}],"about":[{"href":"https:\/\/nordicmart.andreevmaster.com\/sv\/wp-json\/wp\/v2\/types\/product"}],"replies":[{"embeddable":true,"href":"https:\/\/nordicmart.andreevmaster.com\/sv\/wp-json\/wp\/v2\/comments?post=12903"}],"wp:featuredmedia":[{"embeddable":true,"href":"https:\/\/nordicmart.andreevmaster.com\/sv\/wp-json\/wp\/v2\/media\/41096"}],"wp:attachment":[{"href":"https:\/\/nordicmart.andreevmaster.com\/sv\/wp-json\/wp\/v2\/media?parent=12903"}],"wp:term":[{"taxonomy":"product_brand","embeddable":true,"href":"https:\/\/nordicmart.andreevmaster.com\/sv\/wp-json\/wp\/v2\/product_brand?post=12903"},{"taxonomy":"product_cat","embeddable":true,"href":"https:\/\/nordicmart.andreevmaster.com\/sv\/wp-json\/wp\/v2\/product_cat?post=12903"},{"taxonomy":"product_tag","embeddable":true,"href":"https:\/\/nordicmart.andreevmaster.com\/sv\/wp-json\/wp\/v2\/product_tag?post=12903"}],"curies":[{"name":"wp","href":"https:\/\/api.w.org\/{rel}","templated":true}]}}