{"id":12902,"date":"2026-02-27T00:15:47","date_gmt":"2026-02-27T00:15:47","guid":{"rendered":"https:\/\/nordicmart.andreevmaster.com\/product\/songmics-rektangular-klockbox-for-5-klockor\/"},"modified":"2026-02-27T08:09:29","modified_gmt":"2026-02-27T08:09:29","slug":"songmics-rektangular-klockbox-for-5-klockor","status":"publish","type":"product","link":"https:\/\/nordicmart.andreevmaster.com\/sv\/produkt\/songmics-rektangular-klockbox-for-5-klockor\/","title":{"rendered":"SONGMICS Rektangul\u00e4r klockbox f\u00f6r 5 klockor"},"content":{"rendered":"<p>Produktbeskrivning: Klockboxen med genomskinlig glasskiva \u00e4r mycket l\u00e4mplig f\u00f6r f\u00f6rvaring av dina armbandsur. Det genomskinliga glasf\u00f6nstret \u00e4r mycket praktiskt, eftersom det ger dig en direkt \u00f6verblick \u00f6ver vilka klockor som finns i boxen. Tack vare avdelningsgaller och vadderade klockkuddar kan klockorna f\u00f6rvaras snyggt. Klockkuddarna har en mycket behaglig yta och ger klockorna ett bra grepp. Om du tar ut klockkuddarna blir fodralet en liten f\u00f6rvaringsl\u00e5da eller smyckeskrin, mycket l\u00e4mpligt f\u00f6r f\u00f6rvaring av knappar, \u00f6rh\u00e4ngen, ringar, kedjor och andra smycken. Modernt och tilltalande utseende, genomt\u00e4nkt design, perfekt som present till dina v\u00e4nner och familj, oavsett om det \u00e4r kvinnor eller m\u00e4n. Storlek &#8211; Produktm\u00e5tt: 26,5 x 11 x 8,5 cm &#8211; Fackstorlek: 4,5 x 9 cm &#8211; 5 kuddar (vardera 4,5 x 7,5 x 4 cm) F\u00f6rvaring och sk\u00f6tsel:- Placera klockboxen i ett ventilerat rum med en temperatur p\u00e5 10-40 \u2103 och undvik att l\u00e4mna boxen i solen eller i rum med h\u00f6g luftfuktighet under en l\u00e4ngre tid.- Fl\u00e4ckar p\u00e5 ytan kan torkas bort med en l\u00e4tt fuktad trasa. Undvik att vatten tr\u00e4nger in i url\u00e5dan. &#8211; V\u00e4tskor m\u00e5ste omedelbart torkas bort f\u00f6r hand eller med en mjuk trasa och d\u00e4refter l\u00e5tas torka vid sval temperatur. &#8211; Anv\u00e4nd regelbundet specialmedel f\u00f6r konstl\u00e4der f\u00f6r att bevara glansen under l\u00e5ng tid.- B\u00f6j eller tryck inte p\u00e5 boxen n\u00e4r den anv\u00e4nds eller n\u00e4r den inte anv\u00e4nds. &#8211; F\u00f6rvara inte url\u00e5dan tillsammans med kemikalier. Leveransomfattning: &#8211; 1 x url\u00e5da &#8211; Utan klockor och smycken<\/p>\n","protected":false},"excerpt":{"rendered":"<p>SONGMICS klockbox med 5 fack, glaslock, klockask med mjukt samtfoder, presentation och f\u00f6rvaring av klockor, med l\u00e5s och nycklar, JWB05B<\/p>\n","protected":false},"featured_media":41095,"comment_status":"open","ping_status":"closed","template":"","meta":[],"product_brand":[],"product_cat":[33],"product_tag":[],"class_list":{"0":"post-12902","1":"product","2":"type-product","3":"status-publish","4":"has-post-thumbnail","6":"product_cat-okategoriserad","8":"first","9":"instock","10":"shipping-taxable","11":"purchasable","12":"product-type-simple"},"_links":{"self":[{"href":"https:\/\/nordicmart.andreevmaster.com\/sv\/wp-json\/wp\/v2\/product\/12902","targetHints":{"allow":["GET"]}}],"collection":[{"href":"https:\/\/nordicmart.andreevmaster.com\/sv\/wp-json\/wp\/v2\/product"}],"about":[{"href":"https:\/\/nordicmart.andreevmaster.com\/sv\/wp-json\/wp\/v2\/types\/product"}],"replies":[{"embeddable":true,"href":"https:\/\/nordicmart.andreevmaster.com\/sv\/wp-json\/wp\/v2\/comments?post=12902"}],"wp:featuredmedia":[{"embeddable":true,"href":"https:\/\/nordicmart.andreevmaster.com\/sv\/wp-json\/wp\/v2\/media\/41095"}],"wp:attachment":[{"href":"https:\/\/nordicmart.andreevmaster.com\/sv\/wp-json\/wp\/v2\/media?parent=12902"}],"wp:term":[{"taxonomy":"product_brand","embeddable":true,"href":"https:\/\/nordicmart.andreevmaster.com\/sv\/wp-json\/wp\/v2\/product_brand?post=12902"},{"taxonomy":"product_cat","embeddable":true,"href":"https:\/\/nordicmart.andreevmaster.com\/sv\/wp-json\/wp\/v2\/product_cat?post=12902"},{"taxonomy":"product_tag","embeddable":true,"href":"https:\/\/nordicmart.andreevmaster.com\/sv\/wp-json\/wp\/v2\/product_tag?post=12902"}],"curies":[{"name":"wp","href":"https:\/\/api.w.org\/{rel}","templated":true}]}}