{"id":12899,"date":"2026-02-27T00:15:46","date_gmt":"2026-02-27T00:15:46","guid":{"rendered":"https:\/\/nordicmart.andreevmaster.com\/product\/songmicshome-klockbox-for-resan-med-dold-forvaringsutrymme-black-svart\/"},"modified":"2026-02-27T08:09:29","modified_gmt":"2026-02-27T08:09:29","slug":"songmicshome-klockbox-for-resan-med-dold-forvaringsutrymme-black-svart","status":"publish","type":"product","link":"https:\/\/nordicmart.andreevmaster.com\/sv\/produkt\/songmicshome-klockbox-for-resan-med-dold-forvaringsutrymme-black-svart\/","title":{"rendered":"SONGMICSHOME Klockbox f\u00f6r resan med dold f\u00f6rvaringsutrymme bl\u00e4ck svart"},"content":{"rendered":"<p>SONGMICS HOME RONNE-kollektion \u2013 klockbox f\u00f6r resan, klockrulle f\u00f6r 3 klockor, sexkantig form, PU i fl\u00e4tad look, dold f\u00f6rvaringsutrymme, 9,8 x 21,2 x 8,7 cm, presentid\u00e9, svart JWB027B01<br \/>\nF\u00e4rg: bl\u00e4ck svart<br \/>\nMaterial: PU (polyuretan), imiterat mocka, metall<br \/>\nStorlek: 9,8 x 21,2 x 8,7 cm (D x B x H)<br \/>\nVikt: 390 g<\/p>\n","protected":false},"excerpt":{"rendered":"<p>SONGMICS HOME RONNE-kollektion \u2013 klockbox f\u00f6r resan, klockrulle f\u00f6r 3 klockor, sexkantig form, PU i fl\u00e4tad look, dold f\u00f6rvaringsutrymme, 9,8 x 21,2 x 8,7 cm, presentid\u00e9, svart JWB027B01<\/p>\n","protected":false},"featured_media":41092,"comment_status":"open","ping_status":"closed","template":"","meta":[],"product_brand":[],"product_cat":[33],"product_tag":[],"class_list":{"0":"post-12899","1":"product","2":"type-product","3":"status-publish","4":"has-post-thumbnail","6":"product_cat-okategoriserad","8":"first","9":"instock","10":"shipping-taxable","11":"purchasable","12":"product-type-simple"},"_links":{"self":[{"href":"https:\/\/nordicmart.andreevmaster.com\/sv\/wp-json\/wp\/v2\/product\/12899","targetHints":{"allow":["GET"]}}],"collection":[{"href":"https:\/\/nordicmart.andreevmaster.com\/sv\/wp-json\/wp\/v2\/product"}],"about":[{"href":"https:\/\/nordicmart.andreevmaster.com\/sv\/wp-json\/wp\/v2\/types\/product"}],"replies":[{"embeddable":true,"href":"https:\/\/nordicmart.andreevmaster.com\/sv\/wp-json\/wp\/v2\/comments?post=12899"}],"wp:featuredmedia":[{"embeddable":true,"href":"https:\/\/nordicmart.andreevmaster.com\/sv\/wp-json\/wp\/v2\/media\/41092"}],"wp:attachment":[{"href":"https:\/\/nordicmart.andreevmaster.com\/sv\/wp-json\/wp\/v2\/media?parent=12899"}],"wp:term":[{"taxonomy":"product_brand","embeddable":true,"href":"https:\/\/nordicmart.andreevmaster.com\/sv\/wp-json\/wp\/v2\/product_brand?post=12899"},{"taxonomy":"product_cat","embeddable":true,"href":"https:\/\/nordicmart.andreevmaster.com\/sv\/wp-json\/wp\/v2\/product_cat?post=12899"},{"taxonomy":"product_tag","embeddable":true,"href":"https:\/\/nordicmart.andreevmaster.com\/sv\/wp-json\/wp\/v2\/product_tag?post=12899"}],"curies":[{"name":"wp","href":"https:\/\/api.w.org\/{rel}","templated":true}]}}