{"id":12898,"date":"2026-02-27T00:15:46","date_gmt":"2026-02-27T00:15:46","guid":{"rendered":"https:\/\/nordicmart.andreevmaster.com\/product\/songmicshome-klockbox-for-9-klockor-med-glasfonster-black-svart\/"},"modified":"2026-02-27T08:09:29","modified_gmt":"2026-02-27T08:09:29","slug":"songmicshome-klockbox-for-9-klockor-med-glasfonster-black-svart","status":"publish","type":"product","link":"https:\/\/nordicmart.andreevmaster.com\/sv\/produkt\/songmicshome-klockbox-for-9-klockor-med-glasfonster-black-svart\/","title":{"rendered":"SONGMICSHOME klockbox f\u00f6r 9 klockor med glasf\u00f6nster, bl\u00e4ck svart"},"content":{"rendered":"<p>SONGMICS HOME RONNE-kollektion \u2013 klockbox f\u00f6r 9 klockor, glasf\u00f6nster p\u00e5 ovansidan och framsidan, justerbara klockh\u00e5llare, PU-konstl\u00e4der i fl\u00e4tad look, sv\u00e4vande effekt, presentid\u00e9, svart JWB026B01<br \/>\nF\u00e4rg: bl\u00e4ck svart<br \/>\nMaterial: PU (polyuretan), imiterat velourl\u00e4der, metall, glas<br \/>\nStorlek: 16,2 x 40 x 25,3 cm (D x B x H)<br \/>\nVikt: 3,9 kg<\/p>\n","protected":false},"excerpt":{"rendered":"<p>SONGMICS HOME RONNE-kollektion \u2013 klockbox f\u00f6r 9 klockor, glasf\u00f6nster p\u00e5 ovansidan och framsidan, justerbara klockh\u00e5llare, PU-konstl\u00e4der i fl\u00e4tad look, sv\u00e4vande effekt, presentid\u00e9, svart JWB026B01<\/p>\n","protected":false},"featured_media":41091,"comment_status":"open","ping_status":"closed","template":"","meta":[],"product_brand":[],"product_cat":[33],"product_tag":[],"class_list":{"0":"post-12898","1":"product","2":"type-product","3":"status-publish","4":"has-post-thumbnail","6":"product_cat-okategoriserad","8":"first","9":"instock","10":"shipping-taxable","11":"purchasable","12":"product-type-simple"},"_links":{"self":[{"href":"https:\/\/nordicmart.andreevmaster.com\/sv\/wp-json\/wp\/v2\/product\/12898","targetHints":{"allow":["GET"]}}],"collection":[{"href":"https:\/\/nordicmart.andreevmaster.com\/sv\/wp-json\/wp\/v2\/product"}],"about":[{"href":"https:\/\/nordicmart.andreevmaster.com\/sv\/wp-json\/wp\/v2\/types\/product"}],"replies":[{"embeddable":true,"href":"https:\/\/nordicmart.andreevmaster.com\/sv\/wp-json\/wp\/v2\/comments?post=12898"}],"wp:featuredmedia":[{"embeddable":true,"href":"https:\/\/nordicmart.andreevmaster.com\/sv\/wp-json\/wp\/v2\/media\/41091"}],"wp:attachment":[{"href":"https:\/\/nordicmart.andreevmaster.com\/sv\/wp-json\/wp\/v2\/media?parent=12898"}],"wp:term":[{"taxonomy":"product_brand","embeddable":true,"href":"https:\/\/nordicmart.andreevmaster.com\/sv\/wp-json\/wp\/v2\/product_brand?post=12898"},{"taxonomy":"product_cat","embeddable":true,"href":"https:\/\/nordicmart.andreevmaster.com\/sv\/wp-json\/wp\/v2\/product_cat?post=12898"},{"taxonomy":"product_tag","embeddable":true,"href":"https:\/\/nordicmart.andreevmaster.com\/sv\/wp-json\/wp\/v2\/product_tag?post=12898"}],"curies":[{"name":"wp","href":"https:\/\/api.w.org\/{rel}","templated":true}]}}