{"id":12897,"date":"2026-02-27T00:15:46","date_gmt":"2026-02-27T00:15:46","guid":{"rendered":"https:\/\/nordicmart.andreevmaster.com\/product\/ronne-collection-2-tasoinen-watch-box-laatikko-laatikko-8-paikkainen-katsella-tapauksessa-travel-watch-pussi-kudottu-kohokuvioitu-pu-nahkaa-kelluva-vaikutus-joululahja-ink-black-u-2\/"},"modified":"2026-02-27T08:09:29","modified_gmt":"2026-02-27T08:09:29","slug":"ronne-collection-2-tasoinen-watch-box-laatikko-laatikko-8-paikkainen-katsella-tapauksessa-travel-watch-pussi-kudottu-kohokuvioitu-pu-nahkaa-kelluva-vaikutus-joululahja-ink-black-u-2","status":"publish","type":"product","link":"https:\/\/nordicmart.andreevmaster.com\/sv\/produkt\/ronne-collection-2-tasoinen-watch-box-laatikko-laatikko-8-paikkainen-katsella-tapauksessa-travel-watch-pussi-kudottu-kohokuvioitu-pu-nahkaa-kelluva-vaikutus-joululahja-ink-black-u-2\/","title":{"rendered":"RONNE Collection &#8211; 2-tasoinen Watch Box laatikko laatikko, 8-paikkainen katsella tapauksessa Travel Watch pussi, kudottu kohokuvioitu PU nahkaa, kelluva vaikutus, joululahja, Ink Black U"},"content":{"rendered":"<p>ESITTELE TYYLI\u00c4si\u3011Ajaton tyylikkyys kohtaa modernin ylellisyyden t\u00e4ss\u00e4 SONGMICS HOME RONNE -malliston 8-paikkaisessa kellolaatikossa. Genom att kombinera den skurna vinkeln med v\u00e4vt PU-l\u00e4der med reliefm\u00f6nster, som framh\u00e4vs av en patongsk\u00e4rning inspirerad av h\u00e5rdvaran, \u00e4r det ditt stiluttryck. <\/p>\n<p>\u3010TV\u00c5V\u00c5NINGAR, M\u00c5NGSIDIG F\u00d6RVARING\u3011F\u00f6rvara dina klockor i det \u00f6vre lagret med 8 fack f\u00f6r klockor i alla storlekar och ordna dina tillbeh\u00f6r efter typ i l\u00e5dan med flera fack. Klockor, ringar, halsband, klockarmband och annat \u2013 alla har sin plats&#8230;\u3010EXTRA KLOCKFODRAL, BEKV\u00c4MT P\u00c5 RESAN\u3011Klockfodralet inneh\u00e5ller ett b\u00e4rbart klockfodral med plats f\u00f6r 1 klocka och 2 armband. Kompakt och l\u00e4tt, du kan enkelt stoppa det i v\u00e4skan och ta med dig klockan p\u00e5 jobbet eller p\u00e5 semestern.\u3010SKYDDA DINA SKATTER\u3011Med en styv yta och mjukt foder av tekomokkanah skyddar denna klockf\u00f6rvaring dina v\u00e4rdesaker fr\u00e5n repor och olyckor. Glasf\u00f6nstret p\u00e5 ovansidan h\u00e5ller dammet borta samtidigt som det visar upp din v\u00e4rdefulla samling.\u3010EN G\u00c5VA SOM G\u00d6R INTRYCK\u3011Denna klassiska och funktionella klockst\u00e4llning i tv\u00e5 niv\u00e5er \u00e4r en uppskattad present till f\u00f6delsedagar, \u00e5rsdagar eller andra speciella tillf\u00e4llen, oavsett om det g\u00e4ller en erfaren samlare eller en nyb\u00f6rjare i klockv\u00e4rlden.Tekniska specifikationer: F\u00e4rg: Svart Material: PU (polyuretan) l\u00e4der, mocka, metall, glas.Produktens storlek: 19,5 x 27,3 x 14,5 cm (7,7&#8243; D x 10,7&#8243; B x 5,7&#8243; H). Produktens vikt: 2,4 kg (5,3 lb).<br \/>\nF\u00f6rpackningens inneh\u00e5ll:<\/p>\n<p>1 x klockl\u00e5da<\/p>\n","protected":false},"excerpt":{"rendered":"<p>ESITTELE TYYLI\u00c4si\u3011Ajaton tyylikkyys kohtaa modernin ylellisyyden t\u00e4ss\u00e4 SONGMICS HOME RONNE -malliston 8-paikkaisessa kellolaatikossa. Genom att kombinera den skurna vinkeln med v\u00e4vt PU-l\u00e4der med reliefm\u00f6nster, som framh\u00e4vs av en patongsk\u00e4rning inspirerad av h\u00e5rdvaran, \u00e4r det ditt stiluttryck. \u3010TV\u00c5V\u00c5NINGAR, M\u00c5NGSIDIG F\u00d6RVARING\u3011F\u00f6rvara dina klockor i det \u00f6vre lagret med 8 fack f\u00f6r klockor i alla storlekar och ordna [&hellip;]<\/p>\n","protected":false},"featured_media":0,"comment_status":"open","ping_status":"closed","template":"","meta":[],"product_brand":[],"product_cat":[33],"product_tag":[],"class_list":{"0":"post-12897","1":"product","2":"type-product","3":"status-publish","5":"product_cat-okategoriserad","7":"first","8":"instock","9":"shipping-taxable","10":"product-type-simple"},"_links":{"self":[{"href":"https:\/\/nordicmart.andreevmaster.com\/sv\/wp-json\/wp\/v2\/product\/12897","targetHints":{"allow":["GET"]}}],"collection":[{"href":"https:\/\/nordicmart.andreevmaster.com\/sv\/wp-json\/wp\/v2\/product"}],"about":[{"href":"https:\/\/nordicmart.andreevmaster.com\/sv\/wp-json\/wp\/v2\/types\/product"}],"replies":[{"embeddable":true,"href":"https:\/\/nordicmart.andreevmaster.com\/sv\/wp-json\/wp\/v2\/comments?post=12897"}],"wp:attachment":[{"href":"https:\/\/nordicmart.andreevmaster.com\/sv\/wp-json\/wp\/v2\/media?parent=12897"}],"wp:term":[{"taxonomy":"product_brand","embeddable":true,"href":"https:\/\/nordicmart.andreevmaster.com\/sv\/wp-json\/wp\/v2\/product_brand?post=12897"},{"taxonomy":"product_cat","embeddable":true,"href":"https:\/\/nordicmart.andreevmaster.com\/sv\/wp-json\/wp\/v2\/product_cat?post=12897"},{"taxonomy":"product_tag","embeddable":true,"href":"https:\/\/nordicmart.andreevmaster.com\/sv\/wp-json\/wp\/v2\/product_tag?post=12897"}],"curies":[{"name":"wp","href":"https:\/\/api.w.org\/{rel}","templated":true}]}}