{"id":12896,"date":"2026-02-27T00:15:45","date_gmt":"2026-02-27T00:15:45","guid":{"rendered":"https:\/\/nordicmart.andreevmaster.com\/product\/songmics-lasbar-klockbox-med-24-fack-black-svart\/"},"modified":"2026-02-27T08:09:28","modified_gmt":"2026-02-27T08:09:28","slug":"songmics-lasbar-klockbox-med-24-fack-black-svart","status":"publish","type":"product","link":"https:\/\/nordicmart.andreevmaster.com\/sv\/produkt\/songmics-lasbar-klockbox-med-24-fack-black-svart\/","title":{"rendered":"SONGMICS L\u00e5sbar klockbox med 24 fack, bl\u00e4ck svart"},"content":{"rendered":"<p>SONGMICS Ny svart 24 armbandsur f\u00f6rvaringsbox fodral armband armring displaybricka JWB024<br \/>\nF\u00e4rg: PU-\u00f6verdrag i bl\u00e4ck svart, sammetfoder i bl\u00e4ck svart<br \/>\nMaterial: MDF (medeldensitetsfiberplatta), sammet, PU, glas<br \/>\nStorlek: 29,5 x 43 x 8 cm (D x B x H)<br \/>\nVikt: 2,4 kg<\/p>\n","protected":false},"excerpt":{"rendered":"<p>SONGMICS Ny svart 24 armbandsur f\u00f6rvaringsbox fodral armband armring displaybricka JWB024<\/p>\n","protected":false},"featured_media":41090,"comment_status":"open","ping_status":"closed","template":"","meta":[],"product_brand":[],"product_cat":[33],"product_tag":[],"class_list":{"0":"post-12896","1":"product","2":"type-product","3":"status-publish","4":"has-post-thumbnail","6":"product_cat-okategoriserad","8":"first","9":"instock","10":"shipping-taxable","11":"purchasable","12":"product-type-simple"},"_links":{"self":[{"href":"https:\/\/nordicmart.andreevmaster.com\/sv\/wp-json\/wp\/v2\/product\/12896","targetHints":{"allow":["GET"]}}],"collection":[{"href":"https:\/\/nordicmart.andreevmaster.com\/sv\/wp-json\/wp\/v2\/product"}],"about":[{"href":"https:\/\/nordicmart.andreevmaster.com\/sv\/wp-json\/wp\/v2\/types\/product"}],"replies":[{"embeddable":true,"href":"https:\/\/nordicmart.andreevmaster.com\/sv\/wp-json\/wp\/v2\/comments?post=12896"}],"wp:featuredmedia":[{"embeddable":true,"href":"https:\/\/nordicmart.andreevmaster.com\/sv\/wp-json\/wp\/v2\/media\/41090"}],"wp:attachment":[{"href":"https:\/\/nordicmart.andreevmaster.com\/sv\/wp-json\/wp\/v2\/media?parent=12896"}],"wp:term":[{"taxonomy":"product_brand","embeddable":true,"href":"https:\/\/nordicmart.andreevmaster.com\/sv\/wp-json\/wp\/v2\/product_brand?post=12896"},{"taxonomy":"product_cat","embeddable":true,"href":"https:\/\/nordicmart.andreevmaster.com\/sv\/wp-json\/wp\/v2\/product_cat?post=12896"},{"taxonomy":"product_tag","embeddable":true,"href":"https:\/\/nordicmart.andreevmaster.com\/sv\/wp-json\/wp\/v2\/product_tag?post=12896"}],"curies":[{"name":"wp","href":"https:\/\/api.w.org\/{rel}","templated":true}]}}