{"id":12895,"date":"2026-02-27T00:15:45","date_gmt":"2026-02-27T00:15:45","guid":{"rendered":"https:\/\/nordicmart.andreevmaster.com\/product\/songmics-stor-urlada-for-24-klockor\/"},"modified":"2026-02-27T08:09:28","modified_gmt":"2026-02-27T08:09:28","slug":"songmics-stor-urlada-for-24-klockor","status":"publish","type":"product","link":"https:\/\/nordicmart.andreevmaster.com\/sv\/produkt\/songmics-stor-urlada-for-24-klockor\/","title":{"rendered":"SONGMICS Stor url\u00e5da f\u00f6r 24 klockor"},"content":{"rendered":"<p>Produktens huvudsakliga egenskaper &#8211; Glasf\u00f6nster: l\u00e4tt att reng\u00f6ra och repas inte. &#8211; Ramen: har ett svart konstl\u00e4der\u00f6verdrag med vita kontrasts\u00f6mmar. &#8211; Optimal skydd tack vare l\u00e5sbar sn\u00e4ppl\u00e5s inklusive 2 nycklar &#8211; Ramens tjocklek: 0,70 cm &#8211; Inre utrymme: l\u00e5ng sammet, skyddar dina klockor b\u00e4ttre Beskrivning:- Denna praktiska klockask i stilren design skyddar din klocksamling mot damm och repor. &#8211; Plats f\u00f6r 24 armbandsur. &#8211; Glaslock f\u00f6r presentation. &#8211; Utrustad med sn\u00e4ppl\u00e5s. &#8211; 24 stycken avtagbara velourkuddar. Leveransomfattning: &#8211; 1 x klockask. &#8211; Utan klockor och smycken.<\/p>\n","protected":false},"excerpt":{"rendered":"<p>SONGMICS Ny svart 24 armbandsur f\u00f6rvaringsbox fodral armband armring displaybricka JWB024<\/p>\n","protected":false},"featured_media":41089,"comment_status":"open","ping_status":"closed","template":"","meta":[],"product_brand":[],"product_cat":[33],"product_tag":[],"class_list":{"0":"post-12895","1":"product","2":"type-product","3":"status-publish","4":"has-post-thumbnail","6":"product_cat-okategoriserad","8":"first","9":"instock","10":"shipping-taxable","11":"purchasable","12":"product-type-simple"},"_links":{"self":[{"href":"https:\/\/nordicmart.andreevmaster.com\/sv\/wp-json\/wp\/v2\/product\/12895","targetHints":{"allow":["GET"]}}],"collection":[{"href":"https:\/\/nordicmart.andreevmaster.com\/sv\/wp-json\/wp\/v2\/product"}],"about":[{"href":"https:\/\/nordicmart.andreevmaster.com\/sv\/wp-json\/wp\/v2\/types\/product"}],"replies":[{"embeddable":true,"href":"https:\/\/nordicmart.andreevmaster.com\/sv\/wp-json\/wp\/v2\/comments?post=12895"}],"wp:featuredmedia":[{"embeddable":true,"href":"https:\/\/nordicmart.andreevmaster.com\/sv\/wp-json\/wp\/v2\/media\/41089"}],"wp:attachment":[{"href":"https:\/\/nordicmart.andreevmaster.com\/sv\/wp-json\/wp\/v2\/media?parent=12895"}],"wp:term":[{"taxonomy":"product_brand","embeddable":true,"href":"https:\/\/nordicmart.andreevmaster.com\/sv\/wp-json\/wp\/v2\/product_brand?post=12895"},{"taxonomy":"product_cat","embeddable":true,"href":"https:\/\/nordicmart.andreevmaster.com\/sv\/wp-json\/wp\/v2\/product_cat?post=12895"},{"taxonomy":"product_tag","embeddable":true,"href":"https:\/\/nordicmart.andreevmaster.com\/sv\/wp-json\/wp\/v2\/product_tag?post=12895"}],"curies":[{"name":"wp","href":"https:\/\/api.w.org\/{rel}","templated":true}]}}