{"id":12894,"date":"2026-02-27T00:15:45","date_gmt":"2026-02-27T00:15:45","guid":{"rendered":"https:\/\/nordicmart.andreevmaster.com\/product\/songmics-home-ronne-kollektion-klockbox-med-3-nivaer\/"},"modified":"2026-02-27T08:09:28","modified_gmt":"2026-02-27T08:09:28","slug":"songmics-home-ronne-kollektion-klockbox-med-3-nivaer","status":"publish","type":"product","link":"https:\/\/nordicmart.andreevmaster.com\/sv\/produkt\/songmics-home-ronne-kollektion-klockbox-med-3-nivaer\/","title":{"rendered":"SONGMICS HOME RONNE-kollektion \u2013 klockbox med 3 niv\u00e5er"},"content":{"rendered":"<p>SONGMICS HOME RONNE-kollektion \u2013 klockbox med 3 niv\u00e5er, 8 fack f\u00f6r klockor, stapelbar, PU i fl\u00e4tad look, sv\u00e4vande effekt, presentid\u00e9, kl\u00e4dsel i bl\u00e4ck svart, innerfoder i bl\u00e4ck svart JWB021B01<br \/>\nF\u00e4rg: \u00d6verdrag i bl\u00e4ck svart, innerfoder i vinr\u00f6tt<br \/>\nMaterial: PU (polyuretan), imiterat mocka, metall, glas<br \/>\nStorlek: 16,3 x 27,3 x 20,5 cm (D x B x H)<br \/>\nVikt: 2,1 kg<\/p>\n","protected":false},"excerpt":{"rendered":"<p>SONGMICS HOME RONNE-kollektion \u2013 klockbox med 3 niv\u00e5er, 8 fack f\u00f6r klockor, stapelbar, PU i fl\u00e4tad look, sv\u00e4vande effekt, presentid\u00e9, kl\u00e4dsel i bl\u00e4ck svart, innerfoder i bl\u00e4ck svart JWB021B01<\/p>\n","protected":false},"featured_media":41088,"comment_status":"open","ping_status":"closed","template":"","meta":[],"product_brand":[],"product_cat":[33],"product_tag":[],"class_list":{"0":"post-12894","1":"product","2":"type-product","3":"status-publish","4":"has-post-thumbnail","6":"product_cat-okategoriserad","8":"first","9":"instock","10":"shipping-taxable","11":"purchasable","12":"product-type-simple"},"_links":{"self":[{"href":"https:\/\/nordicmart.andreevmaster.com\/sv\/wp-json\/wp\/v2\/product\/12894","targetHints":{"allow":["GET"]}}],"collection":[{"href":"https:\/\/nordicmart.andreevmaster.com\/sv\/wp-json\/wp\/v2\/product"}],"about":[{"href":"https:\/\/nordicmart.andreevmaster.com\/sv\/wp-json\/wp\/v2\/types\/product"}],"replies":[{"embeddable":true,"href":"https:\/\/nordicmart.andreevmaster.com\/sv\/wp-json\/wp\/v2\/comments?post=12894"}],"wp:featuredmedia":[{"embeddable":true,"href":"https:\/\/nordicmart.andreevmaster.com\/sv\/wp-json\/wp\/v2\/media\/41088"}],"wp:attachment":[{"href":"https:\/\/nordicmart.andreevmaster.com\/sv\/wp-json\/wp\/v2\/media?parent=12894"}],"wp:term":[{"taxonomy":"product_brand","embeddable":true,"href":"https:\/\/nordicmart.andreevmaster.com\/sv\/wp-json\/wp\/v2\/product_brand?post=12894"},{"taxonomy":"product_cat","embeddable":true,"href":"https:\/\/nordicmart.andreevmaster.com\/sv\/wp-json\/wp\/v2\/product_cat?post=12894"},{"taxonomy":"product_tag","embeddable":true,"href":"https:\/\/nordicmart.andreevmaster.com\/sv\/wp-json\/wp\/v2\/product_tag?post=12894"}],"curies":[{"name":"wp","href":"https:\/\/api.w.org\/{rel}","templated":true}]}}