{"id":12892,"date":"2026-02-27T00:15:44","date_gmt":"2026-02-27T00:15:44","guid":{"rendered":"https:\/\/nordicmart.andreevmaster.com\/product\/songmics-klocklada-med-2-nivaer\/"},"modified":"2026-02-27T08:09:28","modified_gmt":"2026-02-27T08:09:28","slug":"songmics-klocklada-med-2-nivaer","status":"publish","type":"product","link":"https:\/\/nordicmart.andreevmaster.com\/sv\/produkt\/songmics-klocklada-med-2-nivaer\/","title":{"rendered":"SONGMICS klockl\u00e5da med 2 niv\u00e5er"},"content":{"rendered":"<p>SONGMICS klockbox klockv\u00e4ska klockask f\u00f6r 20 klockor JWB020<br \/>\nF\u00e4rg: PU-\u00f6verdrag i svart, sammetfoder i svart<br \/>\nMaterial: MDF (medeldensitetsfiberplatta), sammet, PU, glas<br \/>\nStorlek: 20,5 x 28,5 x 16,5 cm (D x B x H)<br \/>\nVikt: 2,3 kg<\/p>\n","protected":false},"excerpt":{"rendered":"<p>SONGMICS klockbox klockv\u00e4ska klockask f\u00f6r 20 klockor JWB020<\/p>\n","protected":false},"featured_media":41086,"comment_status":"open","ping_status":"closed","template":"","meta":[],"product_brand":[],"product_cat":[33],"product_tag":[],"class_list":{"0":"post-12892","1":"product","2":"type-product","3":"status-publish","4":"has-post-thumbnail","6":"product_cat-okategoriserad","8":"first","9":"instock","10":"shipping-taxable","11":"purchasable","12":"product-type-simple"},"_links":{"self":[{"href":"https:\/\/nordicmart.andreevmaster.com\/sv\/wp-json\/wp\/v2\/product\/12892","targetHints":{"allow":["GET"]}}],"collection":[{"href":"https:\/\/nordicmart.andreevmaster.com\/sv\/wp-json\/wp\/v2\/product"}],"about":[{"href":"https:\/\/nordicmart.andreevmaster.com\/sv\/wp-json\/wp\/v2\/types\/product"}],"replies":[{"embeddable":true,"href":"https:\/\/nordicmart.andreevmaster.com\/sv\/wp-json\/wp\/v2\/comments?post=12892"}],"wp:featuredmedia":[{"embeddable":true,"href":"https:\/\/nordicmart.andreevmaster.com\/sv\/wp-json\/wp\/v2\/media\/41086"}],"wp:attachment":[{"href":"https:\/\/nordicmart.andreevmaster.com\/sv\/wp-json\/wp\/v2\/media?parent=12892"}],"wp:term":[{"taxonomy":"product_brand","embeddable":true,"href":"https:\/\/nordicmart.andreevmaster.com\/sv\/wp-json\/wp\/v2\/product_brand?post=12892"},{"taxonomy":"product_cat","embeddable":true,"href":"https:\/\/nordicmart.andreevmaster.com\/sv\/wp-json\/wp\/v2\/product_cat?post=12892"},{"taxonomy":"product_tag","embeddable":true,"href":"https:\/\/nordicmart.andreevmaster.com\/sv\/wp-json\/wp\/v2\/product_tag?post=12892"}],"curies":[{"name":"wp","href":"https:\/\/api.w.org\/{rel}","templated":true}]}}