{"id":12888,"date":"2026-02-27T00:15:43","date_gmt":"2026-02-27T00:15:43","guid":{"rendered":"https:\/\/nordicmart.andreevmaster.com\/product\/songmicshome-klockbox-med-overdrag-och-innerfoder-i-black-svart\/"},"modified":"2026-02-27T08:09:27","modified_gmt":"2026-02-27T08:09:27","slug":"songmicshome-klockbox-med-overdrag-och-innerfoder-i-black-svart","status":"publish","type":"product","link":"https:\/\/nordicmart.andreevmaster.com\/sv\/produkt\/songmicshome-klockbox-med-overdrag-och-innerfoder-i-black-svart\/","title":{"rendered":"SONGMICSHOME klockbox med \u00f6verdrag och innerfoder i bl\u00e4ck svart"},"content":{"rendered":"<p>SONGMICS HOME RONNE-kollektion \u2013 klockbox f\u00f6r resan, etui f\u00f6r 3 klockor, PU i fl\u00e4tad look, 10 x 20 x 9 cm, presentid\u00e9, \u00f6verdrag i svart, innerfoder i skiffergr\u00e5tt JWB017G01<br \/>\nF\u00e4rg: \u00d6verdrag i bl\u00e4ck svart, innerfoder i bl\u00e4ck svart<br \/>\nMaterial: PU (polyuretan), imiterat mocka, metall<br \/>\nStorlek: 10 x 20 x 9 cm (D x B x H)<br \/>\nVikt: 390 g<\/p>\n","protected":false},"excerpt":{"rendered":"<p>SONGMICS HOME RONNE-kollektion \u2013 klockbox f\u00f6r resan, etui f\u00f6r 3 klockor, PU i fl\u00e4tad look, 10 x 20 x 9 cm, presentid\u00e9, \u00f6verdrag i svart, innerfoder i skiffergr\u00e5tt JWB017G01<\/p>\n","protected":false},"featured_media":41082,"comment_status":"open","ping_status":"closed","template":"","meta":[],"product_brand":[],"product_cat":[33],"product_tag":[],"class_list":{"0":"post-12888","1":"product","2":"type-product","3":"status-publish","4":"has-post-thumbnail","6":"product_cat-okategoriserad","8":"first","9":"instock","10":"shipping-taxable","11":"purchasable","12":"product-type-simple"},"_links":{"self":[{"href":"https:\/\/nordicmart.andreevmaster.com\/sv\/wp-json\/wp\/v2\/product\/12888","targetHints":{"allow":["GET"]}}],"collection":[{"href":"https:\/\/nordicmart.andreevmaster.com\/sv\/wp-json\/wp\/v2\/product"}],"about":[{"href":"https:\/\/nordicmart.andreevmaster.com\/sv\/wp-json\/wp\/v2\/types\/product"}],"replies":[{"embeddable":true,"href":"https:\/\/nordicmart.andreevmaster.com\/sv\/wp-json\/wp\/v2\/comments?post=12888"}],"wp:featuredmedia":[{"embeddable":true,"href":"https:\/\/nordicmart.andreevmaster.com\/sv\/wp-json\/wp\/v2\/media\/41082"}],"wp:attachment":[{"href":"https:\/\/nordicmart.andreevmaster.com\/sv\/wp-json\/wp\/v2\/media?parent=12888"}],"wp:term":[{"taxonomy":"product_brand","embeddable":true,"href":"https:\/\/nordicmart.andreevmaster.com\/sv\/wp-json\/wp\/v2\/product_brand?post=12888"},{"taxonomy":"product_cat","embeddable":true,"href":"https:\/\/nordicmart.andreevmaster.com\/sv\/wp-json\/wp\/v2\/product_cat?post=12888"},{"taxonomy":"product_tag","embeddable":true,"href":"https:\/\/nordicmart.andreevmaster.com\/sv\/wp-json\/wp\/v2\/product_tag?post=12888"}],"curies":[{"name":"wp","href":"https:\/\/api.w.org\/{rel}","templated":true}]}}