{"id":12883,"date":"2026-02-27T00:15:42","date_gmt":"2026-02-27T00:15:42","guid":{"rendered":"https:\/\/nordicmart.andreevmaster.com\/product\/songmics-klockbox-med-lada\/"},"modified":"2026-02-27T08:09:26","modified_gmt":"2026-02-27T08:09:26","slug":"songmics-klockbox-med-lada","status":"publish","type":"product","link":"https:\/\/nordicmart.andreevmaster.com\/sv\/produkt\/songmics-klockbox-med-lada\/","title":{"rendered":"SONGMICS klockbox med l\u00e5da"},"content":{"rendered":"<p>Din v\u00e4rdefulla klocksamling f\u00f6rtj\u00e4nar en h\u00f6gkvalitativ klockl\u00e5da. Denna klockl\u00e5da fr\u00e5n SONGMICS \u00e4r det perfekta valet f\u00f6r alla som \u00e4ger m\u00e5nga armbandsur. F\u00f6rdelarna med denna klassiska klockl\u00e5da med 2 niv\u00e5er i korthet: &#8211; Med klockkuddar: Klockkuddarna \u00e4r mjuka och stabila och st\u00f6der dina klockor v\u00e4l s\u00e5 att de beh\u00e5ller sin form. &#8211; Rymlig: De 12 facken p\u00e5 det \u00f6vre planet rymmer olika typer av armbandsur. Manschettknappar, ringar, glas\u00f6gon och halsband kan f\u00f6rvaras p\u00e5 det nedre planet. &#8211; Perfekt presentid\u00e9: Klockboxen \u00e4r en perfekt present till br\u00f6llopsdag eller examen. &#8211; Metall\u00e5s: Metall\u00e5set kan enkelt \u00f6ppnas med en hand, vilket \u00e4r mycket praktiskt. &#8211; Inklusive 2 nycklar: L\u00e5set p\u00e5 den \u00f6vre niv\u00e5n och de 2 medf\u00f6ljande nycklarna skyddar dina klockor fr\u00e5n obeh\u00f6riga. Produktdetaljer: &#8211; F\u00e4rg: PU-\u00f6verdrag i brunt, innerfoder i brunt &#8211; Material: MDF (medeldensitetsfiberplatta), PU, sammet, glas &#8211; Storlek: 19,5 x 33 x 14 cm (D x B x H) &#8211; Vikt: 2,2 kg Leveransomfattning: &#8211; 1 x klockbox &#8211; 2 x nycklar SONGMICS Anvisningar: &#8211; Skydda produkten fr\u00e5n fukt. &#8211; Om produkten har damm p\u00e5 ytan efter anv\u00e4ndning, torka av ytan med en mjuk trasa.<\/p>\n","protected":false},"excerpt":{"rendered":"<p>SONGMICS klockbox, klockask f\u00f6r 12 klockor, smyckeskrin, smyckeskrin med l\u00e5da, lock av glas, f\u00f6r damer och herrar, svart JWB012<\/p>\n","protected":false},"featured_media":41077,"comment_status":"open","ping_status":"closed","template":"","meta":[],"product_brand":[],"product_cat":[33],"product_tag":[],"class_list":{"0":"post-12883","1":"product","2":"type-product","3":"status-publish","4":"has-post-thumbnail","6":"product_cat-okategoriserad","8":"first","9":"instock","10":"shipping-taxable","11":"purchasable","12":"product-type-simple"},"_links":{"self":[{"href":"https:\/\/nordicmart.andreevmaster.com\/sv\/wp-json\/wp\/v2\/product\/12883","targetHints":{"allow":["GET"]}}],"collection":[{"href":"https:\/\/nordicmart.andreevmaster.com\/sv\/wp-json\/wp\/v2\/product"}],"about":[{"href":"https:\/\/nordicmart.andreevmaster.com\/sv\/wp-json\/wp\/v2\/types\/product"}],"replies":[{"embeddable":true,"href":"https:\/\/nordicmart.andreevmaster.com\/sv\/wp-json\/wp\/v2\/comments?post=12883"}],"wp:featuredmedia":[{"embeddable":true,"href":"https:\/\/nordicmart.andreevmaster.com\/sv\/wp-json\/wp\/v2\/media\/41077"}],"wp:attachment":[{"href":"https:\/\/nordicmart.andreevmaster.com\/sv\/wp-json\/wp\/v2\/media?parent=12883"}],"wp:term":[{"taxonomy":"product_brand","embeddable":true,"href":"https:\/\/nordicmart.andreevmaster.com\/sv\/wp-json\/wp\/v2\/product_brand?post=12883"},{"taxonomy":"product_cat","embeddable":true,"href":"https:\/\/nordicmart.andreevmaster.com\/sv\/wp-json\/wp\/v2\/product_cat?post=12883"},{"taxonomy":"product_tag","embeddable":true,"href":"https:\/\/nordicmart.andreevmaster.com\/sv\/wp-json\/wp\/v2\/product_tag?post=12883"}],"curies":[{"name":"wp","href":"https:\/\/api.w.org\/{rel}","templated":true}]}}