{"id":12882,"date":"2026-02-27T00:15:42","date_gmt":"2026-02-27T00:15:42","guid":{"rendered":"https:\/\/nordicmart.andreevmaster.com\/product\/songmics-klockbox-med-2-nivaer-svart\/"},"modified":"2026-02-27T08:09:26","modified_gmt":"2026-02-27T08:09:26","slug":"songmics-klockbox-med-2-nivaer-svart","status":"publish","type":"product","link":"https:\/\/nordicmart.andreevmaster.com\/sv\/produkt\/songmics-klockbox-med-2-nivaer-svart\/","title":{"rendered":"SONGMICS klockbox med 2 niv\u00e5er Svart"},"content":{"rendered":"<p>Var \u00e4r min klocka? Gl\u00f6mmer du ocks\u00e5 alltid var du har lagt din klocka? Denna klassiska, eleganta klockbox med glaslock har plats f\u00f6r 12 klockor som tidigare samlade damm p\u00e5 ditt nattduksbord eller l\u00e5g och skr\u00e4pade i en byr\u00e5. Skydd \u00e4r prioriterat: Oavsett om du \u00e4r en entusiastisk klockfantast eller precis har b\u00f6rjat samla, b\u00f6r du skydda dina smycken. Det h\u00f6gkvalitativa sammetfodret, de smala kuddarna och glaslocket p\u00e5 denna klockl\u00e5da \u00e4r perfekta f\u00f6r att skydda dina klockor fr\u00e5n repor. Dessutom erbjuder l\u00e5dan en perfekt presentationsyta f\u00f6r dina klockor, s\u00e5 att du kan beundra dem n\u00e4r som helst eller visa upp dem f\u00f6r dina v\u00e4nner.Produktdetaljer: F\u00e4rg: Svart konstl\u00e4der\u00f6verdrag, gr\u00e5tt innerfoder Material: MDF (medeldensitetsfiberplatta), PU (polyuretan), sammet, glas Storlek: 32,5 x 19,5 x 11,5 cm (L x B x H) Vikt: 2 kg Leveransomfattning: 1 x klockl\u00e5da 2 x nycklar<\/p>\n","protected":false},"excerpt":{"rendered":"<p>SONGMICS klockbox, klockask f\u00f6r 12 klockor, smyckeskrin, smyckeskrin med l\u00e5da, lock av glas, f\u00f6r damer och herrar, svart JWB012<\/p>\n","protected":false},"featured_media":41076,"comment_status":"open","ping_status":"closed","template":"","meta":[],"product_brand":[],"product_cat":[33],"product_tag":[],"class_list":{"0":"post-12882","1":"product","2":"type-product","3":"status-publish","4":"has-post-thumbnail","6":"product_cat-okategoriserad","8":"first","9":"instock","10":"shipping-taxable","11":"purchasable","12":"product-type-simple"},"_links":{"self":[{"href":"https:\/\/nordicmart.andreevmaster.com\/sv\/wp-json\/wp\/v2\/product\/12882","targetHints":{"allow":["GET"]}}],"collection":[{"href":"https:\/\/nordicmart.andreevmaster.com\/sv\/wp-json\/wp\/v2\/product"}],"about":[{"href":"https:\/\/nordicmart.andreevmaster.com\/sv\/wp-json\/wp\/v2\/types\/product"}],"replies":[{"embeddable":true,"href":"https:\/\/nordicmart.andreevmaster.com\/sv\/wp-json\/wp\/v2\/comments?post=12882"}],"wp:featuredmedia":[{"embeddable":true,"href":"https:\/\/nordicmart.andreevmaster.com\/sv\/wp-json\/wp\/v2\/media\/41076"}],"wp:attachment":[{"href":"https:\/\/nordicmart.andreevmaster.com\/sv\/wp-json\/wp\/v2\/media?parent=12882"}],"wp:term":[{"taxonomy":"product_brand","embeddable":true,"href":"https:\/\/nordicmart.andreevmaster.com\/sv\/wp-json\/wp\/v2\/product_brand?post=12882"},{"taxonomy":"product_cat","embeddable":true,"href":"https:\/\/nordicmart.andreevmaster.com\/sv\/wp-json\/wp\/v2\/product_cat?post=12882"},{"taxonomy":"product_tag","embeddable":true,"href":"https:\/\/nordicmart.andreevmaster.com\/sv\/wp-json\/wp\/v2\/product_tag?post=12882"}],"curies":[{"name":"wp","href":"https:\/\/api.w.org\/{rel}","templated":true}]}}