{"id":12881,"date":"2026-02-27T00:15:42","date_gmt":"2026-02-27T00:15:42","guid":{"rendered":"https:\/\/nordicmart.andreevmaster.com\/product\/songmics-klockask-med-glaslock-1-lada-presentide-svart\/"},"modified":"2026-02-27T08:09:26","modified_gmt":"2026-02-27T08:09:26","slug":"songmics-klockask-med-glaslock-1-lada-presentide-svart","status":"publish","type":"product","link":"https:\/\/nordicmart.andreevmaster.com\/sv\/produkt\/songmics-klockask-med-glaslock-1-lada-presentide-svart\/","title":{"rendered":"SONGMICS klockask med glaslock 1 l\u00e5da Presentid\u00e9 svart"},"content":{"rendered":"<p>SONGMICS klockbox, klockask f\u00f6r 12 klockor, smyckeskrin, smyckeskrin med l\u00e5da, lock av glas, f\u00f6r damer och herrar, svart JWB012<br \/>\nF\u00e4rg: PU-\u00f6verdrag i svart, sammetfoder i svart<br \/>\nMaterial: MDF (medeldensitetsfiberplatta), sammet, PU, papper, glas<br \/>\nStorlek: 18,5 x 32,5 x 13,5 cm (D x B x H)<br \/>\nVikt: 2 kg<\/p>\n","protected":false},"excerpt":{"rendered":"<p>SONGMICS klockbox, klockask f\u00f6r 12 klockor, smyckeskrin, smyckeskrin med l\u00e5da, lock av glas, f\u00f6r damer och herrar, svart JWB012<\/p>\n","protected":false},"featured_media":41075,"comment_status":"open","ping_status":"closed","template":"","meta":[],"product_brand":[],"product_cat":[33],"product_tag":[],"class_list":{"0":"post-12881","1":"product","2":"type-product","3":"status-publish","4":"has-post-thumbnail","6":"product_cat-okategoriserad","8":"first","9":"instock","10":"shipping-taxable","11":"purchasable","12":"product-type-simple"},"_links":{"self":[{"href":"https:\/\/nordicmart.andreevmaster.com\/sv\/wp-json\/wp\/v2\/product\/12881","targetHints":{"allow":["GET"]}}],"collection":[{"href":"https:\/\/nordicmart.andreevmaster.com\/sv\/wp-json\/wp\/v2\/product"}],"about":[{"href":"https:\/\/nordicmart.andreevmaster.com\/sv\/wp-json\/wp\/v2\/types\/product"}],"replies":[{"embeddable":true,"href":"https:\/\/nordicmart.andreevmaster.com\/sv\/wp-json\/wp\/v2\/comments?post=12881"}],"wp:featuredmedia":[{"embeddable":true,"href":"https:\/\/nordicmart.andreevmaster.com\/sv\/wp-json\/wp\/v2\/media\/41075"}],"wp:attachment":[{"href":"https:\/\/nordicmart.andreevmaster.com\/sv\/wp-json\/wp\/v2\/media?parent=12881"}],"wp:term":[{"taxonomy":"product_brand","embeddable":true,"href":"https:\/\/nordicmart.andreevmaster.com\/sv\/wp-json\/wp\/v2\/product_brand?post=12881"},{"taxonomy":"product_cat","embeddable":true,"href":"https:\/\/nordicmart.andreevmaster.com\/sv\/wp-json\/wp\/v2\/product_cat?post=12881"},{"taxonomy":"product_tag","embeddable":true,"href":"https:\/\/nordicmart.andreevmaster.com\/sv\/wp-json\/wp\/v2\/product_tag?post=12881"}],"curies":[{"name":"wp","href":"https:\/\/api.w.org\/{rel}","templated":true}]}}