{"id":12877,"date":"2026-02-27T00:15:41","date_gmt":"2026-02-27T00:15:41","guid":{"rendered":"https:\/\/nordicmart.andreevmaster.com\/product\/songmics-elegant-urlada-for-10-klockor\/"},"modified":"2026-02-27T08:09:25","modified_gmt":"2026-02-27T08:09:25","slug":"songmics-elegant-urlada-for-10-klockor","status":"publish","type":"product","link":"https:\/\/nordicmart.andreevmaster.com\/sv\/produkt\/songmics-elegant-urlada-for-10-klockor\/","title":{"rendered":"SONGMICS Elegant url\u00e5da f\u00f6r 10 klockor"},"content":{"rendered":"<p>Avtagbara klockkuddar Klockkuddarna passar perfekt i boxens fack, s\u00e5 att dina klockor alltid ligger p\u00e5 plats utan att r\u00f6ra sig och d\u00e4rmed skadas av st\u00f6tar. Utan kuddar f\u00f6rvandlas denna box till en l\u00e5da f\u00f6r smycken, sm\u00e5 accessoarer etc. En utm\u00e4rkt presentid\u00e9 Denna eleganta klockbox \u00e4r en utm\u00e4rkt present till f\u00f6delsedagar, br\u00f6llopsdagar etc. Om du ger denna url\u00e5da till din pappa p\u00e5 fars dag kommer han s\u00e4kert att str\u00e5la av gl\u00e4dje. En investering som l\u00f6nar sig Url\u00e5dan skyddar inte bara dina dyrbara klockor fr\u00e5n smuts, repor, skador etc., utan fungerar ocks\u00e5 som en stilfull dekoration i ditt rum. S\u00e5 tveka inte l\u00e4nge, utan sl\u00e5 till! Du kommer inte att \u00e5ngra dig! Flera valm\u00f6jligheter Vi erbjuder ett stort utbud av klockboxar i olika storlekar och f\u00e4rger. S\u00f6k bara efter &#8221;SONGMICS klockbox&#8221; f\u00f6r att l\u00e4ra dig mer. Produktdetaljer:- F\u00e4rg: svart &#8211; Material: MDF-skivor, PU, sammet, glas &#8211; M\u00e5tt: 25 x 7,5 x 20 cm (B x H x D) &#8211; M\u00e5tt per fack: 9,2 x 4,5 cm &#8211; Vikt: 0,95 kg Leveransomfattning: &#8211; 1 x klockbox<\/p>\n","protected":false},"excerpt":{"rendered":"<p>SONGMICS klockbox f\u00f6r 10 klockor med glasf\u00f6nster Svart JWB010<\/p>\n","protected":false},"featured_media":41071,"comment_status":"open","ping_status":"closed","template":"","meta":[],"product_brand":[],"product_cat":[33],"product_tag":[],"class_list":{"0":"post-12877","1":"product","2":"type-product","3":"status-publish","4":"has-post-thumbnail","6":"product_cat-okategoriserad","8":"first","9":"instock","10":"shipping-taxable","11":"purchasable","12":"product-type-simple"},"_links":{"self":[{"href":"https:\/\/nordicmart.andreevmaster.com\/sv\/wp-json\/wp\/v2\/product\/12877","targetHints":{"allow":["GET"]}}],"collection":[{"href":"https:\/\/nordicmart.andreevmaster.com\/sv\/wp-json\/wp\/v2\/product"}],"about":[{"href":"https:\/\/nordicmart.andreevmaster.com\/sv\/wp-json\/wp\/v2\/types\/product"}],"replies":[{"embeddable":true,"href":"https:\/\/nordicmart.andreevmaster.com\/sv\/wp-json\/wp\/v2\/comments?post=12877"}],"wp:featuredmedia":[{"embeddable":true,"href":"https:\/\/nordicmart.andreevmaster.com\/sv\/wp-json\/wp\/v2\/media\/41071"}],"wp:attachment":[{"href":"https:\/\/nordicmart.andreevmaster.com\/sv\/wp-json\/wp\/v2\/media?parent=12877"}],"wp:term":[{"taxonomy":"product_brand","embeddable":true,"href":"https:\/\/nordicmart.andreevmaster.com\/sv\/wp-json\/wp\/v2\/product_brand?post=12877"},{"taxonomy":"product_cat","embeddable":true,"href":"https:\/\/nordicmart.andreevmaster.com\/sv\/wp-json\/wp\/v2\/product_cat?post=12877"},{"taxonomy":"product_tag","embeddable":true,"href":"https:\/\/nordicmart.andreevmaster.com\/sv\/wp-json\/wp\/v2\/product_tag?post=12877"}],"curies":[{"name":"wp","href":"https:\/\/api.w.org\/{rel}","templated":true}]}}