{"id":12875,"date":"2026-02-27T00:15:40","date_gmt":"2026-02-27T00:15:40","guid":{"rendered":"https:\/\/nordicmart.andreevmaster.com\/product\/songmics-aparte-klockbox-for-10-klockor\/"},"modified":"2026-02-27T08:09:25","modified_gmt":"2026-02-27T08:09:25","slug":"songmics-aparte-klockbox-for-10-klockor","status":"publish","type":"product","link":"https:\/\/nordicmart.andreevmaster.com\/sv\/produkt\/songmics-aparte-klockbox-for-10-klockor\/","title":{"rendered":"SONGMICS Aparte klockbox f\u00f6r 10 klockor"},"content":{"rendered":"<p>Leveransomfattning: &#8211; 1 x klockbox &#8211; 2 x nycklar F\u00f6rvaring och sk\u00f6tsel: &#8211; F\u00f6rvara klockboxen i ett ventilerat rum och undvik att l\u00e4mna boxen i solen eller i ett rum med h\u00f6g luftfuktighet under l\u00e4ngre tid. L\u00e4mplig temperatur: 10-40 \u2103. &#8211; Fl\u00e4ckar p\u00e5 ytan kan torkas bort med en l\u00e4tt fuktad trasa. Undvik att vatten tr\u00e4nger in i klockboxen. &#8211; Anv\u00e4nd regelbundet ett speciellt v\u00e5rdmedel f\u00f6r l\u00e4der f\u00f6r att bevara l\u00e4drets glans under l\u00e5ng tid.  &#8211; Skydda klockboxen fr\u00e5n att krossas vid f\u00f6rvaring.  &#8211; F\u00f6rvara inte klockboxen tillsammans med kemikalier. <\/p>\n","protected":false},"excerpt":{"rendered":"<p>SONGMICS klockbox f\u00f6r 10 klockor med glasf\u00f6nster Svart JWB010<\/p>\n","protected":false},"featured_media":41069,"comment_status":"open","ping_status":"closed","template":"","meta":[],"product_brand":[],"product_cat":[33],"product_tag":[],"class_list":{"0":"post-12875","1":"product","2":"type-product","3":"status-publish","4":"has-post-thumbnail","6":"product_cat-okategoriserad","8":"first","9":"instock","10":"shipping-taxable","11":"purchasable","12":"product-type-simple"},"_links":{"self":[{"href":"https:\/\/nordicmart.andreevmaster.com\/sv\/wp-json\/wp\/v2\/product\/12875","targetHints":{"allow":["GET"]}}],"collection":[{"href":"https:\/\/nordicmart.andreevmaster.com\/sv\/wp-json\/wp\/v2\/product"}],"about":[{"href":"https:\/\/nordicmart.andreevmaster.com\/sv\/wp-json\/wp\/v2\/types\/product"}],"replies":[{"embeddable":true,"href":"https:\/\/nordicmart.andreevmaster.com\/sv\/wp-json\/wp\/v2\/comments?post=12875"}],"wp:featuredmedia":[{"embeddable":true,"href":"https:\/\/nordicmart.andreevmaster.com\/sv\/wp-json\/wp\/v2\/media\/41069"}],"wp:attachment":[{"href":"https:\/\/nordicmart.andreevmaster.com\/sv\/wp-json\/wp\/v2\/media?parent=12875"}],"wp:term":[{"taxonomy":"product_brand","embeddable":true,"href":"https:\/\/nordicmart.andreevmaster.com\/sv\/wp-json\/wp\/v2\/product_brand?post=12875"},{"taxonomy":"product_cat","embeddable":true,"href":"https:\/\/nordicmart.andreevmaster.com\/sv\/wp-json\/wp\/v2\/product_cat?post=12875"},{"taxonomy":"product_tag","embeddable":true,"href":"https:\/\/nordicmart.andreevmaster.com\/sv\/wp-json\/wp\/v2\/product_tag?post=12875"}],"curies":[{"name":"wp","href":"https:\/\/api.w.org\/{rel}","templated":true}]}}