{"id":12874,"date":"2026-02-27T00:15:40","date_gmt":"2026-02-27T00:15:40","guid":{"rendered":"https:\/\/nordicmart.andreevmaster.com\/product\/songmics-klockbox-for-10-klockor-med-smyckesfack\/"},"modified":"2026-02-27T08:09:25","modified_gmt":"2026-02-27T08:09:25","slug":"songmics-klockbox-for-10-klockor-med-smyckesfack","status":"publish","type":"product","link":"https:\/\/nordicmart.andreevmaster.com\/sv\/produkt\/songmics-klockbox-for-10-klockor-med-smyckesfack\/","title":{"rendered":"SONGMICS klockbox f\u00f6r 10 klockor med smyckesfack"},"content":{"rendered":"<p>Avtagbara klockkuddar \u2013 Du kan ta bort klockkuddarna och f\u00f6rvara knappar, \u00f6rh\u00e4ngen, ringar, kedjor, armband och andra smycken i facken. L\u00e4ttsk\u00f6tt \u2013 Klockboxen med glasruta ser snygg ut. Fl\u00e4ckar p\u00e5 ytan kan enkelt torkas bort med en l\u00e4tt fuktad trasa. Produktens huvudsakliga egenskaper &#8211; Glasf\u00f6nster: l\u00e4tt att reng\u00f6ra och utan repor. &#8211; Ramen: har ett brunt konstl\u00e4der\u00f6verdrag med vita kontrasts\u00f6mmar.  &#8211; Optimal skydd tack vare l\u00e5sbar sn\u00e4ppl\u00e5s inklusive 2 nycklar &#8211; Ramens tjocklek: 0,70 cm &#8211; Inre utrymme: l\u00e5ng sammet, skyddar dina klockor b\u00e4ttre &#8211; Nettovikt: 1,2 kg F\u00f6rvaring och sk\u00f6tsel:- Placera klockboxen i ett ventilerat rum och undvik att l\u00e4mna boxen i solen eller i ett rum med h\u00f6g luftfuktighet under l\u00e4ngre tid. L\u00e4mplig temperatur: 10-40 \u2103. &#8211; Fl\u00e4ckar p\u00e5 ytan kan torkas bort med en l\u00e4tt fuktad trasa. Undvik att vatten tr\u00e4nger in i klockboxen.- Anv\u00e4nd regelbundet ett speciellt v\u00e5rdmedel f\u00f6r l\u00e4der f\u00f6r att bevara l\u00e4drets glans under l\u00e5ng tid. &#8211; Skydda klockboxen fr\u00e5n att bli krossad vid f\u00f6rvaring. &#8211; F\u00f6rvara inte klockboxen tillsammans med kemikalier. Leveransomfattning: &#8211; 1 x klockbox &#8211; Utan klockor och smycken<\/p>\n","protected":false},"excerpt":{"rendered":"<p>SONGMICS klockbox klockv\u00e4ska f\u00f6r 10 klockor l\u00e5da klockask smyckeskrin JWB007<\/p>\n","protected":false},"featured_media":41068,"comment_status":"open","ping_status":"closed","template":"","meta":[],"product_brand":[],"product_cat":[33],"product_tag":[],"class_list":{"0":"post-12874","1":"product","2":"type-product","3":"status-publish","4":"has-post-thumbnail","6":"product_cat-okategoriserad","8":"first","9":"instock","10":"shipping-taxable","11":"purchasable","12":"product-type-simple"},"_links":{"self":[{"href":"https:\/\/nordicmart.andreevmaster.com\/sv\/wp-json\/wp\/v2\/product\/12874","targetHints":{"allow":["GET"]}}],"collection":[{"href":"https:\/\/nordicmart.andreevmaster.com\/sv\/wp-json\/wp\/v2\/product"}],"about":[{"href":"https:\/\/nordicmart.andreevmaster.com\/sv\/wp-json\/wp\/v2\/types\/product"}],"replies":[{"embeddable":true,"href":"https:\/\/nordicmart.andreevmaster.com\/sv\/wp-json\/wp\/v2\/comments?post=12874"}],"wp:featuredmedia":[{"embeddable":true,"href":"https:\/\/nordicmart.andreevmaster.com\/sv\/wp-json\/wp\/v2\/media\/41068"}],"wp:attachment":[{"href":"https:\/\/nordicmart.andreevmaster.com\/sv\/wp-json\/wp\/v2\/media?parent=12874"}],"wp:term":[{"taxonomy":"product_brand","embeddable":true,"href":"https:\/\/nordicmart.andreevmaster.com\/sv\/wp-json\/wp\/v2\/product_brand?post=12874"},{"taxonomy":"product_cat","embeddable":true,"href":"https:\/\/nordicmart.andreevmaster.com\/sv\/wp-json\/wp\/v2\/product_cat?post=12874"},{"taxonomy":"product_tag","embeddable":true,"href":"https:\/\/nordicmart.andreevmaster.com\/sv\/wp-json\/wp\/v2\/product_tag?post=12874"}],"curies":[{"name":"wp","href":"https:\/\/api.w.org\/{rel}","templated":true}]}}