{"id":12873,"date":"2026-02-27T00:15:40","date_gmt":"2026-02-27T00:15:40","guid":{"rendered":"https:\/\/nordicmart.andreevmaster.com\/product\/songmics-klockask-med-6-fack-metallas-presentide-molnvit\/"},"modified":"2026-02-27T08:09:24","modified_gmt":"2026-02-27T08:09:24","slug":"songmics-klockask-med-6-fack-metallas-presentide-molnvit","status":"publish","type":"product","link":"https:\/\/nordicmart.andreevmaster.com\/sv\/produkt\/songmics-klockask-med-6-fack-metallas-presentide-molnvit\/","title":{"rendered":"SONGMICS klockask med 6 fack Metall\u00e5s Presentid\u00e9 molnvit"},"content":{"rendered":"<p>SONGMICS klockbox med 6 fack, klockl\u00e5da med glaslock, f\u00f6rvaringsbox som present, konstl\u00e4der, med klockkudde, 30 x 11 x 8 cm, brun med tr\u00e4m\u00f6nster JWB006K01<br \/>\nF\u00e4rg: PU-\u00f6verdrag i molnvit, sammetfoder i cappuccinobeige<br \/>\nMaterial: MDF (medeldensitetsfiberplatta), sammet, PU, papper, glas<br \/>\nStorlek: 11,2 x 30 x 8 cm (D x B x H)<br \/>\nVikt: 0,6 kg<\/p>\n","protected":false},"excerpt":{"rendered":"<p>SONGMICS klockbox med 6 fack, klockl\u00e5da med glaslock, f\u00f6rvaringsbox som present, konstl\u00e4der, med klockkudde, 30 x 11 x 8 cm, brun med tr\u00e4m\u00f6nster JWB006K01<\/p>\n","protected":false},"featured_media":41067,"comment_status":"open","ping_status":"closed","template":"","meta":[],"product_brand":[],"product_cat":[33],"product_tag":[],"class_list":{"0":"post-12873","1":"product","2":"type-product","3":"status-publish","4":"has-post-thumbnail","6":"product_cat-okategoriserad","8":"first","9":"instock","10":"shipping-taxable","11":"purchasable","12":"product-type-simple"},"_links":{"self":[{"href":"https:\/\/nordicmart.andreevmaster.com\/sv\/wp-json\/wp\/v2\/product\/12873","targetHints":{"allow":["GET"]}}],"collection":[{"href":"https:\/\/nordicmart.andreevmaster.com\/sv\/wp-json\/wp\/v2\/product"}],"about":[{"href":"https:\/\/nordicmart.andreevmaster.com\/sv\/wp-json\/wp\/v2\/types\/product"}],"replies":[{"embeddable":true,"href":"https:\/\/nordicmart.andreevmaster.com\/sv\/wp-json\/wp\/v2\/comments?post=12873"}],"wp:featuredmedia":[{"embeddable":true,"href":"https:\/\/nordicmart.andreevmaster.com\/sv\/wp-json\/wp\/v2\/media\/41067"}],"wp:attachment":[{"href":"https:\/\/nordicmart.andreevmaster.com\/sv\/wp-json\/wp\/v2\/media?parent=12873"}],"wp:term":[{"taxonomy":"product_brand","embeddable":true,"href":"https:\/\/nordicmart.andreevmaster.com\/sv\/wp-json\/wp\/v2\/product_brand?post=12873"},{"taxonomy":"product_cat","embeddable":true,"href":"https:\/\/nordicmart.andreevmaster.com\/sv\/wp-json\/wp\/v2\/product_cat?post=12873"},{"taxonomy":"product_tag","embeddable":true,"href":"https:\/\/nordicmart.andreevmaster.com\/sv\/wp-json\/wp\/v2\/product_tag?post=12873"}],"curies":[{"name":"wp","href":"https:\/\/api.w.org\/{rel}","templated":true}]}}