{"id":12871,"date":"2026-02-27T00:15:39","date_gmt":"2026-02-27T00:15:39","guid":{"rendered":"https:\/\/nordicmart.andreevmaster.com\/product\/songmics-klockbox-med-6-fack-brun\/"},"modified":"2026-02-27T08:09:24","modified_gmt":"2026-02-27T08:09:24","slug":"songmics-klockbox-med-6-fack-brun","status":"publish","type":"product","link":"https:\/\/nordicmart.andreevmaster.com\/sv\/produkt\/songmics-klockbox-med-6-fack-brun\/","title":{"rendered":"SONGMICS klockbox med 6 fack, brun"},"content":{"rendered":"<p>En plats f\u00f6r dina klockor Gl\u00f6mmer du ofta var du lagt dina klockor? Denna tr\u00e4f\u00e4rgade klockbox med 6 fack och glaslock g\u00f6r det m\u00f6jligt att f\u00f6rvara dina klockor p\u00e5 ett ordnat s\u00e4tt, s\u00e5 att de inte ligger utspridda p\u00e5 nattduksbordet eller i byr\u00e5l\u00e5dan.  Skydd f\u00f6rst Oavsett om du \u00e4r en entusiastisk klock\u00e4lskare eller just har b\u00f6rjat samla, \u00e4r ett bra skydd f\u00f6r dina klockor guld v\u00e4rt. Tack vare h\u00f6gkvalitativ sammet, mjuka klockkuddar och produktdetaljer: &#8211; F\u00e4rg: brun med tr\u00e4m\u00f6nster &#8211; Material: MDF (medeldensitetsfiberplatta), sammet, PU-konstl\u00e4der, glas &#8211; Storlek: 30 x 11 x 8 cm (L x B x H) &#8211; Vikt: 0,6 kg Leveransomfattning: &#8211; 1 x klockbox med glaslock kan du utan oro st\u00e4lla ut dina klockor i denna skrin f\u00f6r att beundra deras sk\u00f6nhet eller visa dem f\u00f6r dina v\u00e4nner.F\u00f6r kvinnor och m\u00e4n F\u00f6rvarar du fortfarande dina klockor i din flickv\u00e4ns smyckeskrin? Denna klockbox \u00e4r den perfekta presenten till dig sj\u00e4lv eller till en klockentusiast i din bekantskapskrets. Till f\u00f6delsedagen, alla hj\u00e4rtans dag, examensfesten eller julen f\u00f6r familj, partner eller v\u00e4nner.<\/p>\n","protected":false},"excerpt":{"rendered":"<p>SONGMICS klockbox med 6 fack, klockl\u00e5da med glaslock, f\u00f6rvaringsbox som present, konstl\u00e4der, med klockkudde, 30 x 11 x 8 cm, brun med tr\u00e4m\u00f6nster JWB006K01<\/p>\n","protected":false},"featured_media":41065,"comment_status":"open","ping_status":"closed","template":"","meta":[],"product_brand":[],"product_cat":[33],"product_tag":[],"class_list":{"0":"post-12871","1":"product","2":"type-product","3":"status-publish","4":"has-post-thumbnail","6":"product_cat-okategoriserad","8":"first","9":"instock","10":"shipping-taxable","11":"purchasable","12":"product-type-simple"},"_links":{"self":[{"href":"https:\/\/nordicmart.andreevmaster.com\/sv\/wp-json\/wp\/v2\/product\/12871","targetHints":{"allow":["GET"]}}],"collection":[{"href":"https:\/\/nordicmart.andreevmaster.com\/sv\/wp-json\/wp\/v2\/product"}],"about":[{"href":"https:\/\/nordicmart.andreevmaster.com\/sv\/wp-json\/wp\/v2\/types\/product"}],"replies":[{"embeddable":true,"href":"https:\/\/nordicmart.andreevmaster.com\/sv\/wp-json\/wp\/v2\/comments?post=12871"}],"wp:featuredmedia":[{"embeddable":true,"href":"https:\/\/nordicmart.andreevmaster.com\/sv\/wp-json\/wp\/v2\/media\/41065"}],"wp:attachment":[{"href":"https:\/\/nordicmart.andreevmaster.com\/sv\/wp-json\/wp\/v2\/media?parent=12871"}],"wp:term":[{"taxonomy":"product_brand","embeddable":true,"href":"https:\/\/nordicmart.andreevmaster.com\/sv\/wp-json\/wp\/v2\/product_brand?post=12871"},{"taxonomy":"product_cat","embeddable":true,"href":"https:\/\/nordicmart.andreevmaster.com\/sv\/wp-json\/wp\/v2\/product_cat?post=12871"},{"taxonomy":"product_tag","embeddable":true,"href":"https:\/\/nordicmart.andreevmaster.com\/sv\/wp-json\/wp\/v2\/product_tag?post=12871"}],"curies":[{"name":"wp","href":"https:\/\/api.w.org\/{rel}","templated":true}]}}