{"id":12868,"date":"2026-02-27T00:15:39","date_gmt":"2026-02-27T00:15:39","guid":{"rendered":"https:\/\/nordicmart.andreevmaster.com\/product\/jungle-roller-2\/"},"modified":"2026-02-27T08:09:24","modified_gmt":"2026-02-27T08:09:24","slug":"jungle-roller-2","status":"publish","type":"product","link":"https:\/\/nordicmart.andreevmaster.com\/sv\/produkt\/jungle-roller-2\/","title":{"rendered":"Jungle roller"},"content":{"rendered":"<p>Shining star roller  <\/p>\n<p>Detaljer:<br \/>\n &#8211; kan ers\u00e4tta en st\u00f6tf\u00e5ngare<br \/>\n &#8211; skyddar lilla barnet mot r\u00f6relser<br \/>\n &#8211; fin dekoration, inte bara f\u00f6r barnrummet<br \/>\n &#8211; mycket mjuk och sk\u00f6n att ta p\u00e5. Storlek: 15&#215;70 cm <\/p>\n<p>Material:<br \/>\n&#8211; designad och tillverkad i Polen<br \/>\n&#8211; tryckta element bleknar inte (\u00e4ven efter upprepade tv\u00e4ttar)<br \/>\n&#8211; 100 % bomull med en tr\u00e5dvikt p\u00e5 150 g\/m2 och ett Oeko-Tex Standard 100 IW 00034<br \/>\n&#8211; certifikat; allergiv\u00e4nlig 200 g\/m2 silikonfiber<br \/>\n&#8211; tv\u00e4ttemperatur: 30 \u00b0C<\/p>\n","protected":false},"excerpt":{"rendered":"<p>Shining star roller Detaljer: &#8211; kan ers\u00e4tta en st\u00f6tf\u00e5ngare &#8211; skyddar lilla barnet mot r\u00f6relser &#8211; fin dekoration, inte bara f\u00f6r barnrummet &#8211; mycket mjuk och sk\u00f6n att ta p\u00e5. Storlek: 15&#215;70 cm Material: &#8211; designad och tillverkad i Polen &#8211; tryckta element bleknar inte (\u00e4ven efter upprepade tv\u00e4ttar) &#8211; 100 % bomull med en [&hellip;]<\/p>\n","protected":false},"featured_media":0,"comment_status":"open","ping_status":"closed","template":"","meta":[],"product_brand":[],"product_cat":[33],"product_tag":[],"class_list":{"0":"post-12868","1":"product","2":"type-product","3":"status-publish","5":"product_cat-okategoriserad","7":"first","8":"instock","9":"shipping-taxable","10":"purchasable","11":"product-type-simple"},"_links":{"self":[{"href":"https:\/\/nordicmart.andreevmaster.com\/sv\/wp-json\/wp\/v2\/product\/12868","targetHints":{"allow":["GET"]}}],"collection":[{"href":"https:\/\/nordicmart.andreevmaster.com\/sv\/wp-json\/wp\/v2\/product"}],"about":[{"href":"https:\/\/nordicmart.andreevmaster.com\/sv\/wp-json\/wp\/v2\/types\/product"}],"replies":[{"embeddable":true,"href":"https:\/\/nordicmart.andreevmaster.com\/sv\/wp-json\/wp\/v2\/comments?post=12868"}],"wp:attachment":[{"href":"https:\/\/nordicmart.andreevmaster.com\/sv\/wp-json\/wp\/v2\/media?parent=12868"}],"wp:term":[{"taxonomy":"product_brand","embeddable":true,"href":"https:\/\/nordicmart.andreevmaster.com\/sv\/wp-json\/wp\/v2\/product_brand?post=12868"},{"taxonomy":"product_cat","embeddable":true,"href":"https:\/\/nordicmart.andreevmaster.com\/sv\/wp-json\/wp\/v2\/product_cat?post=12868"},{"taxonomy":"product_tag","embeddable":true,"href":"https:\/\/nordicmart.andreevmaster.com\/sv\/wp-json\/wp\/v2\/product_tag?post=12868"}],"curies":[{"name":"wp","href":"https:\/\/api.w.org\/{rel}","templated":true}]}}