{"id":12861,"date":"2026-02-27T00:15:37","date_gmt":"2026-02-27T00:15:37","guid":{"rendered":"https:\/\/nordicmart.andreevmaster.com\/product\/jackie-town-sangklader-med-fyllning-storlek-m\/"},"modified":"2026-02-27T08:09:22","modified_gmt":"2026-02-27T08:09:22","slug":"jackie-town-sangklader-med-fyllning-storlek-m","status":"publish","type":"product","link":"https:\/\/nordicmart.andreevmaster.com\/sv\/produkt\/jackie-town-sangklader-med-fyllning-storlek-m\/","title":{"rendered":"Jackie Town s\u00e4ngkl\u00e4der med fyllning storlek M"},"content":{"rendered":"<p>Uppt\u00e4ck den f\u00e4rgglada v\u00e4rlden hos v\u00e5r nya v\u00e4n, hunden Jackie. V\u00e5r fyrbenta v\u00e4n kommer garanterat att er\u00f6vra dina sm\u00e5ttingars hj\u00e4rtan och se till att deras dr\u00f6mmar blir fridfulla och fyllda av fantastiska \u00e4ventyr. Jackie ger inte bara en god s\u00f6mn, utan det \u00e4r ocks\u00e5 j\u00e4ttekul f\u00f6r ditt barn att f\u00f6lja med v\u00e5r modiga hund p\u00e5 hans fantastiska \u00e4ventyr. Med det i \u00e5tanke har vi lagt stor omsorg p\u00e5 varje detalj. <\/p>\n<p>Den svarta kanten som pryder kudden och t\u00e4cket ger en oemotst\u00e5ndlig charm. S\u00e4ngkl\u00e4derna \u00e4r mjuka, l\u00e4tta och fuktbest\u00e4ndiga. Allt tack vare den allergiv\u00e4nliga stoppningen av h\u00f6gkvalitativt silikonfiberduk. Kuddfodralen av h\u00f6gkvalitativ, certifierad bomull \u00e4r andningsbara och ger ditt barn en behaglig omslutning. S\u00e4ngkl\u00e4derna med full stoppning kan tv\u00e4ttas i tv\u00e4ttmaskin, vilket g\u00f6r dem b\u00e5de bekv\u00e4ma och hygieniska.**Detaljer:** &#8211; designad och tillverkad i Polen &#8211; originella djurmotiv p\u00e5 b\u00e5da sidor av \u00f6verdraget &#8211; tryckta element bleknar inte (\u00e4ven efter upprepade tv\u00e4ttar) &#8211; 100 % bomull med en tr\u00e5dtjocklek p\u00e5 150 g\/m2 och Oeko-Tex Standard 100 IW 00034-certifikat allergiv\u00e4nlig 200 g\/m2 silikonfiber<br \/>\n&#8211; tv\u00e4ttemperatur: 30 \u00b0C <\/p>\n<p>**Storlek:**<br \/>\nF\u00f6r sm\u00e5 barn (0\u20135 \u00e5r):<br \/>\nKudde: 40 x 60 cm<br \/>\nT\u00e4cke: 100 x 135 cm<\/p>\n","protected":false},"excerpt":{"rendered":"<p>Uppt\u00e4ck den f\u00e4rgglada v\u00e4rlden hos v\u00e5r nya v\u00e4n, hunden Jackie. V\u00e5r fyrbenta v\u00e4n kommer garanterat att er\u00f6vra dina sm\u00e5ttingars hj\u00e4rtan och se till att deras dr\u00f6mmar blir fridfulla och fyllda av fantastiska \u00e4ventyr. Jackie ger inte bara en god s\u00f6mn, utan det \u00e4r ocks\u00e5 j\u00e4ttekul f\u00f6r ditt barn att f\u00f6lja med v\u00e5r modiga hund p\u00e5 [&hellip;]<\/p>\n","protected":false},"featured_media":0,"comment_status":"open","ping_status":"closed","template":"","meta":[],"product_brand":[],"product_cat":[33],"product_tag":[],"class_list":{"0":"post-12861","1":"product","2":"type-product","3":"status-publish","5":"product_cat-okategoriserad","7":"first","8":"instock","9":"shipping-taxable","10":"purchasable","11":"product-type-simple"},"_links":{"self":[{"href":"https:\/\/nordicmart.andreevmaster.com\/sv\/wp-json\/wp\/v2\/product\/12861","targetHints":{"allow":["GET"]}}],"collection":[{"href":"https:\/\/nordicmart.andreevmaster.com\/sv\/wp-json\/wp\/v2\/product"}],"about":[{"href":"https:\/\/nordicmart.andreevmaster.com\/sv\/wp-json\/wp\/v2\/types\/product"}],"replies":[{"embeddable":true,"href":"https:\/\/nordicmart.andreevmaster.com\/sv\/wp-json\/wp\/v2\/comments?post=12861"}],"wp:attachment":[{"href":"https:\/\/nordicmart.andreevmaster.com\/sv\/wp-json\/wp\/v2\/media?parent=12861"}],"wp:term":[{"taxonomy":"product_brand","embeddable":true,"href":"https:\/\/nordicmart.andreevmaster.com\/sv\/wp-json\/wp\/v2\/product_brand?post=12861"},{"taxonomy":"product_cat","embeddable":true,"href":"https:\/\/nordicmart.andreevmaster.com\/sv\/wp-json\/wp\/v2\/product_cat?post=12861"},{"taxonomy":"product_tag","embeddable":true,"href":"https:\/\/nordicmart.andreevmaster.com\/sv\/wp-json\/wp\/v2\/product_tag?post=12861"}],"curies":[{"name":"wp","href":"https:\/\/api.w.org\/{rel}","templated":true}]}}