{"id":12858,"date":"2026-02-27T00:15:36","date_gmt":"2026-02-27T00:15:36","guid":{"rendered":"https:\/\/nordicmart.andreevmaster.com\/product\/songmics-klockbox-i-massivt-tra-med-glaslock-och-12-fack-presentide\/"},"modified":"2026-02-27T08:09:22","modified_gmt":"2026-02-27T08:09:22","slug":"songmics-klockbox-i-massivt-tra-med-glaslock-och-12-fack-presentide","status":"publish","type":"product","link":"https:\/\/nordicmart.andreevmaster.com\/sv\/produkt\/songmics-klockbox-i-massivt-tra-med-glaslock-och-12-fack-presentide\/","title":{"rendered":"SONGMICS klockbox i massivt tr\u00e4, med glaslock och 12 fack, presentid\u00e9"},"content":{"rendered":"<p>Klockl\u00e5da med 6 fack, klockl\u00e5da i massivt tr\u00e4, med glaslock, klockkudde, present till dina n\u00e4ra och k\u00e4ra, valn\u00f6tsf\u00e4rgad<\/p>\n<p>Specifikationer:<br \/>\n&#8211; M\u00e5tt: 21 x 35 x 8,5 cm (D x B x H)<br \/>\n&#8211; Vikt: 1,2 kg<br \/>\n&#8211; Material: Paulownia-tr\u00e4, sammet, glas<br \/>\n&#8211; F\u00e4rg: svart<\/p>\n","protected":false},"excerpt":{"rendered":"<p>Klockl\u00e5da med 6 fack, klockl\u00e5da i massivt tr\u00e4, med glaslock, klockkudde, present till dina n\u00e4ra och k\u00e4ra, valn\u00f6tsf\u00e4rgad<\/p>\n","protected":false},"featured_media":41063,"comment_status":"open","ping_status":"closed","template":"","meta":[],"product_brand":[],"product_cat":[33],"product_tag":[],"class_list":{"0":"post-12858","1":"product","2":"type-product","3":"status-publish","4":"has-post-thumbnail","6":"product_cat-okategoriserad","8":"first","9":"instock","10":"shipping-taxable","11":"purchasable","12":"product-type-simple"},"_links":{"self":[{"href":"https:\/\/nordicmart.andreevmaster.com\/sv\/wp-json\/wp\/v2\/product\/12858","targetHints":{"allow":["GET"]}}],"collection":[{"href":"https:\/\/nordicmart.andreevmaster.com\/sv\/wp-json\/wp\/v2\/product"}],"about":[{"href":"https:\/\/nordicmart.andreevmaster.com\/sv\/wp-json\/wp\/v2\/types\/product"}],"replies":[{"embeddable":true,"href":"https:\/\/nordicmart.andreevmaster.com\/sv\/wp-json\/wp\/v2\/comments?post=12858"}],"wp:featuredmedia":[{"embeddable":true,"href":"https:\/\/nordicmart.andreevmaster.com\/sv\/wp-json\/wp\/v2\/media\/41063"}],"wp:attachment":[{"href":"https:\/\/nordicmart.andreevmaster.com\/sv\/wp-json\/wp\/v2\/media?parent=12858"}],"wp:term":[{"taxonomy":"product_brand","embeddable":true,"href":"https:\/\/nordicmart.andreevmaster.com\/sv\/wp-json\/wp\/v2\/product_brand?post=12858"},{"taxonomy":"product_cat","embeddable":true,"href":"https:\/\/nordicmart.andreevmaster.com\/sv\/wp-json\/wp\/v2\/product_cat?post=12858"},{"taxonomy":"product_tag","embeddable":true,"href":"https:\/\/nordicmart.andreevmaster.com\/sv\/wp-json\/wp\/v2\/product_tag?post=12858"}],"curies":[{"name":"wp","href":"https:\/\/api.w.org\/{rel}","templated":true}]}}