{"id":12855,"date":"2026-02-27T00:15:36","date_gmt":"2026-02-27T00:15:36","guid":{"rendered":"https:\/\/nordicmart.andreevmaster.com\/product\/songmics-klockask-med-8-fack\/"},"modified":"2026-02-27T08:09:22","modified_gmt":"2026-02-27T08:09:22","slug":"songmics-klockask-med-8-fack","status":"publish","type":"product","link":"https:\/\/nordicmart.andreevmaster.com\/sv\/produkt\/songmics-klockask-med-8-fack\/","title":{"rendered":"SONGMICS klockask med 8 fack"},"content":{"rendered":"<p>En smidig start p\u00e5 dagen Sluta stressa med att leta efter r\u00e4tt klocka eller \u00f6rh\u00e4ngen p\u00e5 morgonen! V\u00e4lj helt enkelt r\u00e4tt smycken fr\u00e5n denna smyckeskrin. Fr\u00e5n och med nu f\u00e5r din outfit den sista finputsen varje dag.  Uts\u00f6kt presentid\u00e9 \u00c4r dina presentid\u00e9er alltid begr\u00e4nsade till m\u00f6rk choklad och blommor? Denna klockbox med elegant utseende kommer att vara en imponerande present till din partner. Produktdetaljer: &#8211; F\u00e4rg: valn\u00f6tsf\u00e4rgad &#8211; Material: paulowniatr\u00e4, sammet, glaslock &#8211; Storlek: 27 x 20 x 13 cm (L x B x H) &#8211; Vikt: 1,3 kg Leveransomfattning: &#8211; 1 x klockbox<\/p>\n","protected":false},"excerpt":{"rendered":"<p>Klockl\u00e5da med 8 fack, klockl\u00e5da i massivt tr\u00e4, med glaslock, klockkudde, smyckesf\u00f6rvaring, ebenholts svart<\/p>\n","protected":false},"featured_media":41060,"comment_status":"open","ping_status":"closed","template":"","meta":[],"product_brand":[],"product_cat":[33],"product_tag":[],"class_list":{"0":"post-12855","1":"product","2":"type-product","3":"status-publish","4":"has-post-thumbnail","6":"product_cat-okategoriserad","8":"first","9":"instock","10":"shipping-taxable","11":"purchasable","12":"product-type-simple"},"_links":{"self":[{"href":"https:\/\/nordicmart.andreevmaster.com\/sv\/wp-json\/wp\/v2\/product\/12855","targetHints":{"allow":["GET"]}}],"collection":[{"href":"https:\/\/nordicmart.andreevmaster.com\/sv\/wp-json\/wp\/v2\/product"}],"about":[{"href":"https:\/\/nordicmart.andreevmaster.com\/sv\/wp-json\/wp\/v2\/types\/product"}],"replies":[{"embeddable":true,"href":"https:\/\/nordicmart.andreevmaster.com\/sv\/wp-json\/wp\/v2\/comments?post=12855"}],"wp:featuredmedia":[{"embeddable":true,"href":"https:\/\/nordicmart.andreevmaster.com\/sv\/wp-json\/wp\/v2\/media\/41060"}],"wp:attachment":[{"href":"https:\/\/nordicmart.andreevmaster.com\/sv\/wp-json\/wp\/v2\/media?parent=12855"}],"wp:term":[{"taxonomy":"product_brand","embeddable":true,"href":"https:\/\/nordicmart.andreevmaster.com\/sv\/wp-json\/wp\/v2\/product_brand?post=12855"},{"taxonomy":"product_cat","embeddable":true,"href":"https:\/\/nordicmart.andreevmaster.com\/sv\/wp-json\/wp\/v2\/product_cat?post=12855"},{"taxonomy":"product_tag","embeddable":true,"href":"https:\/\/nordicmart.andreevmaster.com\/sv\/wp-json\/wp\/v2\/product_tag?post=12855"}],"curies":[{"name":"wp","href":"https:\/\/api.w.org\/{rel}","templated":true}]}}