{"id":12853,"date":"2026-02-27T00:15:35","date_gmt":"2026-02-27T00:15:35","guid":{"rendered":"https:\/\/nordicmart.andreevmaster.com\/product\/songmics-klockbox-med-6-fack-klocklada-i-massivt-tra-med-glaslock\/"},"modified":"2026-02-27T08:09:21","modified_gmt":"2026-02-27T08:09:21","slug":"songmics-klockbox-med-6-fack-klocklada-i-massivt-tra-med-glaslock","status":"publish","type":"product","link":"https:\/\/nordicmart.andreevmaster.com\/sv\/produkt\/songmics-klockbox-med-6-fack-klocklada-i-massivt-tra-med-glaslock\/","title":{"rendered":"SONGMICS klockbox med 6 fack, klockl\u00e5da i massivt tr\u00e4, med glaslock"},"content":{"rendered":"<p>Klockl\u00e5da med 6 fack, klockl\u00e5da i massivt tr\u00e4, med glaslock, klockkudde, present till dina n\u00e4ra och k\u00e4ra, valn\u00f6tsf\u00e4rgad<br \/>\nProduktdetaljer:<br \/>\n&#8211; F\u00e4rg: valn\u00f6tsf\u00e4rgad<br \/>\n&#8211; Material: Paulownia-tr\u00e4, sammet, glas<br \/>\n&#8211; Storlek: 10,2 x 35 x 8,5 cm (D x B x H)<br \/>\n&#8211; Vikt: 0,6 kg<\/p>\n<p>Leveransomfattning:<br \/>\n&#8211; 1 x klockbox<\/p>\n<p>Anvisningar:<br \/>\n&#8211; Skydda klockboxen fr\u00e5n fukt.<br \/>\n&#8211; Om klockboxen har damm p\u00e5 ytan efter anv\u00e4ndning, torka av ytan med en mjuk trasa.<\/p>\n","protected":false},"excerpt":{"rendered":"<p>Klockl\u00e5da med 6 fack, klockl\u00e5da i massivt tr\u00e4, med glaslock, klockkudde, present till dina n\u00e4ra och k\u00e4ra, valn\u00f6tsf\u00e4rgad<\/p>\n","protected":false},"featured_media":41059,"comment_status":"open","ping_status":"closed","template":"","meta":[],"product_brand":[],"product_cat":[33],"product_tag":[],"class_list":{"0":"post-12853","1":"product","2":"type-product","3":"status-publish","4":"has-post-thumbnail","6":"product_cat-okategoriserad","8":"first","9":"instock","10":"shipping-taxable","11":"purchasable","12":"product-type-simple"},"_links":{"self":[{"href":"https:\/\/nordicmart.andreevmaster.com\/sv\/wp-json\/wp\/v2\/product\/12853","targetHints":{"allow":["GET"]}}],"collection":[{"href":"https:\/\/nordicmart.andreevmaster.com\/sv\/wp-json\/wp\/v2\/product"}],"about":[{"href":"https:\/\/nordicmart.andreevmaster.com\/sv\/wp-json\/wp\/v2\/types\/product"}],"replies":[{"embeddable":true,"href":"https:\/\/nordicmart.andreevmaster.com\/sv\/wp-json\/wp\/v2\/comments?post=12853"}],"wp:featuredmedia":[{"embeddable":true,"href":"https:\/\/nordicmart.andreevmaster.com\/sv\/wp-json\/wp\/v2\/media\/41059"}],"wp:attachment":[{"href":"https:\/\/nordicmart.andreevmaster.com\/sv\/wp-json\/wp\/v2\/media?parent=12853"}],"wp:term":[{"taxonomy":"product_brand","embeddable":true,"href":"https:\/\/nordicmart.andreevmaster.com\/sv\/wp-json\/wp\/v2\/product_brand?post=12853"},{"taxonomy":"product_cat","embeddable":true,"href":"https:\/\/nordicmart.andreevmaster.com\/sv\/wp-json\/wp\/v2\/product_cat?post=12853"},{"taxonomy":"product_tag","embeddable":true,"href":"https:\/\/nordicmart.andreevmaster.com\/sv\/wp-json\/wp\/v2\/product_tag?post=12853"}],"curies":[{"name":"wp","href":"https:\/\/api.w.org\/{rel}","templated":true}]}}