{"id":12851,"date":"2026-02-27T00:15:35","date_gmt":"2026-02-27T00:15:35","guid":{"rendered":"https:\/\/nordicmart.andreevmaster.com\/product\/songmics-elegant-smyckeskrin-med-spegel-svart\/"},"modified":"2026-02-27T08:09:21","modified_gmt":"2026-02-27T08:09:21","slug":"songmics-elegant-smyckeskrin-med-spegel-svart","status":"publish","type":"product","link":"https:\/\/nordicmart.andreevmaster.com\/sv\/produkt\/songmics-elegant-smyckeskrin-med-spegel-svart\/","title":{"rendered":"SONGMICS Elegant smyckeskrin med spegel Svart"},"content":{"rendered":"<p>Inga fler g\u00f6mlekar! \u201dVar \u00e4r \u00f6rh\u00e4ngena som jag k\u00f6pte ig\u00e5r?\u201d Med denna smyckeskrin med 3 l\u00e5dor beh\u00f6ver du inte l\u00e4ngre sl\u00f6sa tid p\u00e5 att leta efter dina smycken, eftersom du vet exakt var du har f\u00f6rvarat dem. Adj\u00f6, irriterande knutar! Irriterar det dig att dina halsband och armband alltid trasslar ihop sig och att du m\u00e5ste l\u00e4gga mycket tid p\u00e5 att reda ut dem? I denna smyckeskrin med m\u00e5nga fack kan du f\u00f6rvara alla dina smycken snyggt och enkelt komma \u00e5t dem.\u00d6versikt \u00f6ver h\u00f6jdpunkterna i denna smyckeskrin: En lyxig smyckeskrin med elegant design. Robust tr\u00e4konstruktion; mjukt sammetfoder. 3 l\u00e5dor med m\u00e5nga fack f\u00f6r dina halsband, armband, ringar och \u00f6rh\u00e4ngen. En stor spegel p\u00e5 insidan; du beh\u00f6ver inte g\u00e5 till badrummet f\u00f6r att kontrollera om det valda smycket passar dig.L\u00e5set skyddar dina smycken fr\u00e5n nyfikna blickar. Produktdetaljer: F\u00e4rg: Svart tr\u00e4f\u00e4rg Material: MDF (medeldensitetsfiberplatta), glas, sammet, metallbeslag Storlek: 24,5 x 17 x 14,5 cm (L x B x H) Vikt: 2 kg Leveransomfattning: 1 x smyckeskrin 1 x nyckel<\/p>\n","protected":false},"excerpt":{"rendered":"<p>SONGMICS smyckeskrin med 3 niv\u00e5er, smyckeskrin av tr\u00e4, smyckesorganiserare, smyckesbox, med l\u00e5dor, f\u00f6r ringar, \u00f6rh\u00e4ngen, armband och halsband, svart JOW15BN<\/p>\n","protected":false},"featured_media":41057,"comment_status":"open","ping_status":"closed","template":"","meta":[],"product_brand":[],"product_cat":[33],"product_tag":[],"class_list":{"0":"post-12851","1":"product","2":"type-product","3":"status-publish","4":"has-post-thumbnail","6":"product_cat-okategoriserad","8":"first","9":"instock","10":"shipping-taxable","11":"purchasable","12":"product-type-simple"},"_links":{"self":[{"href":"https:\/\/nordicmart.andreevmaster.com\/sv\/wp-json\/wp\/v2\/product\/12851","targetHints":{"allow":["GET"]}}],"collection":[{"href":"https:\/\/nordicmart.andreevmaster.com\/sv\/wp-json\/wp\/v2\/product"}],"about":[{"href":"https:\/\/nordicmart.andreevmaster.com\/sv\/wp-json\/wp\/v2\/types\/product"}],"replies":[{"embeddable":true,"href":"https:\/\/nordicmart.andreevmaster.com\/sv\/wp-json\/wp\/v2\/comments?post=12851"}],"wp:featuredmedia":[{"embeddable":true,"href":"https:\/\/nordicmart.andreevmaster.com\/sv\/wp-json\/wp\/v2\/media\/41057"}],"wp:attachment":[{"href":"https:\/\/nordicmart.andreevmaster.com\/sv\/wp-json\/wp\/v2\/media?parent=12851"}],"wp:term":[{"taxonomy":"product_brand","embeddable":true,"href":"https:\/\/nordicmart.andreevmaster.com\/sv\/wp-json\/wp\/v2\/product_brand?post=12851"},{"taxonomy":"product_cat","embeddable":true,"href":"https:\/\/nordicmart.andreevmaster.com\/sv\/wp-json\/wp\/v2\/product_cat?post=12851"},{"taxonomy":"product_tag","embeddable":true,"href":"https:\/\/nordicmart.andreevmaster.com\/sv\/wp-json\/wp\/v2\/product_tag?post=12851"}],"curies":[{"name":"wp","href":"https:\/\/api.w.org\/{rel}","templated":true}]}}