{"id":12849,"date":"2026-02-27T00:15:34","date_gmt":"2026-02-27T00:15:34","guid":{"rendered":"https:\/\/nordicmart.andreevmaster.com\/product\/songmics-charmig-klockbox-for-12-klockor\/"},"modified":"2026-02-27T08:09:20","modified_gmt":"2026-02-27T08:09:20","slug":"songmics-charmig-klockbox-for-12-klockor","status":"publish","type":"product","link":"https:\/\/nordicmart.andreevmaster.com\/sv\/produkt\/songmics-charmig-klockbox-for-12-klockor\/","title":{"rendered":"SONGMICS Charmig klockbox f\u00f6r 12 klockor"},"content":{"rendered":"<p>En f\u00f6r formella kl\u00e4der, en f\u00f6r fritidskl\u00e4der&#8230;: M\u00e5nga m\u00e4nniskor \u00e4ger flera klockor som passar till olika tillf\u00e4llen. Med denna klockbox erbjuder SONGMICS ett bekv\u00e4mt hem f\u00f6r hela din klocksamling. Alla favoritklockor p\u00e5 ett st\u00e4lle Irriterar det dig ocks\u00e5 att just n\u00e4r du ska l\u00e4mna huset finns det ingen passande klocka tillg\u00e4nglig?H\u00e4r kommer SONGMICS klockl\u00e5da in i bilden! Med den kan du snabbt och systematiskt ordna alla dina klockor och slippa besv\u00e4rligt letande och rotande. Avtagbara klockkuddar Klockkuddarna passar perfekt i l\u00e5dans fack, s\u00e5 att dina klockor alltid ligger p\u00e5 sin plats utan att flytta p\u00e5 sig och skadas av st\u00f6tar.Denna utg\u00e5va \u00e4r v\u00e4l v\u00e4rd pengarna Klockboxen skyddar inte bara dina dyrbara klockor fr\u00e5n smuts, repor, skador etc., utan fungerar ocks\u00e5 som en stilfull dekoration i ditt rum. S\u00e5 tveka inte l\u00e4nge, utan sl\u00e5 till! Du kommer inte \u00e5ngra dig!Flera alternativ att v\u00e4lja mellan Vi erbjuder ett stort utbud av klockboxar i olika storlekar och f\u00e4rger. S\u00f6k bara efter &#8221;SONGMICS klockbox&#8221; f\u00f6r att l\u00e4ra dig mer. Produktdetaljer: F\u00e4rg: svart Material: MDF-skivor, sammet, glas Totala m\u00e5tt: 31,2 x 8,5 x 21,2 cm (B x H x D) M\u00e5tt per fack: 9 x 4,5 cm Vikt: 1,65 kg Leveransomfattning: 1 x klockbox SONGMICS Anm\u00e4rkningar: Uts\u00e4tt inte produkten f\u00f6r direkt solljus. H\u00e5ll produkten borta fr\u00e5n vassa f\u00f6rem\u00e5l f\u00f6r att undvika repor.<\/p>\n","protected":false},"excerpt":{"rendered":"<p>SONGMICS klockbox med 12 fack, av tr\u00e4, klockl\u00e5da med glaslock, klockv\u00e4ska med uttagbara klockkuddar, sammetfoder, metallsp\u00e4nne, svart, JOW12BK<\/p>\n","protected":false},"featured_media":41055,"comment_status":"open","ping_status":"closed","template":"","meta":[],"product_brand":[],"product_cat":[33],"product_tag":[],"class_list":{"0":"post-12849","1":"product","2":"type-product","3":"status-publish","4":"has-post-thumbnail","6":"product_cat-okategoriserad","8":"first","9":"instock","10":"shipping-taxable","11":"purchasable","12":"product-type-simple"},"_links":{"self":[{"href":"https:\/\/nordicmart.andreevmaster.com\/sv\/wp-json\/wp\/v2\/product\/12849","targetHints":{"allow":["GET"]}}],"collection":[{"href":"https:\/\/nordicmart.andreevmaster.com\/sv\/wp-json\/wp\/v2\/product"}],"about":[{"href":"https:\/\/nordicmart.andreevmaster.com\/sv\/wp-json\/wp\/v2\/types\/product"}],"replies":[{"embeddable":true,"href":"https:\/\/nordicmart.andreevmaster.com\/sv\/wp-json\/wp\/v2\/comments?post=12849"}],"wp:featuredmedia":[{"embeddable":true,"href":"https:\/\/nordicmart.andreevmaster.com\/sv\/wp-json\/wp\/v2\/media\/41055"}],"wp:attachment":[{"href":"https:\/\/nordicmart.andreevmaster.com\/sv\/wp-json\/wp\/v2\/media?parent=12849"}],"wp:term":[{"taxonomy":"product_brand","embeddable":true,"href":"https:\/\/nordicmart.andreevmaster.com\/sv\/wp-json\/wp\/v2\/product_brand?post=12849"},{"taxonomy":"product_cat","embeddable":true,"href":"https:\/\/nordicmart.andreevmaster.com\/sv\/wp-json\/wp\/v2\/product_cat?post=12849"},{"taxonomy":"product_tag","embeddable":true,"href":"https:\/\/nordicmart.andreevmaster.com\/sv\/wp-json\/wp\/v2\/product_tag?post=12849"}],"curies":[{"name":"wp","href":"https:\/\/api.w.org\/{rel}","templated":true}]}}