{"id":12848,"date":"2026-02-27T00:15:34","date_gmt":"2026-02-27T00:15:34","guid":{"rendered":"https:\/\/nordicmart.andreevmaster.com\/product\/songmics-klockask-12-fack-i-massivt-tra-med-glaslock-valnotsfargad\/"},"modified":"2026-02-27T08:09:20","modified_gmt":"2026-02-27T08:09:20","slug":"songmics-klockask-12-fack-i-massivt-tra-med-glaslock-valnotsfargad","status":"publish","type":"product","link":"https:\/\/nordicmart.andreevmaster.com\/sv\/produkt\/songmics-klockask-12-fack-i-massivt-tra-med-glaslock-valnotsfargad\/","title":{"rendered":"SONGMICS klockask 12 fack i massivt tr\u00e4 med glaslock, valn\u00f6tsf\u00e4rgad"},"content":{"rendered":"<p>SONGMICS klockbox med 6 fack, klockl\u00e5da i massivt tr\u00e4, med glaslock, klockkudde, present till dina n\u00e4ra och k\u00e4ra, valn\u00f6tsf\u00e4rgad JOW006K01<br \/>\nF\u00e4rg: valn\u00f6tsf\u00e4rgad<br \/>\nMaterial: Paulownia-tr\u00e4, sammet, glas<br \/>\nStorlek: 21 x 35 x 8,5 cm (D x B x H)<br \/>\nVikt: 1,2 kg<\/p>\n","protected":false},"excerpt":{"rendered":"<p>SONGMICS klockbox med 6 fack, klockl\u00e5da i massivt tr\u00e4, med glaslock, klockkudde, present till dina n\u00e4ra och k\u00e4ra, valn\u00f6tsf\u00e4rgad JOW006K01<\/p>\n","protected":false},"featured_media":41054,"comment_status":"open","ping_status":"closed","template":"","meta":[],"product_brand":[],"product_cat":[33],"product_tag":[],"class_list":{"0":"post-12848","1":"product","2":"type-product","3":"status-publish","4":"has-post-thumbnail","6":"product_cat-okategoriserad","8":"first","9":"instock","10":"shipping-taxable","11":"purchasable","12":"product-type-simple"},"_links":{"self":[{"href":"https:\/\/nordicmart.andreevmaster.com\/sv\/wp-json\/wp\/v2\/product\/12848","targetHints":{"allow":["GET"]}}],"collection":[{"href":"https:\/\/nordicmart.andreevmaster.com\/sv\/wp-json\/wp\/v2\/product"}],"about":[{"href":"https:\/\/nordicmart.andreevmaster.com\/sv\/wp-json\/wp\/v2\/types\/product"}],"replies":[{"embeddable":true,"href":"https:\/\/nordicmart.andreevmaster.com\/sv\/wp-json\/wp\/v2\/comments?post=12848"}],"wp:featuredmedia":[{"embeddable":true,"href":"https:\/\/nordicmart.andreevmaster.com\/sv\/wp-json\/wp\/v2\/media\/41054"}],"wp:attachment":[{"href":"https:\/\/nordicmart.andreevmaster.com\/sv\/wp-json\/wp\/v2\/media?parent=12848"}],"wp:term":[{"taxonomy":"product_brand","embeddable":true,"href":"https:\/\/nordicmart.andreevmaster.com\/sv\/wp-json\/wp\/v2\/product_brand?post=12848"},{"taxonomy":"product_cat","embeddable":true,"href":"https:\/\/nordicmart.andreevmaster.com\/sv\/wp-json\/wp\/v2\/product_cat?post=12848"},{"taxonomy":"product_tag","embeddable":true,"href":"https:\/\/nordicmart.andreevmaster.com\/sv\/wp-json\/wp\/v2\/product_tag?post=12848"}],"curies":[{"name":"wp","href":"https:\/\/api.w.org\/{rel}","templated":true}]}}