{"id":12845,"date":"2026-02-27T00:15:33","date_gmt":"2026-02-27T00:15:33","guid":{"rendered":"https:\/\/nordicmart.andreevmaster.com\/product\/songmics-smyckeskrin-2-nivaer-vitt\/"},"modified":"2026-02-27T08:09:20","modified_gmt":"2026-02-27T08:09:20","slug":"songmics-smyckeskrin-2-nivaer-vitt","status":"publish","type":"product","link":"https:\/\/nordicmart.andreevmaster.com\/sv\/produkt\/songmics-smyckeskrin-2-nivaer-vitt\/","title":{"rendered":"SONGMICS smyckeskrin 2 niv\u00e5er vitt"},"content":{"rendered":"<p>En elegant l\u00e5da f\u00f6r smyckes\u00e4lskare: Tillverkad av MDF-skivor och h\u00f6gkvalitativt sammetfoder, erbjuder denna f\u00f6rvaringsl\u00e5da dina v\u00e4rdesaker ett s\u00e4kert hem d\u00e4r de kan f\u00f6rvaras p\u00e5 ett snyggt s\u00e4tt. Den matta ytan ger dessutom l\u00e5dan en touch av elegans. Enkel \u00e5tkomst till n\u00f6dv\u00e4ndiga smycken: Du beh\u00f6ver inte rota i en kaotisk l\u00e5da f\u00f6r att hitta ett passande halsband innan du g\u00e5r till jobbet eller en tr\u00e4ff. Med denna smyckesorganiserare kan du f\u00f6rvara alla dina smycken snyggt och l\u00e4ttillg\u00e4ngligt p\u00e5 ett st\u00e4lle. Present till dina n\u00e4ra och k\u00e4ra eller till dig sj\u00e4lv: Tack vare sitt tilltalande utseende \u00e4r denna l\u00e5da perfekt som present till f\u00f6delsedagen, jubileet eller som en &#8221;jag \u00e4lskar dig&#8221;-\u00f6verraskning till din fru eller flickv\u00e4n. Om du dessutom gillar denna eleganta smyckeskrin, varf\u00f6r inte bara ge dig sj\u00e4lv en present? Produktdetaljer: F\u00e4rg: Vit Material: MDF (medeldensitetsfiberplatta), sammet, zinklegering Storlek: 23,5 x 23,5 x 10 cm (L x B x H) Vikt: 1,4 kg Leveransomfattning: 1 x smyckeskrin<\/p>\n","protected":false},"excerpt":{"rendered":"<p>SONGMICS smyckeskrin, tr\u00e4, smyckeskrin med 2 niv\u00e5er, smyckesf\u00f6rvaring med uttagbar insats, present till dina n\u00e4ra och k\u00e4ra, vit JOW11WT<\/p>\n","protected":false},"featured_media":41051,"comment_status":"open","ping_status":"closed","template":"","meta":[],"product_brand":[],"product_cat":[33],"product_tag":[],"class_list":{"0":"post-12845","1":"product","2":"type-product","3":"status-publish","4":"has-post-thumbnail","6":"product_cat-okategoriserad","8":"first","9":"instock","10":"shipping-taxable","11":"purchasable","12":"product-type-simple"},"_links":{"self":[{"href":"https:\/\/nordicmart.andreevmaster.com\/sv\/wp-json\/wp\/v2\/product\/12845","targetHints":{"allow":["GET"]}}],"collection":[{"href":"https:\/\/nordicmart.andreevmaster.com\/sv\/wp-json\/wp\/v2\/product"}],"about":[{"href":"https:\/\/nordicmart.andreevmaster.com\/sv\/wp-json\/wp\/v2\/types\/product"}],"replies":[{"embeddable":true,"href":"https:\/\/nordicmart.andreevmaster.com\/sv\/wp-json\/wp\/v2\/comments?post=12845"}],"wp:featuredmedia":[{"embeddable":true,"href":"https:\/\/nordicmart.andreevmaster.com\/sv\/wp-json\/wp\/v2\/media\/41051"}],"wp:attachment":[{"href":"https:\/\/nordicmart.andreevmaster.com\/sv\/wp-json\/wp\/v2\/media?parent=12845"}],"wp:term":[{"taxonomy":"product_brand","embeddable":true,"href":"https:\/\/nordicmart.andreevmaster.com\/sv\/wp-json\/wp\/v2\/product_brand?post=12845"},{"taxonomy":"product_cat","embeddable":true,"href":"https:\/\/nordicmart.andreevmaster.com\/sv\/wp-json\/wp\/v2\/product_cat?post=12845"},{"taxonomy":"product_tag","embeddable":true,"href":"https:\/\/nordicmart.andreevmaster.com\/sv\/wp-json\/wp\/v2\/product_tag?post=12845"}],"curies":[{"name":"wp","href":"https:\/\/api.w.org\/{rel}","templated":true}]}}