{"id":12842,"date":"2026-02-27T00:15:32","date_gmt":"2026-02-27T00:15:32","guid":{"rendered":"https:\/\/nordicmart.andreevmaster.com\/product\/songmics-klockbox-med-5-fack\/"},"modified":"2026-02-27T08:09:19","modified_gmt":"2026-02-27T08:09:19","slug":"songmics-klockbox-med-5-fack","status":"publish","type":"product","link":"https:\/\/nordicmart.andreevmaster.com\/sv\/produkt\/songmics-klockbox-med-5-fack\/","title":{"rendered":"SONGMICS klockbox med 5 fack"},"content":{"rendered":"<p>En f\u00f6r formella kl\u00e4der, en f\u00f6r fritidskl\u00e4der&#8230; M\u00e5nga m\u00e4nniskor \u00e4ger flera klockor som passar till olika tillf\u00e4llen. Med denna klockbox erbjuder SONGMICS en bekv\u00e4m f\u00f6rvaringsplats f\u00f6r hela din klocksamling. Enkel, men \u00e4nd\u00e5 elegant och praktisk Sammelfoder i gr\u00e5tt, \u00f6verdrag i vitt \u2013 Denna f\u00e4rgkombination ger denna klockbox i MDF ett elegant och klassiskt utseende. Dessutom ger g\u00e5ngj\u00e4rnen och metallsp\u00e4nnet denna ask en viss glans och g\u00f6r den dessutom bekv\u00e4m att anv\u00e4nda. L\u00e4gg dina klockor i de 5 facken i denna ask och ge dem ett perfekt skydd. Appl\u00e5der f\u00f6r denna m\u00e5ngsidiga produkt Klockboxen skyddar inte bara dina dyrbara klockor fr\u00e5n smuts, repor och skador, utan fungerar ocks\u00e5 som en stilfull dekoration i ditt rum. K\u00f6p denna klockbox, du kommer inte \u00e5ngra dig! Produktdetaljer:- F\u00e4rg: Vit &#8211; Material: MDF (medeldensitetsfiberplatta), sammet, glas &#8211; Storlek: 31,2 x 12 x 8,5 cm (L x B x H) &#8211; Storlek per fack: 9,4 x 5,1 cm (L x B) &#8211; Vikt: 1,1 kg Leveransomfattning: &#8211; 1 x klockbox SONGMICS Anm\u00e4rkningar:- Uts\u00e4tt inte produkten f\u00f6r direkt solljus. &#8211; H\u00e5ll produkten borta fr\u00e5n vassa f\u00f6rem\u00e5l f\u00f6r att undvika repor.<\/p>\n","protected":false},"excerpt":{"rendered":"<p>SONGMICS klockbox med 5 fack, av tr\u00e4, elegant klockl\u00e5da med glaslock, klockv\u00e4ska med uttagbara klockkuddar, sammetfoder, metallsp\u00e4nne, vit, JOW05WT<\/p>\n","protected":false},"featured_media":41048,"comment_status":"open","ping_status":"closed","template":"","meta":[],"product_brand":[],"product_cat":[33],"product_tag":[],"class_list":{"0":"post-12842","1":"product","2":"type-product","3":"status-publish","4":"has-post-thumbnail","6":"product_cat-okategoriserad","8":"first","9":"instock","10":"shipping-taxable","11":"purchasable","12":"product-type-simple"},"_links":{"self":[{"href":"https:\/\/nordicmart.andreevmaster.com\/sv\/wp-json\/wp\/v2\/product\/12842","targetHints":{"allow":["GET"]}}],"collection":[{"href":"https:\/\/nordicmart.andreevmaster.com\/sv\/wp-json\/wp\/v2\/product"}],"about":[{"href":"https:\/\/nordicmart.andreevmaster.com\/sv\/wp-json\/wp\/v2\/types\/product"}],"replies":[{"embeddable":true,"href":"https:\/\/nordicmart.andreevmaster.com\/sv\/wp-json\/wp\/v2\/comments?post=12842"}],"wp:featuredmedia":[{"embeddable":true,"href":"https:\/\/nordicmart.andreevmaster.com\/sv\/wp-json\/wp\/v2\/media\/41048"}],"wp:attachment":[{"href":"https:\/\/nordicmart.andreevmaster.com\/sv\/wp-json\/wp\/v2\/media?parent=12842"}],"wp:term":[{"taxonomy":"product_brand","embeddable":true,"href":"https:\/\/nordicmart.andreevmaster.com\/sv\/wp-json\/wp\/v2\/product_brand?post=12842"},{"taxonomy":"product_cat","embeddable":true,"href":"https:\/\/nordicmart.andreevmaster.com\/sv\/wp-json\/wp\/v2\/product_cat?post=12842"},{"taxonomy":"product_tag","embeddable":true,"href":"https:\/\/nordicmart.andreevmaster.com\/sv\/wp-json\/wp\/v2\/product_tag?post=12842"}],"curies":[{"name":"wp","href":"https:\/\/api.w.org\/{rel}","templated":true}]}}