{"id":12841,"date":"2026-02-27T00:15:32","date_gmt":"2026-02-27T00:15:32","guid":{"rendered":"https:\/\/nordicmart.andreevmaster.com\/product\/songmics-smyckeskrin-i-traimitation-vitt\/"},"modified":"2026-02-27T08:09:19","modified_gmt":"2026-02-27T08:09:19","slug":"songmics-smyckeskrin-i-traimitation-vitt","status":"publish","type":"product","link":"https:\/\/nordicmart.andreevmaster.com\/sv\/produkt\/songmics-smyckeskrin-i-traimitation-vitt\/","title":{"rendered":"SONGMICS smyckeskrin i tr\u00e4imitation, vitt"},"content":{"rendered":"<p>Hitta r\u00e4tt smycken snabbt: Sl\u00f6sa inte tid p\u00e5 att leta efter r\u00e4tt smycken i r\u00f6riga l\u00e5dor innan jobbet eller ett m\u00f6te! Denna lilla men rymliga smyckeskrin fr\u00e5n SONGMICS ser till att ofta anv\u00e4nda accessoarer ligger ordentligt och l\u00e4ttillg\u00e4ngligt f\u00f6r dig. En spegel f\u00e5r inte saknas: N\u00e4r du provar smycken \u00e4r det ett m\u00e5ste att titta i spegeln. Med denna speglade smyckeskrin fr\u00e5n SONGMICS kan du s\u00e4ga adj\u00f6 till dagarna d\u00e5 du st\u00e4ndigt sprang fram och tillbaka mellan toalettbordet och badrummet.Tveka inte l\u00e4ngre och skaffa denna smyckeskrin till ditt hem! Produktdetaljer: F\u00e4rg: Vit Material: MDF (medeldensitetsfiberplatta), sammet, glas, etc. Produktstorlek: 24,5 x 14 x 15 cm (B x D x H) Produktvikt: 2 kg Leveransomfattning: 1 x smyckeskrin<\/p>\n","protected":false},"excerpt":{"rendered":"<p>SONGMICS smyckeskrin i tr\u00e4optik, 3-niv\u00e5ers smyckeskrin med stor inre spegel, kristallknoppar, vitt JOW03WT<\/p>\n","protected":false},"featured_media":0,"comment_status":"open","ping_status":"closed","template":"","meta":[],"product_brand":[],"product_cat":[33],"product_tag":[],"class_list":{"0":"post-12841","1":"product","2":"type-product","3":"status-publish","5":"product_cat-okategoriserad","7":"first","8":"instock","9":"shipping-taxable","10":"purchasable","11":"product-type-simple"},"_links":{"self":[{"href":"https:\/\/nordicmart.andreevmaster.com\/sv\/wp-json\/wp\/v2\/product\/12841","targetHints":{"allow":["GET"]}}],"collection":[{"href":"https:\/\/nordicmart.andreevmaster.com\/sv\/wp-json\/wp\/v2\/product"}],"about":[{"href":"https:\/\/nordicmart.andreevmaster.com\/sv\/wp-json\/wp\/v2\/types\/product"}],"replies":[{"embeddable":true,"href":"https:\/\/nordicmart.andreevmaster.com\/sv\/wp-json\/wp\/v2\/comments?post=12841"}],"wp:attachment":[{"href":"https:\/\/nordicmart.andreevmaster.com\/sv\/wp-json\/wp\/v2\/media?parent=12841"}],"wp:term":[{"taxonomy":"product_brand","embeddable":true,"href":"https:\/\/nordicmart.andreevmaster.com\/sv\/wp-json\/wp\/v2\/product_brand?post=12841"},{"taxonomy":"product_cat","embeddable":true,"href":"https:\/\/nordicmart.andreevmaster.com\/sv\/wp-json\/wp\/v2\/product_cat?post=12841"},{"taxonomy":"product_tag","embeddable":true,"href":"https:\/\/nordicmart.andreevmaster.com\/sv\/wp-json\/wp\/v2\/product_tag?post=12841"}],"curies":[{"name":"wp","href":"https:\/\/api.w.org\/{rel}","templated":true}]}}