{"id":12840,"date":"2026-02-27T00:15:32","date_gmt":"2026-02-27T00:15:32","guid":{"rendered":"https:\/\/nordicmart.andreevmaster.com\/product\/songmics-smyckeskrin-vitt\/"},"modified":"2026-02-27T08:09:19","modified_gmt":"2026-02-27T08:09:19","slug":"songmics-smyckeskrin-vitt","status":"publish","type":"product","link":"https:\/\/nordicmart.andreevmaster.com\/sv\/produkt\/songmics-smyckeskrin-vitt\/","title":{"rendered":"SONGMICS smyckeskrin vitt"},"content":{"rendered":"<p>Hurra! Allt \u00e4r h\u00e4r!  Armband, halsband, \u00f6rh\u00e4ngen och ringar f\u00e5r ett nytt hem i detta praktiska smyckeskrin. Du beh\u00f6ver inte l\u00e4ngre sl\u00f6sa tid p\u00e5 att leta efter dina smycken i sovrummet \u2013 de ligger precis framf\u00f6r dina \u00f6gon! Kaoset \u00e4r \u00f6ver! S\u00e4g adj\u00f6 till trassliga kedjor p\u00e5 ditt sminkbord. \u00d6ppna smyckeskrinet, dra ut l\u00e5dorna och l\u00e4gg dina olika skatter snyggt i dem. Det kan vara v\u00e4ldigt enkelt att v\u00e4lja r\u00e4tt smycken. Ge din outfit den sista finputsen varje dag. Produktdetaljer:- F\u00e4rg: Vit &#8211; Material: Paulownia-tr\u00e4, sammet, glas &#8211; Storlek: 25 x 21 x 13 cm (L x B x H) &#8211; Vikt: 1,3 kg Leveransomfattning: &#8211; 1 x smyckeskrin SONGMICS Anvisningar: &#8211; Placera inte f\u00f6r tunga f\u00f6rem\u00e5l p\u00e5 produkten. &#8211; Uts\u00e4tt inte produkten f\u00f6r direkt solljus under l\u00e4ngre tid.<\/p>\n","protected":false},"excerpt":{"rendered":"<p>SONGMICS smyckeskrin, smyckesbox med 2 niv\u00e5er, glaslock, f\u00f6r ringar, \u00f6rh\u00e4ngen, halsband, armband, smyckesf\u00f6rvaring, vit JOW017W01<\/p>\n","protected":false},"featured_media":41047,"comment_status":"open","ping_status":"closed","template":"","meta":[],"product_brand":[],"product_cat":[33],"product_tag":[],"class_list":{"0":"post-12840","1":"product","2":"type-product","3":"status-publish","4":"has-post-thumbnail","6":"product_cat-okategoriserad","8":"first","9":"instock","10":"shipping-taxable","11":"purchasable","12":"product-type-simple"},"_links":{"self":[{"href":"https:\/\/nordicmart.andreevmaster.com\/sv\/wp-json\/wp\/v2\/product\/12840","targetHints":{"allow":["GET"]}}],"collection":[{"href":"https:\/\/nordicmart.andreevmaster.com\/sv\/wp-json\/wp\/v2\/product"}],"about":[{"href":"https:\/\/nordicmart.andreevmaster.com\/sv\/wp-json\/wp\/v2\/types\/product"}],"replies":[{"embeddable":true,"href":"https:\/\/nordicmart.andreevmaster.com\/sv\/wp-json\/wp\/v2\/comments?post=12840"}],"wp:featuredmedia":[{"embeddable":true,"href":"https:\/\/nordicmart.andreevmaster.com\/sv\/wp-json\/wp\/v2\/media\/41047"}],"wp:attachment":[{"href":"https:\/\/nordicmart.andreevmaster.com\/sv\/wp-json\/wp\/v2\/media?parent=12840"}],"wp:term":[{"taxonomy":"product_brand","embeddable":true,"href":"https:\/\/nordicmart.andreevmaster.com\/sv\/wp-json\/wp\/v2\/product_brand?post=12840"},{"taxonomy":"product_cat","embeddable":true,"href":"https:\/\/nordicmart.andreevmaster.com\/sv\/wp-json\/wp\/v2\/product_cat?post=12840"},{"taxonomy":"product_tag","embeddable":true,"href":"https:\/\/nordicmart.andreevmaster.com\/sv\/wp-json\/wp\/v2\/product_tag?post=12840"}],"curies":[{"name":"wp","href":"https:\/\/api.w.org\/{rel}","templated":true}]}}