{"id":12838,"date":"2026-02-27T00:15:32","date_gmt":"2026-02-27T00:15:32","guid":{"rendered":"https:\/\/nordicmart.andreevmaster.com\/product\/songmics-klockbox-12-fack-med-fonster-presentide-kaffebrun\/"},"modified":"2026-02-27T08:09:18","modified_gmt":"2026-02-27T08:09:18","slug":"songmics-klockbox-12-fack-med-fonster-presentide-kaffebrun","status":"publish","type":"product","link":"https:\/\/nordicmart.andreevmaster.com\/sv\/produkt\/songmics-klockbox-12-fack-med-fonster-presentide-kaffebrun\/","title":{"rendered":"SONGMICS klockbox 12 fack med f\u00f6nster Presentid\u00e9 kaffebrun"},"content":{"rendered":"<p>SONGMICS klockbox med 12 fack, klockl\u00e5da med f\u00f6nster, klockpresentation, yta med tr\u00e4m\u00f6nster, sammetfoder, vertikal f\u00f6rvaring, platsbesparande<br \/>\nF\u00e4rg: kaffebrun<br \/>\nMaterial: MDF (medeldensitetsfiberplatta), sammet, akryl<br \/>\nStorlek: 15 x 29,5 x 32,5 cm (D x B x H)<br \/>\nVikt: 3,4 kg<\/p>\n","protected":false},"excerpt":{"rendered":"<p>SONGMICS klockbox med 12 fack, klockl\u00e5da med f\u00f6nster, klockpresentation, yta med tr\u00e4m\u00f6nster, sammetfoder, vertikal f\u00f6rvaring, platsbesparande<\/p>\n","protected":false},"featured_media":41045,"comment_status":"open","ping_status":"closed","template":"","meta":[],"product_brand":[],"product_cat":[33],"product_tag":[],"class_list":{"0":"post-12838","1":"product","2":"type-product","3":"status-publish","4":"has-post-thumbnail","6":"product_cat-okategoriserad","8":"first","9":"instock","10":"shipping-taxable","11":"purchasable","12":"product-type-simple"},"_links":{"self":[{"href":"https:\/\/nordicmart.andreevmaster.com\/sv\/wp-json\/wp\/v2\/product\/12838","targetHints":{"allow":["GET"]}}],"collection":[{"href":"https:\/\/nordicmart.andreevmaster.com\/sv\/wp-json\/wp\/v2\/product"}],"about":[{"href":"https:\/\/nordicmart.andreevmaster.com\/sv\/wp-json\/wp\/v2\/types\/product"}],"replies":[{"embeddable":true,"href":"https:\/\/nordicmart.andreevmaster.com\/sv\/wp-json\/wp\/v2\/comments?post=12838"}],"wp:featuredmedia":[{"embeddable":true,"href":"https:\/\/nordicmart.andreevmaster.com\/sv\/wp-json\/wp\/v2\/media\/41045"}],"wp:attachment":[{"href":"https:\/\/nordicmart.andreevmaster.com\/sv\/wp-json\/wp\/v2\/media?parent=12838"}],"wp:term":[{"taxonomy":"product_brand","embeddable":true,"href":"https:\/\/nordicmart.andreevmaster.com\/sv\/wp-json\/wp\/v2\/product_brand?post=12838"},{"taxonomy":"product_cat","embeddable":true,"href":"https:\/\/nordicmart.andreevmaster.com\/sv\/wp-json\/wp\/v2\/product_cat?post=12838"},{"taxonomy":"product_tag","embeddable":true,"href":"https:\/\/nordicmart.andreevmaster.com\/sv\/wp-json\/wp\/v2\/product_tag?post=12838"}],"curies":[{"name":"wp","href":"https:\/\/api.w.org\/{rel}","templated":true}]}}