{"id":12836,"date":"2026-02-27T00:15:31","date_gmt":"2026-02-27T00:15:31","guid":{"rendered":"https:\/\/nordicmart.andreevmaster.com\/product\/songmics-klockbox-med-12-fack-i-massivt-tra-valnotsfargad\/"},"modified":"2026-02-27T08:09:18","modified_gmt":"2026-02-27T08:09:18","slug":"songmics-klockbox-med-12-fack-i-massivt-tra-valnotsfargad","status":"publish","type":"product","link":"https:\/\/nordicmart.andreevmaster.com\/sv\/produkt\/songmics-klockbox-med-12-fack-i-massivt-tra-valnotsfargad\/","title":{"rendered":"SONGMICS klockbox med 12 fack i massivt tr\u00e4, valn\u00f6tsf\u00e4rgad"},"content":{"rendered":"<p>SONGMICS klockbox med 8 fack, klockl\u00e5da i massivt tr\u00e4, med glaslock, f\u00f6r ringar, armband och halsband, jul, valn\u00f6tsf\u00e4rgad JOW008K01<\/p>\n","protected":false},"excerpt":{"rendered":"<p>SONGMICS klockbox med 8 fack, klockl\u00e5da i massivt tr\u00e4, med glaslock, f\u00f6r ringar, armband och halsband, jul, valn\u00f6tsf\u00e4rgad JOW008K01<\/p>\n","protected":false},"featured_media":41043,"comment_status":"open","ping_status":"closed","template":"","meta":[],"product_brand":[],"product_cat":[33],"product_tag":[],"class_list":{"0":"post-12836","1":"product","2":"type-product","3":"status-publish","4":"has-post-thumbnail","6":"product_cat-okategoriserad","8":"first","9":"instock","10":"shipping-taxable","11":"purchasable","12":"product-type-simple"},"_links":{"self":[{"href":"https:\/\/nordicmart.andreevmaster.com\/sv\/wp-json\/wp\/v2\/product\/12836","targetHints":{"allow":["GET"]}}],"collection":[{"href":"https:\/\/nordicmart.andreevmaster.com\/sv\/wp-json\/wp\/v2\/product"}],"about":[{"href":"https:\/\/nordicmart.andreevmaster.com\/sv\/wp-json\/wp\/v2\/types\/product"}],"replies":[{"embeddable":true,"href":"https:\/\/nordicmart.andreevmaster.com\/sv\/wp-json\/wp\/v2\/comments?post=12836"}],"wp:featuredmedia":[{"embeddable":true,"href":"https:\/\/nordicmart.andreevmaster.com\/sv\/wp-json\/wp\/v2\/media\/41043"}],"wp:attachment":[{"href":"https:\/\/nordicmart.andreevmaster.com\/sv\/wp-json\/wp\/v2\/media?parent=12836"}],"wp:term":[{"taxonomy":"product_brand","embeddable":true,"href":"https:\/\/nordicmart.andreevmaster.com\/sv\/wp-json\/wp\/v2\/product_brand?post=12836"},{"taxonomy":"product_cat","embeddable":true,"href":"https:\/\/nordicmart.andreevmaster.com\/sv\/wp-json\/wp\/v2\/product_cat?post=12836"},{"taxonomy":"product_tag","embeddable":true,"href":"https:\/\/nordicmart.andreevmaster.com\/sv\/wp-json\/wp\/v2\/product_tag?post=12836"}],"curies":[{"name":"wp","href":"https:\/\/api.w.org\/{rel}","templated":true}]}}