{"id":12832,"date":"2026-02-27T00:15:30","date_gmt":"2026-02-27T00:15:30","guid":{"rendered":"https:\/\/nordicmart.andreevmaster.com\/product\/songmics-klockbox-med-8-fack-och-glaslock-black-svart\/"},"modified":"2026-02-27T08:09:17","modified_gmt":"2026-02-27T08:09:17","slug":"songmics-klockbox-med-8-fack-och-glaslock-black-svart","status":"publish","type":"product","link":"https:\/\/nordicmart.andreevmaster.com\/sv\/produkt\/songmics-klockbox-med-8-fack-och-glaslock-black-svart\/","title":{"rendered":"SONGMICS klockbox med 8 fack och glaslock, bl\u00e4ck svart"},"content":{"rendered":"<p>SONGMICS klockbox med 8 fack, klockl\u00e5da i massivt tr\u00e4, med glaslock, f\u00f6r ringar, armband och halsband, jul, valn\u00f6tsf\u00e4rgad JOW008K01<br \/>\nF\u00e4rg: Bl\u00e4ksvart<br \/>\nMaterial: Paulownia-tr\u00e4, sammet, glas<br \/>\nStorlek: 19 x 27 x 12,5 cm (D x B x H)<br \/>\nVikt: 1,3 kg<\/p>\n","protected":false},"excerpt":{"rendered":"<p>SONGMICS klockbox med 8 fack, klockl\u00e5da i massivt tr\u00e4, med glaslock, f\u00f6r ringar, armband och halsband, jul, valn\u00f6tsf\u00e4rgad JOW008K01<\/p>\n","protected":false},"featured_media":41039,"comment_status":"open","ping_status":"closed","template":"","meta":[],"product_brand":[],"product_cat":[33],"product_tag":[],"class_list":{"0":"post-12832","1":"product","2":"type-product","3":"status-publish","4":"has-post-thumbnail","6":"product_cat-okategoriserad","8":"first","9":"instock","10":"shipping-taxable","11":"purchasable","12":"product-type-simple"},"_links":{"self":[{"href":"https:\/\/nordicmart.andreevmaster.com\/sv\/wp-json\/wp\/v2\/product\/12832","targetHints":{"allow":["GET"]}}],"collection":[{"href":"https:\/\/nordicmart.andreevmaster.com\/sv\/wp-json\/wp\/v2\/product"}],"about":[{"href":"https:\/\/nordicmart.andreevmaster.com\/sv\/wp-json\/wp\/v2\/types\/product"}],"replies":[{"embeddable":true,"href":"https:\/\/nordicmart.andreevmaster.com\/sv\/wp-json\/wp\/v2\/comments?post=12832"}],"wp:featuredmedia":[{"embeddable":true,"href":"https:\/\/nordicmart.andreevmaster.com\/sv\/wp-json\/wp\/v2\/media\/41039"}],"wp:attachment":[{"href":"https:\/\/nordicmart.andreevmaster.com\/sv\/wp-json\/wp\/v2\/media?parent=12832"}],"wp:term":[{"taxonomy":"product_brand","embeddable":true,"href":"https:\/\/nordicmart.andreevmaster.com\/sv\/wp-json\/wp\/v2\/product_brand?post=12832"},{"taxonomy":"product_cat","embeddable":true,"href":"https:\/\/nordicmart.andreevmaster.com\/sv\/wp-json\/wp\/v2\/product_cat?post=12832"},{"taxonomy":"product_tag","embeddable":true,"href":"https:\/\/nordicmart.andreevmaster.com\/sv\/wp-json\/wp\/v2\/product_tag?post=12832"}],"curies":[{"name":"wp","href":"https:\/\/api.w.org\/{rel}","templated":true}]}}