{"id":12830,"date":"2026-02-27T00:15:30","date_gmt":"2026-02-27T00:15:30","guid":{"rendered":"https:\/\/nordicmart.andreevmaster.com\/product\/songmics-klockbox-2-nivaer-med-7-klockkuddar-presentide-kaffebrun\/"},"modified":"2026-02-27T08:09:17","modified_gmt":"2026-02-27T08:09:17","slug":"songmics-klockbox-2-nivaer-med-7-klockkuddar-presentide-kaffebrun","status":"publish","type":"product","link":"https:\/\/nordicmart.andreevmaster.com\/sv\/produkt\/songmics-klockbox-2-nivaer-med-7-klockkuddar-presentide-kaffebrun\/","title":{"rendered":"SONGMICS klockbox 2 niv\u00e5er med 7 klockkuddar Presentid\u00e9 kaffebrun"},"content":{"rendered":"<p>SONGMICS klockbox 2 niv\u00e5er, klockl\u00e5da med akryllock, klockv\u00e4ska med 7 klockkuddar, 1 l\u00e5da, sammetfoder, presentid\u00e9, till din \u00e4lskade<br \/>\nF\u00e4rg: Kaffebrun<br \/>\nMaterial: Massivt tr\u00e4, akryl, MDF (medeldensitetsfiberplatta)<br \/>\nStorlek: 18 x 35,2 x 16 cm (D x B x H)<br \/>\nVikt: 3 kg<\/p>\n","protected":false},"excerpt":{"rendered":"<p>SONGMICS klockbox 2 niv\u00e5er, klockl\u00e5da med akryllock, klockv\u00e4ska med 7 klockkuddar, 1 l\u00e5da, sammetfoder, presentid\u00e9, till din \u00e4lskade<\/p>\n","protected":false},"featured_media":41037,"comment_status":"open","ping_status":"closed","template":"","meta":[],"product_brand":[],"product_cat":[33],"product_tag":[],"class_list":{"0":"post-12830","1":"product","2":"type-product","3":"status-publish","4":"has-post-thumbnail","6":"product_cat-okategoriserad","8":"first","9":"instock","10":"shipping-taxable","11":"purchasable","12":"product-type-simple"},"_links":{"self":[{"href":"https:\/\/nordicmart.andreevmaster.com\/sv\/wp-json\/wp\/v2\/product\/12830","targetHints":{"allow":["GET"]}}],"collection":[{"href":"https:\/\/nordicmart.andreevmaster.com\/sv\/wp-json\/wp\/v2\/product"}],"about":[{"href":"https:\/\/nordicmart.andreevmaster.com\/sv\/wp-json\/wp\/v2\/types\/product"}],"replies":[{"embeddable":true,"href":"https:\/\/nordicmart.andreevmaster.com\/sv\/wp-json\/wp\/v2\/comments?post=12830"}],"wp:featuredmedia":[{"embeddable":true,"href":"https:\/\/nordicmart.andreevmaster.com\/sv\/wp-json\/wp\/v2\/media\/41037"}],"wp:attachment":[{"href":"https:\/\/nordicmart.andreevmaster.com\/sv\/wp-json\/wp\/v2\/media?parent=12830"}],"wp:term":[{"taxonomy":"product_brand","embeddable":true,"href":"https:\/\/nordicmart.andreevmaster.com\/sv\/wp-json\/wp\/v2\/product_brand?post=12830"},{"taxonomy":"product_cat","embeddable":true,"href":"https:\/\/nordicmart.andreevmaster.com\/sv\/wp-json\/wp\/v2\/product_cat?post=12830"},{"taxonomy":"product_tag","embeddable":true,"href":"https:\/\/nordicmart.andreevmaster.com\/sv\/wp-json\/wp\/v2\/product_tag?post=12830"}],"curies":[{"name":"wp","href":"https:\/\/api.w.org\/{rel}","templated":true}]}}