{"id":12827,"date":"2026-02-27T00:15:29","date_gmt":"2026-02-27T00:15:29","guid":{"rendered":"https:\/\/nordicmart.andreevmaster.com\/product\/songmics-sminkorganiserare-med-5-lador\/"},"modified":"2026-02-27T08:09:17","modified_gmt":"2026-02-27T08:09:17","slug":"songmics-sminkorganiserare-med-5-lador","status":"publish","type":"product","link":"https:\/\/nordicmart.andreevmaster.com\/sv\/produkt\/songmics-sminkorganiserare-med-5-lador\/","title":{"rendered":"SONGMICS sminkorganiserare med 5 l\u00e5dor"},"content":{"rendered":"<p>Utformad f\u00f6r ordentlig f\u00f6rvaring Oavsett om du \u00e4r professionell makeupartist eller vanlig sminkfantast \u00e4r denna f\u00f6rvaringsl\u00e5da ett perfekt val!  Om du har en stor m\u00e4ngd kosmetika och inte vill ha dem utspridda \u00f6verallt \u00e4r det viktigaste f\u00f6r dig att: ST\u00c4DA UPP.  Hur f\u00f6rvarar du din smink p\u00e5 r\u00e4tt s\u00e4tt?  F\u00f6rvara din smink sorterad: t.ex. alla kosmetiska produkter f\u00f6r \u00f6gonomr\u00e5det p\u00e5 ett st\u00e4lle, sedan f\u00f6r huden, f\u00f6r l\u00e4pparna, f\u00f6r naglarna etc.  K\u00f6per du nya sminkprodukter? Som de nya l\u00e4ppstiften som nyligen kommit ut p\u00e5 marknaden.  Men du hittar ingen l\u00e4mplig plats f\u00f6r dem och m\u00e5ste l\u00e5ta dem ligga p\u00e5 bordet tillsammans med andra gamla mascaror, \u00f6gonskuggor etc. SONGMICS-organisatorn hj\u00e4lper dig att sortera och st\u00e4da upp all din smink, s\u00e5 att du alltid snabbt kan komma \u00e5t de saker du beh\u00f6ver!  V\u00e4nta inte l\u00e4ngre och k\u00f6p nu setet med 2 stapelbara f\u00f6rvaringsl\u00e5dor!  Vi erbjuder dig utm\u00e4rkt kundservice b\u00e5de f\u00f6re och efter best\u00e4llningen. Vi svarar p\u00e5 e-post inom 24 timmar. Din tillfredsst\u00e4llelse \u00e4r alltid v\u00e5r uppgift, det garanterar vi! Produktdetaljer: &#8211; F\u00e4rg: transparent &#8211; Material: polystyren &#8211; M\u00e5tt: 24 x 22 x 13,5 cm (B x H x D) &#8211; Vikt: 1,9 kg Leveransomfattning:- 1 x sminkf\u00f6rvaring SONGMICS Anm\u00e4rkningar: &#8211; Var f\u00f6rsiktig vid anv\u00e4ndning f\u00f6r att undvika repor eller skador p\u00e5 produkten. &#8211; Torka av med en fuktig trasa f\u00f6r daglig sk\u00f6tsel. &#8211; Kontrollera produktens storlek f\u00f6re k\u00f6p.<\/p>\n","protected":false},"excerpt":{"rendered":"<p>SONGMICS sminkf\u00f6rvaring, 2 stapelbara f\u00f6rvaringsl\u00e5dor f\u00f6r smycken och kosmetika, med 5 l\u00e5dor, av plast, valentinsdagpresent till henne, transparent JMU32TP<\/p>\n","protected":false},"featured_media":41034,"comment_status":"open","ping_status":"closed","template":"","meta":[],"product_brand":[],"product_cat":[33],"product_tag":[],"class_list":{"0":"post-12827","1":"product","2":"type-product","3":"status-publish","4":"has-post-thumbnail","6":"product_cat-okategoriserad","8":"first","9":"instock","10":"shipping-taxable","11":"purchasable","12":"product-type-simple"},"_links":{"self":[{"href":"https:\/\/nordicmart.andreevmaster.com\/sv\/wp-json\/wp\/v2\/product\/12827","targetHints":{"allow":["GET"]}}],"collection":[{"href":"https:\/\/nordicmart.andreevmaster.com\/sv\/wp-json\/wp\/v2\/product"}],"about":[{"href":"https:\/\/nordicmart.andreevmaster.com\/sv\/wp-json\/wp\/v2\/types\/product"}],"replies":[{"embeddable":true,"href":"https:\/\/nordicmart.andreevmaster.com\/sv\/wp-json\/wp\/v2\/comments?post=12827"}],"wp:featuredmedia":[{"embeddable":true,"href":"https:\/\/nordicmart.andreevmaster.com\/sv\/wp-json\/wp\/v2\/media\/41034"}],"wp:attachment":[{"href":"https:\/\/nordicmart.andreevmaster.com\/sv\/wp-json\/wp\/v2\/media?parent=12827"}],"wp:term":[{"taxonomy":"product_brand","embeddable":true,"href":"https:\/\/nordicmart.andreevmaster.com\/sv\/wp-json\/wp\/v2\/product_brand?post=12827"},{"taxonomy":"product_cat","embeddable":true,"href":"https:\/\/nordicmart.andreevmaster.com\/sv\/wp-json\/wp\/v2\/product_cat?post=12827"},{"taxonomy":"product_tag","embeddable":true,"href":"https:\/\/nordicmart.andreevmaster.com\/sv\/wp-json\/wp\/v2\/product_tag?post=12827"}],"curies":[{"name":"wp","href":"https:\/\/api.w.org\/{rel}","templated":true}]}}