{"id":12826,"date":"2026-02-27T00:15:29","date_gmt":"2026-02-27T00:15:29","guid":{"rendered":"https:\/\/nordicmart.andreevmaster.com\/product\/songmics-flexibel-sminkorganiserare-i-akryl\/"},"modified":"2026-02-27T08:09:16","modified_gmt":"2026-02-27T08:09:16","slug":"songmics-flexibel-sminkorganiserare-i-akryl","status":"publish","type":"product","link":"https:\/\/nordicmart.andreevmaster.com\/sv\/produkt\/songmics-flexibel-sminkorganiserare-i-akryl\/","title":{"rendered":"SONGMICS Flexibel sminkorganiserare i akryl"},"content":{"rendered":"<p>Ligger det prylar \u00f6verallt p\u00e5 sminkbordet eller i l\u00e5dorna? Och hittar du aldrig r\u00e4tt saker n\u00e4r du beh\u00f6ver dem? D\u00e5 \u00e4r denna transparenta kosmetikorganiserare i akryl perfekt f\u00f6r dig! Allt p\u00e5 ett st\u00e4lle, en ren fr\u00f6jd f\u00f6r \u00f6gat Med 7 justerbara hyllor erbjuder SONGMICS-organiseraren plats f\u00f6r all din smink. Dessutom kan du ocks\u00e5 st\u00e4da undan sm\u00e5 kontorsprylar p\u00e5 nolltid. Ett riktigt blickf\u00e5ng p\u00e5 bordet eller i badrummet. Materialet akryl ger intryck av kristallglas och ger b\u00e4ttre \u00f6versikt, elegant och praktiskt. Tack vare den transparenta designen passar organisat\u00f6ren in i alla heminredningar och kan placeras var som helst, till exempel p\u00e5 kontoret, i badrummet, vardagsrummet, barnrummet etc.SONGMICS genomskinliga organizer, en anv\u00e4ndbar liten hj\u00e4lpreda f\u00f6r vardagen. Produktdetaljer: &#8211; F\u00e4rg: transparent &#8211; Material: akryl &#8211; M\u00e5tt: 23,5 x 24,5 x 7 cm (B x H x D) &#8211; Vikt: 0,95 kg Leveransomfattning: &#8211; 1 x kosmetikorganizer<\/p>\n","protected":false},"excerpt":{"rendered":"<p>SONGMICS sminkf\u00f6rvaring, med 7 justerbara hyllor, f\u00f6r paletter, \u00f6gonskugga, puderburkar, rouge, f\u00f6r sminkbord, akryl, transparent, JMU02TP<\/p>\n","protected":false},"featured_media":41033,"comment_status":"open","ping_status":"closed","template":"","meta":[],"product_brand":[],"product_cat":[33],"product_tag":[],"class_list":{"0":"post-12826","1":"product","2":"type-product","3":"status-publish","4":"has-post-thumbnail","6":"product_cat-okategoriserad","8":"first","9":"instock","10":"shipping-taxable","11":"purchasable","12":"product-type-simple"},"_links":{"self":[{"href":"https:\/\/nordicmart.andreevmaster.com\/sv\/wp-json\/wp\/v2\/product\/12826","targetHints":{"allow":["GET"]}}],"collection":[{"href":"https:\/\/nordicmart.andreevmaster.com\/sv\/wp-json\/wp\/v2\/product"}],"about":[{"href":"https:\/\/nordicmart.andreevmaster.com\/sv\/wp-json\/wp\/v2\/types\/product"}],"replies":[{"embeddable":true,"href":"https:\/\/nordicmart.andreevmaster.com\/sv\/wp-json\/wp\/v2\/comments?post=12826"}],"wp:featuredmedia":[{"embeddable":true,"href":"https:\/\/nordicmart.andreevmaster.com\/sv\/wp-json\/wp\/v2\/media\/41033"}],"wp:attachment":[{"href":"https:\/\/nordicmart.andreevmaster.com\/sv\/wp-json\/wp\/v2\/media?parent=12826"}],"wp:term":[{"taxonomy":"product_brand","embeddable":true,"href":"https:\/\/nordicmart.andreevmaster.com\/sv\/wp-json\/wp\/v2\/product_brand?post=12826"},{"taxonomy":"product_cat","embeddable":true,"href":"https:\/\/nordicmart.andreevmaster.com\/sv\/wp-json\/wp\/v2\/product_cat?post=12826"},{"taxonomy":"product_tag","embeddable":true,"href":"https:\/\/nordicmart.andreevmaster.com\/sv\/wp-json\/wp\/v2\/product_tag?post=12826"}],"curies":[{"name":"wp","href":"https:\/\/api.w.org\/{rel}","templated":true}]}}