{"id":12822,"date":"2026-02-27T00:15:28","date_gmt":"2026-02-27T00:15:28","guid":{"rendered":"https:\/\/nordicmart.andreevmaster.com\/product\/songmics-smyckeskrin-med-musik-och-spegel-rosa\/"},"modified":"2026-02-27T08:09:16","modified_gmt":"2026-02-27T08:09:16","slug":"songmics-smyckeskrin-med-musik-och-spegel-rosa","status":"publish","type":"product","link":"https:\/\/nordicmart.andreevmaster.com\/sv\/produkt\/songmics-smyckeskrin-med-musik-och-spegel-rosa\/","title":{"rendered":"SONGMICS smyckeskrin med musik och spegel, rosa"},"content":{"rendered":"<p>Fantasin har inga gr\u00e4nser: V\u00e5r speldosa ska gl\u00e4dja b\u00e5de barn och f\u00f6r\u00e4ldrar. Ballerinan f\u00f6rflyttar dina barn till en f\u00f6rtrollad sagov\u00e4rld d\u00e4r fantasin inte har n\u00e5gra gr\u00e4nser. Speldosan kan ocks\u00e5 anv\u00e4ndas f\u00f6r att f\u00f6rvara barnens skatter och smycken och blir en av de vackraste g\u00e5vorna i deras barndom.&nbsp;Produktdetaljer:- F\u00e4rg: Rosa &#8211; Material: MDF (medeldensitetsfiberplatta), dekorpapper, sammet, ABS-spegel &#8211; Storlek: 14,8 x 10,6 x 8,5 cm (L x B x H) &#8211; Vikt: 0,3 kg &#8211; Melodi: Brahms Lullaby Leveransomfattning: &#8211; 1 x speldosa SONGMICS Anvisningar:- Dra endast upp speldosan till stopp. &#8211; H\u00e5ll denna produkt borta fr\u00e5n vassa eller skarpa f\u00f6rem\u00e5l. &#8211; Uts\u00e4tt inte denna produkt f\u00f6r starkt solljus eller fukt under l\u00e4ngre tid.<\/p>\n","protected":false},"excerpt":{"rendered":"<p>SONGMICS speldosa, smyckeskrin, 14,8 x 10,6 x 8,5 cm<\/p>\n","protected":false},"featured_media":41029,"comment_status":"open","ping_status":"closed","template":"","meta":[],"product_brand":[],"product_cat":[33],"product_tag":[],"class_list":{"0":"post-12822","1":"product","2":"type-product","3":"status-publish","4":"has-post-thumbnail","6":"product_cat-okategoriserad","8":"first","9":"instock","10":"shipping-taxable","11":"purchasable","12":"product-type-simple"},"_links":{"self":[{"href":"https:\/\/nordicmart.andreevmaster.com\/sv\/wp-json\/wp\/v2\/product\/12822","targetHints":{"allow":["GET"]}}],"collection":[{"href":"https:\/\/nordicmart.andreevmaster.com\/sv\/wp-json\/wp\/v2\/product"}],"about":[{"href":"https:\/\/nordicmart.andreevmaster.com\/sv\/wp-json\/wp\/v2\/types\/product"}],"replies":[{"embeddable":true,"href":"https:\/\/nordicmart.andreevmaster.com\/sv\/wp-json\/wp\/v2\/comments?post=12822"}],"wp:featuredmedia":[{"embeddable":true,"href":"https:\/\/nordicmart.andreevmaster.com\/sv\/wp-json\/wp\/v2\/media\/41029"}],"wp:attachment":[{"href":"https:\/\/nordicmart.andreevmaster.com\/sv\/wp-json\/wp\/v2\/media?parent=12822"}],"wp:term":[{"taxonomy":"product_brand","embeddable":true,"href":"https:\/\/nordicmart.andreevmaster.com\/sv\/wp-json\/wp\/v2\/product_brand?post=12822"},{"taxonomy":"product_cat","embeddable":true,"href":"https:\/\/nordicmart.andreevmaster.com\/sv\/wp-json\/wp\/v2\/product_cat?post=12822"},{"taxonomy":"product_tag","embeddable":true,"href":"https:\/\/nordicmart.andreevmaster.com\/sv\/wp-json\/wp\/v2\/product_tag?post=12822"}],"curies":[{"name":"wp","href":"https:\/\/api.w.org\/{rel}","templated":true}]}}