{"id":12821,"date":"2026-02-27T00:15:28","date_gmt":"2026-02-27T00:15:28","guid":{"rendered":"https:\/\/nordicmart.andreevmaster.com\/product\/songmics-smyckeskrin-for-barn-rosa\/"},"modified":"2026-02-27T08:09:16","modified_gmt":"2026-02-27T08:09:16","slug":"songmics-smyckeskrin-for-barn-rosa","status":"publish","type":"product","link":"https:\/\/nordicmart.andreevmaster.com\/sv\/produkt\/songmics-smyckeskrin-for-barn-rosa\/","title":{"rendered":"SONGMICS smyckeskrin f\u00f6r barn, rosa"},"content":{"rendered":"<p>S\u00f6ta barndomsminnen: Vi har alla vissa f\u00f6rem\u00e5l som v\u00e4cker barndomsminnen och k\u00e4nslor av nostalgi. F\u00f6r din dotter eller barnbarn kan ett s\u00e5dant f\u00f6rem\u00e5l vara denna f\u00f6rtrollande speldosa. Se hur din lilla \u00e4lskling&#8230; f\u00f6rundras \u00f6ver den dansande ballerinan&#8230; glatt g\u00f6mmer sina smycken i l\u00e5dan&#8230; \u00e4r lycklig \u00f6ver att ha s\u00e5 m\u00e5nga v\u00e4rdefulla minnen i smyckeskrinet.F\u00f6rvara minnena v\u00e4l skyddade: Det stabila MDF-h\u00f6ljet, den h\u00f6gkvalitativa musikmekanismen, de h\u00e5llbara g\u00e5ngj\u00e4rnen, vridnyckeln, den eleganta ABS-spegeln och den mjuka sammetskl\u00e4dseln garanterar att alla din prinsessas skatter kan f\u00f6rvaras s\u00e4kert och v\u00e4l skyddade i denna skrin. Produktdetaljer: &#8211; F\u00e4rg: Rosa &#8211; Material: MDF (medeldensitetsfiberplatta), klisterm\u00e4rken, dekorpapper, sammet, ABS-spegel &#8211; Storlek: 14,8 x 10,6 x 8,5 cm (L x B x H) &#8211; Vikt: 310 g &#8211; Melodi: Svansj\u00f6n Leveransomfattning:- 1 x smyckeskrin med ballerina SONGMICS Anvisningar: &#8211; Dra endast upp speldosan till stopp. &#8211; H\u00e5ll denna produkt borta fr\u00e5n vassa eller skarpa f\u00f6rem\u00e5l. &#8211; Uts\u00e4tt inte denna produkt f\u00f6r starkt solljus eller fukt under l\u00e4ngre tid.<\/p>\n","protected":false},"excerpt":{"rendered":"<p>SONGMICS smyckeskrin f\u00f6r barn, ballerina speldosa, musikdosa, musikbox, ballerina-motiv, stort fack, med spegel, melodi fr\u00e5n Svansj\u00f6n, present, rosa JMC019PK<\/p>\n","protected":false},"featured_media":41028,"comment_status":"open","ping_status":"closed","template":"","meta":[],"product_brand":[],"product_cat":[33],"product_tag":[],"class_list":{"0":"post-12821","1":"product","2":"type-product","3":"status-publish","4":"has-post-thumbnail","6":"product_cat-okategoriserad","8":"first","9":"instock","10":"shipping-taxable","11":"purchasable","12":"product-type-simple"},"_links":{"self":[{"href":"https:\/\/nordicmart.andreevmaster.com\/sv\/wp-json\/wp\/v2\/product\/12821","targetHints":{"allow":["GET"]}}],"collection":[{"href":"https:\/\/nordicmart.andreevmaster.com\/sv\/wp-json\/wp\/v2\/product"}],"about":[{"href":"https:\/\/nordicmart.andreevmaster.com\/sv\/wp-json\/wp\/v2\/types\/product"}],"replies":[{"embeddable":true,"href":"https:\/\/nordicmart.andreevmaster.com\/sv\/wp-json\/wp\/v2\/comments?post=12821"}],"wp:featuredmedia":[{"embeddable":true,"href":"https:\/\/nordicmart.andreevmaster.com\/sv\/wp-json\/wp\/v2\/media\/41028"}],"wp:attachment":[{"href":"https:\/\/nordicmart.andreevmaster.com\/sv\/wp-json\/wp\/v2\/media?parent=12821"}],"wp:term":[{"taxonomy":"product_brand","embeddable":true,"href":"https:\/\/nordicmart.andreevmaster.com\/sv\/wp-json\/wp\/v2\/product_brand?post=12821"},{"taxonomy":"product_cat","embeddable":true,"href":"https:\/\/nordicmart.andreevmaster.com\/sv\/wp-json\/wp\/v2\/product_cat?post=12821"},{"taxonomy":"product_tag","embeddable":true,"href":"https:\/\/nordicmart.andreevmaster.com\/sv\/wp-json\/wp\/v2\/product_tag?post=12821"}],"curies":[{"name":"wp","href":"https:\/\/api.w.org\/{rel}","templated":true}]}}